{"id":214858,"date":"2025-12-26T20:11:17","date_gmt":"2025-12-26T17:11:17","guid":{"rendered":"https:\/\/baldumarket.lt\/?post_type=product&#038;p=214858"},"modified":"2026-02-03T23:14:48","modified_gmt":"2026-02-03T20:14:48","slug":"lozko-kontynentalne-ambra-200x200-tapicerowane-materace-topper-pojemnik","status":"publish","type":"product","link":"https:\/\/baldumarket.lt\/lt\/product\/lozko-kontynentalne-ambra-200x200-tapicerowane-materace-topper-pojemnik\/","title":{"rendered":"Ambra kontinentin\u0117 lova 200&#215;200, mink\u0161ta, \u010diu\u017einiai, \u010diu\u017einys su u\u017etiesalu, konteineris"},"content":{"rendered":"<p>\u201eAmbra\u201c 200\u00d7200 cm kontinentin\u0117 lova \u2013 idealus pasirinkimas tiems, kurie vertina erdvum\u0105, komfort\u0105 ir nesenstant\u012f stili\u0173. Lenk\u0173 gamintojo \u201eGruszka Meble\u201c sukurtas modelis i\u0161siskiria eleganti\u0161ka i\u0161vaizda, gerai apgalvotu dizainu ir auk\u0161tos kokyb\u0117s meistri\u0161kumu. Jis puikiai tiks tiek moderniame, tiek prabangiame, bohemi\u0161kame ir klasikiniame interjere.<\/p>","protected":false},"excerpt":{"rendered":"<p>Plotis: 204 cm<br \/>\nIlgis: 206 cm<br \/>\n\u016agis: 136 cm<br \/>\nMiegamasis plotas: 200 \u00d7 200 cm<br \/>\nMiegojimo auk\u0161tis: 63 cm<\/p>","protected":false},"featured_media":214962,"comment_status":"open","ping_status":"closed","template":"","meta":[],"product_brand":[],"product_cat":[505,9143,514,7271],"product_tag":[],"class_list":{"0":"post-214858","1":"product","2":"type-product","3":"status-publish","4":"has-post-thumbnail","6":"product_cat-bedroom-beds","7":"product_cat-beds-200x200","8":"product_cat-continental-beds","9":"product_cat-meble-gruszka","11":"first","12":"instock","13":"shipping-taxable","14":"purchasable","15":"product-type-variable","16":"wvs-archive-product-wrapper"},"_links":{"self":[{"href":"https:\/\/baldumarket.lt\/lt\/wp-json\/wp\/v2\/product\/214858","targetHints":{"allow":["GET"]}}],"collection":[{"href":"https:\/\/baldumarket.lt\/lt\/wp-json\/wp\/v2\/product"}],"about":[{"href":"https:\/\/baldumarket.lt\/lt\/wp-json\/wp\/v2\/types\/product"}],"replies":[{"embeddable":true,"href":"https:\/\/baldumarket.lt\/lt\/wp-json\/wp\/v2\/comments?post=214858"}],"wp:featuredmedia":[{"embeddable":true,"href":"https:\/\/baldumarket.lt\/lt\/wp-json\/wp\/v2\/media\/214962"}],"wp:attachment":[{"href":"https:\/\/baldumarket.lt\/lt\/wp-json\/wp\/v2\/media?parent=214858"}],"wp:term":[{"taxonomy":"product_brand","embeddable":true,"href":"https:\/\/baldumarket.lt\/lt\/wp-json\/wp\/v2\/product_brand?post=214858"},{"taxonomy":"product_cat","embeddable":true,"href":"https:\/\/baldumarket.lt\/lt\/wp-json\/wp\/v2\/product_cat?post=214858"},{"taxonomy":"product_tag","embeddable":true,"href":"https:\/\/baldumarket.lt\/lt\/wp-json\/wp\/v2\/product_tag?post=214858"}],"curies":[{"name":"wp","href":"https:\/\/api.w.org\/{rel}","templated":true}]}}