{"id":214844,"date":"2025-12-26T20:10:38","date_gmt":"2025-12-26T17:10:38","guid":{"rendered":"https:\/\/baldumarket.lt\/?post_type=product&#038;p=214844"},"modified":"2026-02-03T23:14:48","modified_gmt":"2026-02-03T20:14:48","slug":"lozko-kontynentalne-ambra-lux-140x200-tapicerowane-materace-topper-pojemnik","status":"publish","type":"product","link":"https:\/\/baldumarket.lt\/lt\/product\/lozko-kontynentalne-ambra-lux-140x200-tapicerowane-materace-topper-pojemnik\/","title":{"rendered":"Ambra Lux kontinentin\u0117 lova 140&#215;200, apmu\u0161ta, \u010diu\u017einiai, \u010diu\u017einys su u\u017etiesalu, konteineris"},"content":{"rendered":"<p>\u201eAmbra\u201c 140\u00d7200 cm kontinentin\u0117 lova \u2013 puikus pasirinkimas tiems, kurie vertina modern\u0173 dizain\u0105 ir auk\u0161t\u0105 miego komfort\u0105 net ir ma\u017eose erdv\u0117se. \u0160is baldas puikiai derina estetik\u0105 ir prakti\u0161kum\u0105, si\u016blydamas ne tik patogi\u0105 viet\u0105 atsipalaiduoti, bet ir viet\u0105 daiktams susid\u0117ti. Lenk\u0173 gamintojo \u201eGruszka Meble\u201c sukurta \u201eAmbra\u201c lova garantuoja kokyb\u0119 ir ilgaam\u017ei\u0161kum\u0105.<\/p>","protected":false},"excerpt":{"rendered":"<p>Plotis: 144 cm<br \/>\nIlgis: 206 cm<br \/>\n\u016agis: 124 cm<br \/>\nMiegamasis plotas: 140 \u00d7 200 cm<br \/>\nMiegamosios dalies auk\u0161tis: 52 cm<\/p>","protected":false},"featured_media":214944,"comment_status":"open","ping_status":"closed","template":"","meta":[],"product_brand":[],"product_cat":[505,1970,514,7271],"product_tag":[],"class_list":{"0":"post-214844","1":"product","2":"type-product","3":"status-publish","4":"has-post-thumbnail","6":"product_cat-bedroom-beds","7":"product_cat-beds-140x200","8":"product_cat-continental-beds","9":"product_cat-meble-gruszka","11":"first","12":"instock","13":"shipping-taxable","14":"purchasable","15":"product-type-variable","16":"wvs-archive-product-wrapper"},"_links":{"self":[{"href":"https:\/\/baldumarket.lt\/lt\/wp-json\/wp\/v2\/product\/214844","targetHints":{"allow":["GET"]}}],"collection":[{"href":"https:\/\/baldumarket.lt\/lt\/wp-json\/wp\/v2\/product"}],"about":[{"href":"https:\/\/baldumarket.lt\/lt\/wp-json\/wp\/v2\/types\/product"}],"replies":[{"embeddable":true,"href":"https:\/\/baldumarket.lt\/lt\/wp-json\/wp\/v2\/comments?post=214844"}],"wp:featuredmedia":[{"embeddable":true,"href":"https:\/\/baldumarket.lt\/lt\/wp-json\/wp\/v2\/media\/214944"}],"wp:attachment":[{"href":"https:\/\/baldumarket.lt\/lt\/wp-json\/wp\/v2\/media?parent=214844"}],"wp:term":[{"taxonomy":"product_brand","embeddable":true,"href":"https:\/\/baldumarket.lt\/lt\/wp-json\/wp\/v2\/product_brand?post=214844"},{"taxonomy":"product_cat","embeddable":true,"href":"https:\/\/baldumarket.lt\/lt\/wp-json\/wp\/v2\/product_cat?post=214844"},{"taxonomy":"product_tag","embeddable":true,"href":"https:\/\/baldumarket.lt\/lt\/wp-json\/wp\/v2\/product_tag?post=214844"}],"curies":[{"name":"wp","href":"https:\/\/api.w.org\/{rel}","templated":true}]}}