{"id":214832,"date":"2025-12-26T20:10:09","date_gmt":"2025-12-26T17:10:09","guid":{"rendered":"https:\/\/baldumarket.lt\/?post_type=product&#038;p=214832"},"modified":"2026-02-03T23:14:48","modified_gmt":"2026-02-03T20:14:48","slug":"lozko-kontynentalne-ambra-lux-160x200-tapicerowane-materace-topper-pojemnik","status":"publish","type":"product","link":"https:\/\/baldumarket.lt\/lt\/product\/lozko-kontynentalne-ambra-lux-160x200-tapicerowane-materace-topper-pojemnik\/","title":{"rendered":"Ambra Lux kontinentin\u0117 lova 160&#215;200, apmu\u0161ta, \u010diu\u017einiai, \u010diu\u017einys su u\u017etiesalu, konteineris"},"content":{"rendered":"<p>Ie\u0161kote lovos, kurioje b\u016bt\u0173 derinamas modernus dizainas, prakti\u0161kos savyb\u0117s ir auk\u0161\u010diausias miego komforto lygis? \u201eAmbra\u201c 160\u00d7200 cm kontinentin\u0117 lova \u2013 puikus pasirinkimas! \u0160is modelis yra komforto, stiliaus ir kokyb\u0117s sinonimas \u2013 j\u012f suk\u016br\u0117 lenk\u0173 gamintojas \u201eGruszka Meble\u201c, jis puikiai tinka tiek dideliems dvivie\u010diams miegamiesiems, tiek klasikiniams interjerams.<\/p>","protected":false},"excerpt":{"rendered":"<p>Plotis: 164 cm<br \/>\nIlgis: 206 cm<br \/>\n\u016agis: 124 cm<br \/>\nMiegamoji erdv\u0117: 160 \u00d7 200 cm<br \/>\nMiegojimo auk\u0161tis: 52 cm<\/p>","protected":false},"featured_media":214933,"comment_status":"open","ping_status":"closed","template":"","meta":[],"product_brand":[],"product_cat":[505,1971,514,7271],"product_tag":[],"class_list":{"0":"post-214832","1":"product","2":"type-product","3":"status-publish","4":"has-post-thumbnail","6":"product_cat-bedroom-beds","7":"product_cat-beds-160x200","8":"product_cat-continental-beds","9":"product_cat-meble-gruszka","11":"first","12":"instock","13":"shipping-taxable","14":"purchasable","15":"product-type-variable","16":"wvs-archive-product-wrapper"},"_links":{"self":[{"href":"https:\/\/baldumarket.lt\/lt\/wp-json\/wp\/v2\/product\/214832","targetHints":{"allow":["GET"]}}],"collection":[{"href":"https:\/\/baldumarket.lt\/lt\/wp-json\/wp\/v2\/product"}],"about":[{"href":"https:\/\/baldumarket.lt\/lt\/wp-json\/wp\/v2\/types\/product"}],"replies":[{"embeddable":true,"href":"https:\/\/baldumarket.lt\/lt\/wp-json\/wp\/v2\/comments?post=214832"}],"wp:featuredmedia":[{"embeddable":true,"href":"https:\/\/baldumarket.lt\/lt\/wp-json\/wp\/v2\/media\/214933"}],"wp:attachment":[{"href":"https:\/\/baldumarket.lt\/lt\/wp-json\/wp\/v2\/media?parent=214832"}],"wp:term":[{"taxonomy":"product_brand","embeddable":true,"href":"https:\/\/baldumarket.lt\/lt\/wp-json\/wp\/v2\/product_brand?post=214832"},{"taxonomy":"product_cat","embeddable":true,"href":"https:\/\/baldumarket.lt\/lt\/wp-json\/wp\/v2\/product_cat?post=214832"},{"taxonomy":"product_tag","embeddable":true,"href":"https:\/\/baldumarket.lt\/lt\/wp-json\/wp\/v2\/product_tag?post=214832"}],"curies":[{"name":"wp","href":"https:\/\/api.w.org\/{rel}","templated":true}]}}