{"id":214830,"date":"2025-12-26T20:10:07","date_gmt":"2025-12-26T17:10:07","guid":{"rendered":"https:\/\/baldumarket.lt\/?post_type=product&#038;p=214830"},"modified":"2026-02-03T23:14:49","modified_gmt":"2026-02-03T20:14:49","slug":"lozko-kontynentalne-ambra-lux-180x200-tapicerowane-materace-topper-pojemnik","status":"publish","type":"product","link":"https:\/\/baldumarket.lt\/lt\/product\/lozko-kontynentalne-ambra-lux-180x200-tapicerowane-materace-topper-pojemnik\/","title":{"rendered":"Ambra Lux kontinentin\u0117 lova 180\u00d7200, apmu\u0161ta, \u010diu\u017einiai, \u010diu\u017einys su u\u017etiesalu, konteineris"},"content":{"rendered":"<p>\u201eAmbra\u201c 180\u00d7200 cm kontinentin\u0117 lova \u2013 puikus sprendimas tiems, kurie vertina maksimal\u0173 komfort\u0105, modern\u0173 stili\u0173 ir prakti\u0161kus miegamojo sprendimus. Lenk\u0173 gamintojo \u201eGruszka Meble\u201c sukurta lova apjungia kokybi\u0161k\u0105 meistri\u0161kum\u0105, eleganti\u0161k\u0105 dizain\u0105 ir funkcionalum\u0105, kuris papildys bet kok\u012f interjero dizain\u0105.<\/p>","protected":false},"excerpt":{"rendered":"<p>Plotis: 184 cm<br \/>\nIlgis: 206 cm<br \/>\n\u016agis: 124 cm<br \/>\nMiegamoji erdv\u0117: 180 \u00d7 200 cm<br \/>\nMiegojimo auk\u0161tis: 52 cm<\/p>","protected":false},"featured_media":214926,"comment_status":"open","ping_status":"closed","template":"","meta":[],"product_brand":[],"product_cat":[505,1972,514,7271],"product_tag":[],"class_list":{"0":"post-214830","1":"product","2":"type-product","3":"status-publish","4":"has-post-thumbnail","6":"product_cat-bedroom-beds","7":"product_cat-beds-180x200","8":"product_cat-continental-beds","9":"product_cat-meble-gruszka","11":"first","12":"instock","13":"shipping-taxable","14":"purchasable","15":"product-type-variable","16":"wvs-archive-product-wrapper"},"_links":{"self":[{"href":"https:\/\/baldumarket.lt\/lt\/wp-json\/wp\/v2\/product\/214830","targetHints":{"allow":["GET"]}}],"collection":[{"href":"https:\/\/baldumarket.lt\/lt\/wp-json\/wp\/v2\/product"}],"about":[{"href":"https:\/\/baldumarket.lt\/lt\/wp-json\/wp\/v2\/types\/product"}],"replies":[{"embeddable":true,"href":"https:\/\/baldumarket.lt\/lt\/wp-json\/wp\/v2\/comments?post=214830"}],"wp:featuredmedia":[{"embeddable":true,"href":"https:\/\/baldumarket.lt\/lt\/wp-json\/wp\/v2\/media\/214926"}],"wp:attachment":[{"href":"https:\/\/baldumarket.lt\/lt\/wp-json\/wp\/v2\/media?parent=214830"}],"wp:term":[{"taxonomy":"product_brand","embeddable":true,"href":"https:\/\/baldumarket.lt\/lt\/wp-json\/wp\/v2\/product_brand?post=214830"},{"taxonomy":"product_cat","embeddable":true,"href":"https:\/\/baldumarket.lt\/lt\/wp-json\/wp\/v2\/product_cat?post=214830"},{"taxonomy":"product_tag","embeddable":true,"href":"https:\/\/baldumarket.lt\/lt\/wp-json\/wp\/v2\/product_tag?post=214830"}],"curies":[{"name":"wp","href":"https:\/\/api.w.org\/{rel}","templated":true}]}}