{"id":214818,"date":"2025-12-26T20:09:32","date_gmt":"2025-12-26T17:09:32","guid":{"rendered":"https:\/\/baldumarket.lt\/?post_type=product&#038;p=214818"},"modified":"2026-02-03T23:14:49","modified_gmt":"2026-02-03T20:14:49","slug":"lozko-kontynentalne-ambra-lux-200x200-tapicerowane-materace-topper-pojemnik","status":"publish","type":"product","link":"https:\/\/baldumarket.lt\/lt\/product\/lozko-kontynentalne-ambra-lux-200x200-tapicerowane-materace-topper-pojemnik\/","title":{"rendered":"Ambra Lux kontinentin\u0117 lova 200\u00d7200, mink\u0161ta, \u010diu\u017einiai, \u010diu\u017einys su u\u017etiesalu, konteineris"},"content":{"rendered":"<p>Patirkite maksimal\u0173 komfort\u0105 ir modern\u0173 stili\u0173 viename \u2013 \u201eAmbra\u201c 200 \u00d7 200 cm kontinentin\u0117 lova yra puikus pasirinkimas tiems, kurie nori savo miegam\u0105j\u012f paversti ne tik poilsio, bet ir stiliaus vieta. Lenk\u0173 gamintojo \u201eGruszka Meble\u201c sukurta lova si\u016blo prabangos, funkcionalumo ir tvirtos gamybos derin\u012f, atkreipiant d\u0117mes\u012f \u012f kiekvien\u0105 detal\u0119.<\/p>","protected":false},"excerpt":{"rendered":"<p>Plotis: 204 cm<br \/>\nIlgis: 206 cm<br \/>\n\u016agis: 124 cm<br \/>\nMiegamasis plotas: 200 \u00d7 200 cm<br \/>\nMiegojimo auk\u0161tis: 52 cm<\/p>","protected":false},"featured_media":214915,"comment_status":"open","ping_status":"closed","template":"","meta":[],"product_brand":[],"product_cat":[505,9143,514,7271],"product_tag":[],"class_list":{"0":"post-214818","1":"product","2":"type-product","3":"status-publish","4":"has-post-thumbnail","6":"product_cat-bedroom-beds","7":"product_cat-beds-200x200","8":"product_cat-continental-beds","9":"product_cat-meble-gruszka","11":"first","12":"instock","13":"shipping-taxable","14":"purchasable","15":"product-type-variable","16":"wvs-archive-product-wrapper"},"_links":{"self":[{"href":"https:\/\/baldumarket.lt\/lt\/wp-json\/wp\/v2\/product\/214818","targetHints":{"allow":["GET"]}}],"collection":[{"href":"https:\/\/baldumarket.lt\/lt\/wp-json\/wp\/v2\/product"}],"about":[{"href":"https:\/\/baldumarket.lt\/lt\/wp-json\/wp\/v2\/types\/product"}],"replies":[{"embeddable":true,"href":"https:\/\/baldumarket.lt\/lt\/wp-json\/wp\/v2\/comments?post=214818"}],"wp:featuredmedia":[{"embeddable":true,"href":"https:\/\/baldumarket.lt\/lt\/wp-json\/wp\/v2\/media\/214915"}],"wp:attachment":[{"href":"https:\/\/baldumarket.lt\/lt\/wp-json\/wp\/v2\/media?parent=214818"}],"wp:term":[{"taxonomy":"product_brand","embeddable":true,"href":"https:\/\/baldumarket.lt\/lt\/wp-json\/wp\/v2\/product_brand?post=214818"},{"taxonomy":"product_cat","embeddable":true,"href":"https:\/\/baldumarket.lt\/lt\/wp-json\/wp\/v2\/product_cat?post=214818"},{"taxonomy":"product_tag","embeddable":true,"href":"https:\/\/baldumarket.lt\/lt\/wp-json\/wp\/v2\/product_tag?post=214818"}],"curies":[{"name":"wp","href":"https:\/\/api.w.org\/{rel}","templated":true}]}}