{"id":214816,"date":"2025-12-26T20:09:29","date_gmt":"2025-12-26T17:09:29","guid":{"rendered":"https:\/\/baldumarket.lt\/?post_type=product&#038;p=214816"},"modified":"2026-02-03T23:14:49","modified_gmt":"2026-02-03T20:14:49","slug":"lozko-kontynentalne-arte-120x200-tapicerowane-materace-topper-pojemnik","status":"publish","type":"product","link":"https:\/\/baldumarket.lt\/lt\/product\/lozko-kontynentalne-arte-120x200-tapicerowane-materace-topper-pojemnik\/","title":{"rendered":"Arte kontinentin\u0117 lova 120\u00d7200, apmu\u0161ta, \u010diu\u017einiai, \u010diu\u017einys su u\u017etiesalu, konteineris"},"content":{"rendered":"<p>Ie\u0161kote labai patogios lovos, kurioje der\u0117t\u0173 modernus dizainas, auk\u0161\u010diausios kokyb\u0117s miego komfortas ir prakti\u0161kos savyb\u0117s? \u201eArte\u201c kontinentin\u0117 lova, kurios matmenys yra 120 \u00d7 200 cm, yra puikus pasirinkimas i\u0161rankiems klientams, vertinantiems komfort\u0105 ir eleganti\u0161k\u0105 miegam\u0105j\u012f. Tai garsaus Lenkijos gamintojo \u201eGruszka Meble\u201c, kuris jau daugel\u012f met\u0173 tiekia auk\u0161\u010diausios kokyb\u0117s mink\u0161tus miegamojo baldus, produktas.<\/p>","protected":false},"excerpt":{"rendered":"<p>Plotis: 140 cm<br \/>\nIlgis: 219 cm<br \/>\n\u016agis: 124 cm<br \/>\nMiegamasis plotas: 120 \u00d7 200 cm<br \/>\nMiegojimo auk\u0161tis: 65 cm<\/p>","protected":false},"featured_media":214910,"comment_status":"open","ping_status":"closed","template":"","meta":[],"product_brand":[],"product_cat":[505,1969,514,7271],"product_tag":[],"class_list":{"0":"post-214816","1":"product","2":"type-product","3":"status-publish","4":"has-post-thumbnail","6":"product_cat-bedroom-beds","7":"product_cat-beds-120x200","8":"product_cat-continental-beds","9":"product_cat-meble-gruszka","11":"first","12":"instock","13":"shipping-taxable","14":"purchasable","15":"product-type-variable","16":"wvs-archive-product-wrapper"},"_links":{"self":[{"href":"https:\/\/baldumarket.lt\/lt\/wp-json\/wp\/v2\/product\/214816","targetHints":{"allow":["GET"]}}],"collection":[{"href":"https:\/\/baldumarket.lt\/lt\/wp-json\/wp\/v2\/product"}],"about":[{"href":"https:\/\/baldumarket.lt\/lt\/wp-json\/wp\/v2\/types\/product"}],"replies":[{"embeddable":true,"href":"https:\/\/baldumarket.lt\/lt\/wp-json\/wp\/v2\/comments?post=214816"}],"wp:featuredmedia":[{"embeddable":true,"href":"https:\/\/baldumarket.lt\/lt\/wp-json\/wp\/v2\/media\/214910"}],"wp:attachment":[{"href":"https:\/\/baldumarket.lt\/lt\/wp-json\/wp\/v2\/media?parent=214816"}],"wp:term":[{"taxonomy":"product_brand","embeddable":true,"href":"https:\/\/baldumarket.lt\/lt\/wp-json\/wp\/v2\/product_brand?post=214816"},{"taxonomy":"product_cat","embeddable":true,"href":"https:\/\/baldumarket.lt\/lt\/wp-json\/wp\/v2\/product_cat?post=214816"},{"taxonomy":"product_tag","embeddable":true,"href":"https:\/\/baldumarket.lt\/lt\/wp-json\/wp\/v2\/product_tag?post=214816"}],"curies":[{"name":"wp","href":"https:\/\/api.w.org\/{rel}","templated":true}]}}