{"id":214787,"date":"2025-12-26T20:08:19","date_gmt":"2025-12-26T17:08:19","guid":{"rendered":"https:\/\/baldumarket.lt\/?post_type=product&#038;p=214787"},"modified":"2026-02-03T23:14:49","modified_gmt":"2026-02-03T20:14:49","slug":"lozko-kontynentalne-arte-180x200-tapicerowane-materace-topper-pojemnik","status":"publish","type":"product","link":"https:\/\/baldumarket.lt\/lt\/product\/lozko-kontynentalne-arte-180x200-tapicerowane-materace-topper-pojemnik\/","title":{"rendered":"Arte kontinentin\u0117 lova 180&#215;200, apmu\u0161ta, \u010diu\u017einiai, \u010diu\u017einys su u\u017etiesalu, konteineris"},"content":{"rendered":"<p>Ie\u0161kote tobulos lovos, kuri pasi\u017eym\u0117t\u0173 erdve, komfortu ir eleganti\u0161ka i\u0161vaizda? \u201eArte\u201c 180\u00d7200 cm kontinentin\u0117 lova yra puikus pasirinkimas poroms, norin\u010dioms suderinti prabang\u0173 mieg\u0105 su funkcionalumu ir moderniu dizainu. \u0160\u012f model\u012f gamina garsi Lenkijos \u012fmon\u0117 \u201eGruszka Meble\u201c, o tvirta konstrukcija derinama su auk\u0161tos kokyb\u0117s med\u017eiagomis, kurios garantuoja ilgalaik\u012f komfort\u0105 ir patvarum\u0105. 180\u00d7200 cm dydis suteikia pakankamai vietos miegoti dviem asmenims, tod\u0117l idealiai tinka erdviems miegamiesiems, suteikdamas komforto ir erdv\u0117s net ir reikliausiems vartotojams.<\/p>","protected":false},"excerpt":{"rendered":"<p>Plotis: 200 cm<br \/>\nIlgis: 219 cm<br \/>\n\u016agis: 124 cm<br \/>\nMiegamoji erdv\u0117: 180 \u00d7 200 cm<br \/>\nMiegojimo auk\u0161tis: 65 cm<\/p>","protected":false},"featured_media":214889,"comment_status":"open","ping_status":"closed","template":"","meta":[],"product_brand":[],"product_cat":[505,1972,514,7271],"product_tag":[],"class_list":{"0":"post-214787","1":"product","2":"type-product","3":"status-publish","4":"has-post-thumbnail","6":"product_cat-bedroom-beds","7":"product_cat-beds-180x200","8":"product_cat-continental-beds","9":"product_cat-meble-gruszka","11":"first","12":"instock","13":"shipping-taxable","14":"purchasable","15":"product-type-variable","16":"wvs-archive-product-wrapper"},"_links":{"self":[{"href":"https:\/\/baldumarket.lt\/lt\/wp-json\/wp\/v2\/product\/214787","targetHints":{"allow":["GET"]}}],"collection":[{"href":"https:\/\/baldumarket.lt\/lt\/wp-json\/wp\/v2\/product"}],"about":[{"href":"https:\/\/baldumarket.lt\/lt\/wp-json\/wp\/v2\/types\/product"}],"replies":[{"embeddable":true,"href":"https:\/\/baldumarket.lt\/lt\/wp-json\/wp\/v2\/comments?post=214787"}],"wp:featuredmedia":[{"embeddable":true,"href":"https:\/\/baldumarket.lt\/lt\/wp-json\/wp\/v2\/media\/214889"}],"wp:attachment":[{"href":"https:\/\/baldumarket.lt\/lt\/wp-json\/wp\/v2\/media?parent=214787"}],"wp:term":[{"taxonomy":"product_brand","embeddable":true,"href":"https:\/\/baldumarket.lt\/lt\/wp-json\/wp\/v2\/product_brand?post=214787"},{"taxonomy":"product_cat","embeddable":true,"href":"https:\/\/baldumarket.lt\/lt\/wp-json\/wp\/v2\/product_cat?post=214787"},{"taxonomy":"product_tag","embeddable":true,"href":"https:\/\/baldumarket.lt\/lt\/wp-json\/wp\/v2\/product_tag?post=214787"}],"curies":[{"name":"wp","href":"https:\/\/api.w.org\/{rel}","templated":true}]}}