{"id":214785,"date":"2025-12-26T20:08:17","date_gmt":"2025-12-26T17:08:17","guid":{"rendered":"https:\/\/baldumarket.lt\/?post_type=product&#038;p=214785"},"modified":"2026-02-03T23:14:49","modified_gmt":"2026-02-03T20:14:49","slug":"lozko-kontynentalne-arte-200x200-tapicerowane-materace-topper-pojemnik","status":"publish","type":"product","link":"https:\/\/baldumarket.lt\/lt\/product\/lozko-kontynentalne-arte-200x200-tapicerowane-materace-topper-pojemnik\/","title":{"rendered":"Arte kontinentin\u0117 lova 200&#215;200, apmu\u0161ta, \u010diu\u017einiai, \u010diu\u017einys su u\u017etiesalu, konteineris"},"content":{"rendered":"<p>Ie\u0161kote erdvios ir patogios lovos, kuri pakeist\u0173 j\u016bs\u0173 miegam\u0105j\u012f? Lenkijos gamintojo \u201eGruszka Meble\u201c kontinentin\u0117 lova \u201eArte\u201c 200 \u00d7 200 cm \u2013 puikus pasirinkimas tiems, kurie vertina prabang\u0105, ilgaam\u017ei\u0161kum\u0105 ir modern\u0173 dizain\u0105. Sukurta atsi\u017evelgiant \u012f auk\u0161\u010diausi\u0105 miego komforto ir funkcionalumo lyg\u012f, ji puikiai tinka dideliems ir erdviems miegamiesiems, butams ar vie\u0161bu\u010dio kambariams.<\/p>","protected":false},"excerpt":{"rendered":"<p>Plotis: 220 cm<br \/>\nIlgis: 219 cm<br \/>\n\u016agis: 124 cm<br \/>\nMiegamasis plotas: 200 \u00d7 200 cm<br \/>\nMiegojimo auk\u0161tis: 65 cm<\/p>","protected":false},"featured_media":214880,"comment_status":"open","ping_status":"closed","template":"","meta":[],"product_brand":[],"product_cat":[505,9143,514,7271],"product_tag":[],"class_list":{"0":"post-214785","1":"product","2":"type-product","3":"status-publish","4":"has-post-thumbnail","6":"product_cat-bedroom-beds","7":"product_cat-beds-200x200","8":"product_cat-continental-beds","9":"product_cat-meble-gruszka","11":"first","12":"instock","13":"shipping-taxable","14":"purchasable","15":"product-type-variable","16":"wvs-archive-product-wrapper"},"_links":{"self":[{"href":"https:\/\/baldumarket.lt\/lt\/wp-json\/wp\/v2\/product\/214785","targetHints":{"allow":["GET"]}}],"collection":[{"href":"https:\/\/baldumarket.lt\/lt\/wp-json\/wp\/v2\/product"}],"about":[{"href":"https:\/\/baldumarket.lt\/lt\/wp-json\/wp\/v2\/types\/product"}],"replies":[{"embeddable":true,"href":"https:\/\/baldumarket.lt\/lt\/wp-json\/wp\/v2\/comments?post=214785"}],"wp:featuredmedia":[{"embeddable":true,"href":"https:\/\/baldumarket.lt\/lt\/wp-json\/wp\/v2\/media\/214880"}],"wp:attachment":[{"href":"https:\/\/baldumarket.lt\/lt\/wp-json\/wp\/v2\/media?parent=214785"}],"wp:term":[{"taxonomy":"product_brand","embeddable":true,"href":"https:\/\/baldumarket.lt\/lt\/wp-json\/wp\/v2\/product_brand?post=214785"},{"taxonomy":"product_cat","embeddable":true,"href":"https:\/\/baldumarket.lt\/lt\/wp-json\/wp\/v2\/product_cat?post=214785"},{"taxonomy":"product_tag","embeddable":true,"href":"https:\/\/baldumarket.lt\/lt\/wp-json\/wp\/v2\/product_tag?post=214785"}],"curies":[{"name":"wp","href":"https:\/\/api.w.org\/{rel}","templated":true}]}}