{"id":214769,"date":"2025-12-26T20:07:38","date_gmt":"2025-12-26T17:07:38","guid":{"rendered":"https:\/\/baldumarket.lt\/?post_type=product&#038;p=214769"},"modified":"2026-02-03T23:14:50","modified_gmt":"2026-02-03T20:14:50","slug":"lozko-kontynentalne-aspen-140x200-tapicerowane-materac-topper-pojemnik","status":"publish","type":"product","link":"https:\/\/baldumarket.lt\/lt\/product\/lozko-kontynentalne-aspen-140x200-tapicerowane-materac-topper-pojemnik\/","title":{"rendered":"Aspen kontinentin\u0117 lova 140\u00d7200, apmu\u0161ta, \u010diu\u017einys, \u010diu\u017einuko u\u017etiesalas, konteineris"},"content":{"rendered":"<p>\u201eAspen\u201c 140\u00d7200 cm kontinentin\u0117 lova \u2013 puikus pasirinkimas ie\u0161kantiems mink\u0161tos lovos su moderniu dizainu, auk\u0161tos kokyb\u0117s meistri\u0161kumu ir maksimaliu miego komfortu. \u0160is lenk\u0173 gamintojo \u201eGruszka Meble\u201c modelis derina elegancij\u0105 su prakti\u0161kais sprendimais, tod\u0117l puikiai tinka bet kuriam miegamajam \u2013 tiek ma\u017eam, tiek dideliam.<\/p>","protected":false},"excerpt":{"rendered":"<p>Plotis: 140 cm<br \/>\nIlgis: 217 cm<br \/>\n\u016agis: 123 cm<br \/>\nMiegamasis plotas: 140 \u00d7 200 cm<br \/>\nMiegojimo auk\u0161tis: 64 cm<\/p>","protected":false},"featured_media":214866,"comment_status":"open","ping_status":"closed","template":"","meta":[],"product_brand":[],"product_cat":[505,1970,514,7271],"product_tag":[],"class_list":{"0":"post-214769","1":"product","2":"type-product","3":"status-publish","4":"has-post-thumbnail","6":"product_cat-bedroom-beds","7":"product_cat-beds-140x200","8":"product_cat-continental-beds","9":"product_cat-meble-gruszka","11":"first","12":"instock","13":"shipping-taxable","14":"purchasable","15":"product-type-variable","16":"wvs-archive-product-wrapper"},"_links":{"self":[{"href":"https:\/\/baldumarket.lt\/lt\/wp-json\/wp\/v2\/product\/214769","targetHints":{"allow":["GET"]}}],"collection":[{"href":"https:\/\/baldumarket.lt\/lt\/wp-json\/wp\/v2\/product"}],"about":[{"href":"https:\/\/baldumarket.lt\/lt\/wp-json\/wp\/v2\/types\/product"}],"replies":[{"embeddable":true,"href":"https:\/\/baldumarket.lt\/lt\/wp-json\/wp\/v2\/comments?post=214769"}],"wp:featuredmedia":[{"embeddable":true,"href":"https:\/\/baldumarket.lt\/lt\/wp-json\/wp\/v2\/media\/214866"}],"wp:attachment":[{"href":"https:\/\/baldumarket.lt\/lt\/wp-json\/wp\/v2\/media?parent=214769"}],"wp:term":[{"taxonomy":"product_brand","embeddable":true,"href":"https:\/\/baldumarket.lt\/lt\/wp-json\/wp\/v2\/product_brand?post=214769"},{"taxonomy":"product_cat","embeddable":true,"href":"https:\/\/baldumarket.lt\/lt\/wp-json\/wp\/v2\/product_cat?post=214769"},{"taxonomy":"product_tag","embeddable":true,"href":"https:\/\/baldumarket.lt\/lt\/wp-json\/wp\/v2\/product_tag?post=214769"}],"curies":[{"name":"wp","href":"https:\/\/api.w.org\/{rel}","templated":true}]}}