{"id":214757,"date":"2025-12-26T20:07:07","date_gmt":"2025-12-26T17:07:07","guid":{"rendered":"https:\/\/baldumarket.lt\/?post_type=product&#038;p=214757"},"modified":"2026-02-03T23:14:50","modified_gmt":"2026-02-03T20:14:50","slug":"lozko-kontynentalne-aspen-160x200-tapicerowane-materac-topper-pojemnik","status":"publish","type":"product","link":"https:\/\/baldumarket.lt\/lt\/product\/lozko-kontynentalne-aspen-160x200-tapicerowane-materac-topper-pojemnik\/","title":{"rendered":"Aspen kontinentin\u0117 lova 160&#215;200, apmu\u0161ta, \u010diu\u017einys, \u010diu\u017einuko u\u017etiesalas, konteineris"},"content":{"rendered":"<p>\u201eAspen\u201c 160\u00d7200 cm kontinentin\u0117 lova \u2013 puikus sprendimas ie\u0161kantiems patogios, stilingos ir kokybi\u0161kos mink\u0161tos lovos. \u0160is modelis, kur\u012f si\u016blo garsus Lenkijos gamintojas \u201eGruszka Meble\u201c, puikiai derina modern\u0173 dizain\u0105 su prakti\u0161komis savyb\u0117mis, tod\u0117l tinka tiek erdviems, tiek kompakti\u0161kesniems interjerams.<\/p>","protected":false},"excerpt":{"rendered":"<p>Plotis: 160 cm<br \/>\nIlgis: 217 cm<br \/>\n\u016agis: 123 cm<br \/>\nMiegamoji erdv\u0117: 160 \u00d7 200 cm<br \/>\nMiegojimo auk\u0161tis: 64 cm<\/p>","protected":false},"featured_media":214861,"comment_status":"open","ping_status":"closed","template":"","meta":[],"product_brand":[],"product_cat":[505,1971,514,7271],"product_tag":[],"class_list":{"0":"post-214757","1":"product","2":"type-product","3":"status-publish","4":"has-post-thumbnail","6":"product_cat-bedroom-beds","7":"product_cat-beds-160x200","8":"product_cat-continental-beds","9":"product_cat-meble-gruszka","11":"first","12":"instock","13":"shipping-taxable","14":"purchasable","15":"product-type-variable","16":"wvs-archive-product-wrapper"},"_links":{"self":[{"href":"https:\/\/baldumarket.lt\/lt\/wp-json\/wp\/v2\/product\/214757","targetHints":{"allow":["GET"]}}],"collection":[{"href":"https:\/\/baldumarket.lt\/lt\/wp-json\/wp\/v2\/product"}],"about":[{"href":"https:\/\/baldumarket.lt\/lt\/wp-json\/wp\/v2\/types\/product"}],"replies":[{"embeddable":true,"href":"https:\/\/baldumarket.lt\/lt\/wp-json\/wp\/v2\/comments?post=214757"}],"wp:featuredmedia":[{"embeddable":true,"href":"https:\/\/baldumarket.lt\/lt\/wp-json\/wp\/v2\/media\/214861"}],"wp:attachment":[{"href":"https:\/\/baldumarket.lt\/lt\/wp-json\/wp\/v2\/media?parent=214757"}],"wp:term":[{"taxonomy":"product_brand","embeddable":true,"href":"https:\/\/baldumarket.lt\/lt\/wp-json\/wp\/v2\/product_brand?post=214757"},{"taxonomy":"product_cat","embeddable":true,"href":"https:\/\/baldumarket.lt\/lt\/wp-json\/wp\/v2\/product_cat?post=214757"},{"taxonomy":"product_tag","embeddable":true,"href":"https:\/\/baldumarket.lt\/lt\/wp-json\/wp\/v2\/product_tag?post=214757"}],"curies":[{"name":"wp","href":"https:\/\/api.w.org\/{rel}","templated":true}]}}