{"id":214743,"date":"2025-12-26T20:06:37","date_gmt":"2025-12-26T17:06:37","guid":{"rendered":"https:\/\/baldumarket.lt\/?post_type=product&#038;p=214743"},"modified":"2026-02-03T23:14:50","modified_gmt":"2026-02-03T20:14:50","slug":"lozko-kontynentalne-aspen-200x200-tapicerowane-materac-topper-pojemnik","status":"publish","type":"product","link":"https:\/\/baldumarket.lt\/lt\/product\/lozko-kontynentalne-aspen-200x200-tapicerowane-materac-topper-pojemnik\/","title":{"rendered":"Aspen kontinentin\u0117 lova 200\u00d7200, apmu\u0161ta, \u010diu\u017einys, \u010diu\u017einuko u\u017etiesalas, konteineris"},"content":{"rendered":"<p>\u201eAspen\u201c 200\u00d7200 cm kontinentin\u0117 lova \u2013 puikus pasirinkimas tiems, kurie tikisi ne tik komforto, bet ir rafinuoto dizaino bei patvarumo. \u0160is lenk\u0173 gamintojo \u201eGruszka Meble\u201c, \u017einomo d\u0117l auk\u0161tos kokyb\u0117s apmu\u0161t\u0173 lov\u0173, modelis u\u017etikrina i\u0161skirtin\u0119 miego patirt\u012f ir auk\u0161\u010diausios klas\u0117s estetik\u0105.<\/p>","protected":false},"excerpt":{"rendered":"<p>Plotis: 200 cm<br \/>\nIlgis: 217 cm<br \/>\n\u016agis: 123 cm<br \/>\nMiegamasis plotas: 200 \u00d7 200 cm<br \/>\nMiegojimo auk\u0161tis: 64 cm<\/p>","protected":false},"featured_media":214847,"comment_status":"open","ping_status":"closed","template":"","meta":[],"product_brand":[],"product_cat":[505,9143,514,7271],"product_tag":[],"class_list":{"0":"post-214743","1":"product","2":"type-product","3":"status-publish","4":"has-post-thumbnail","6":"product_cat-bedroom-beds","7":"product_cat-beds-200x200","8":"product_cat-continental-beds","9":"product_cat-meble-gruszka","11":"first","12":"instock","13":"shipping-taxable","14":"purchasable","15":"product-type-variable","16":"wvs-archive-product-wrapper"},"_links":{"self":[{"href":"https:\/\/baldumarket.lt\/lt\/wp-json\/wp\/v2\/product\/214743","targetHints":{"allow":["GET"]}}],"collection":[{"href":"https:\/\/baldumarket.lt\/lt\/wp-json\/wp\/v2\/product"}],"about":[{"href":"https:\/\/baldumarket.lt\/lt\/wp-json\/wp\/v2\/types\/product"}],"replies":[{"embeddable":true,"href":"https:\/\/baldumarket.lt\/lt\/wp-json\/wp\/v2\/comments?post=214743"}],"wp:featuredmedia":[{"embeddable":true,"href":"https:\/\/baldumarket.lt\/lt\/wp-json\/wp\/v2\/media\/214847"}],"wp:attachment":[{"href":"https:\/\/baldumarket.lt\/lt\/wp-json\/wp\/v2\/media?parent=214743"}],"wp:term":[{"taxonomy":"product_brand","embeddable":true,"href":"https:\/\/baldumarket.lt\/lt\/wp-json\/wp\/v2\/product_brand?post=214743"},{"taxonomy":"product_cat","embeddable":true,"href":"https:\/\/baldumarket.lt\/lt\/wp-json\/wp\/v2\/product_cat?post=214743"},{"taxonomy":"product_tag","embeddable":true,"href":"https:\/\/baldumarket.lt\/lt\/wp-json\/wp\/v2\/product_tag?post=214743"}],"curies":[{"name":"wp","href":"https:\/\/api.w.org\/{rel}","templated":true}]}}