{"id":214741,"date":"2025-12-26T20:06:35","date_gmt":"2025-12-26T17:06:35","guid":{"rendered":"https:\/\/baldumarket.lt\/?post_type=product&#038;p=214741"},"modified":"2026-02-03T23:14:50","modified_gmt":"2026-02-03T20:14:50","slug":"lozko-kontynentalne-asti-120x200-tapicerowane-materac-topper-pojemnik","status":"publish","type":"product","link":"https:\/\/baldumarket.lt\/lt\/product\/lozko-kontynentalne-asti-120x200-tapicerowane-materac-topper-pojemnik\/","title":{"rendered":"Asti kontinentin\u0117 lova 120&#215;200, apmu\u0161ta, \u010diu\u017einys, \u010diu\u017einuko u\u017etiesalas, konteineris"},"content":{"rendered":"<p>Ie\u0161kote kompakti\u0161kos ir stilingos lovos savo miegamajam, kuri u\u017etikrint\u0173 patog\u0173 mieg\u0105 ir tuo pa\u010diu metu skland\u017eiai \u012fsiliet\u0173 \u012f modern\u0173 interjer\u0105? \u201eGruszka Meble\u201c 120 \u00d7 200 cm kontinentin\u0117 lova \u201eAsti\u201c \u2013 puikus pasirinkimas tiems, kurie vertina funkcionalum\u0105, elegancij\u0105 ir auk\u0161\u010diausi\u0105 miego komforto lyg\u012f. D\u0117l modernaus dizaino, auk\u0161to galv\u016bgalio ir gerai apgalvotos konstrukcijos, paremtos trij\u0173 sluoksni\u0173 \u010diu\u017eini\u0173 sistema, \u201eAsti\u201c garantuoja i\u0161skirtin\u012f komfort\u0105 ir gra\u017ei\u0105 i\u0161vaizd\u0105 bet kuriame miegamajame \u2013 net ir tame, kuriame erdv\u0117 ribota.<\/p>","protected":false},"excerpt":{"rendered":"<p>Plotis: 120 cm<br \/>\nIlgis: 213 cm<br \/>\nAuk\u0161tis: 130 cm<br \/>\nMiegamasis plotas: 120 \u00d7 200 cm<br \/>\nMiegojimo auk\u0161tis: 72 cm<\/p>","protected":false},"featured_media":214838,"comment_status":"open","ping_status":"closed","template":"","meta":[],"product_brand":[],"product_cat":[505,1969,514,7271],"product_tag":[],"class_list":{"0":"post-214741","1":"product","2":"type-product","3":"status-publish","4":"has-post-thumbnail","6":"product_cat-bedroom-beds","7":"product_cat-beds-120x200","8":"product_cat-continental-beds","9":"product_cat-meble-gruszka","11":"first","12":"instock","13":"shipping-taxable","14":"purchasable","15":"product-type-variable","16":"wvs-archive-product-wrapper"},"_links":{"self":[{"href":"https:\/\/baldumarket.lt\/lt\/wp-json\/wp\/v2\/product\/214741","targetHints":{"allow":["GET"]}}],"collection":[{"href":"https:\/\/baldumarket.lt\/lt\/wp-json\/wp\/v2\/product"}],"about":[{"href":"https:\/\/baldumarket.lt\/lt\/wp-json\/wp\/v2\/types\/product"}],"replies":[{"embeddable":true,"href":"https:\/\/baldumarket.lt\/lt\/wp-json\/wp\/v2\/comments?post=214741"}],"wp:featuredmedia":[{"embeddable":true,"href":"https:\/\/baldumarket.lt\/lt\/wp-json\/wp\/v2\/media\/214838"}],"wp:attachment":[{"href":"https:\/\/baldumarket.lt\/lt\/wp-json\/wp\/v2\/media?parent=214741"}],"wp:term":[{"taxonomy":"product_brand","embeddable":true,"href":"https:\/\/baldumarket.lt\/lt\/wp-json\/wp\/v2\/product_brand?post=214741"},{"taxonomy":"product_cat","embeddable":true,"href":"https:\/\/baldumarket.lt\/lt\/wp-json\/wp\/v2\/product_cat?post=214741"},{"taxonomy":"product_tag","embeddable":true,"href":"https:\/\/baldumarket.lt\/lt\/wp-json\/wp\/v2\/product_tag?post=214741"}],"curies":[{"name":"wp","href":"https:\/\/api.w.org\/{rel}","templated":true}]}}