{"id":214728,"date":"2025-12-26T20:06:05","date_gmt":"2025-12-26T17:06:05","guid":{"rendered":"https:\/\/baldumarket.lt\/?post_type=product&#038;p=214728"},"modified":"2026-02-03T23:14:50","modified_gmt":"2026-02-03T20:14:50","slug":"lozko-kontynentalne-asti-140x200-tapicerowane-materac-topper-pojemnik","status":"publish","type":"product","link":"https:\/\/baldumarket.lt\/lt\/product\/lozko-kontynentalne-asti-140x200-tapicerowane-materac-topper-pojemnik\/","title":{"rendered":"Asti kontinentin\u0117 lova 140&#215;200, apmu\u0161ta, \u010diu\u017einys, \u010diu\u017einuko u\u017etiesalas, konteineris"},"content":{"rendered":"<p>Svajojate apie eleganti\u0161k\u0105 ir patogi\u0105 lov\u0105, kuri tikt\u0173 vidutinio dyd\u017eio miegamajame? \u201eGruszka Meble\u201c 140 \u00d7 200 cm kontinentin\u0117 lova \u201eAsti\u201c \u2013 puikus pasirinkimas tiems, kurie vertina miego komfort\u0105, modern\u0173 vaizd\u0105 ir prakti\u0161kus sprendimus. \u0160is auk\u0161\u010diausios kokyb\u0117s modelis pagamintas i\u0161 auk\u0161\u010diausios kokyb\u0117s komponent\u0173, atkreipiant d\u0117mes\u012f \u012f detales ir suteikiant galimyb\u0119 suasmeninti audinius bei apdail\u0105. 140 \u00d7 200 cm dyd\u017eio \u201eAsti\u201c lova puikiai tinka tiek vienvie\u010diam miegamajam, tiek dvigulei lovai ma\u017eesn\u0117se erdv\u0117se.<\/p>","protected":false},"excerpt":{"rendered":"<p>Plotis: 140 cm<br \/>\nIlgis: 213 cm<br \/>\nAuk\u0161tis: 130 cm<br \/>\nMiegamasis plotas: 140 \u00d7 200 cm<br \/>\nMiegojimo auk\u0161tis: 72 cm<\/p>","protected":false},"featured_media":214833,"comment_status":"open","ping_status":"closed","template":"","meta":[],"product_brand":[],"product_cat":[505,1970,514,7271],"product_tag":[],"class_list":{"0":"post-214728","1":"product","2":"type-product","3":"status-publish","4":"has-post-thumbnail","6":"product_cat-bedroom-beds","7":"product_cat-beds-140x200","8":"product_cat-continental-beds","9":"product_cat-meble-gruszka","11":"first","12":"instock","13":"shipping-taxable","14":"purchasable","15":"product-type-variable","16":"wvs-archive-product-wrapper"},"_links":{"self":[{"href":"https:\/\/baldumarket.lt\/lt\/wp-json\/wp\/v2\/product\/214728","targetHints":{"allow":["GET"]}}],"collection":[{"href":"https:\/\/baldumarket.lt\/lt\/wp-json\/wp\/v2\/product"}],"about":[{"href":"https:\/\/baldumarket.lt\/lt\/wp-json\/wp\/v2\/types\/product"}],"replies":[{"embeddable":true,"href":"https:\/\/baldumarket.lt\/lt\/wp-json\/wp\/v2\/comments?post=214728"}],"wp:featuredmedia":[{"embeddable":true,"href":"https:\/\/baldumarket.lt\/lt\/wp-json\/wp\/v2\/media\/214833"}],"wp:attachment":[{"href":"https:\/\/baldumarket.lt\/lt\/wp-json\/wp\/v2\/media?parent=214728"}],"wp:term":[{"taxonomy":"product_brand","embeddable":true,"href":"https:\/\/baldumarket.lt\/lt\/wp-json\/wp\/v2\/product_brand?post=214728"},{"taxonomy":"product_cat","embeddable":true,"href":"https:\/\/baldumarket.lt\/lt\/wp-json\/wp\/v2\/product_cat?post=214728"},{"taxonomy":"product_tag","embeddable":true,"href":"https:\/\/baldumarket.lt\/lt\/wp-json\/wp\/v2\/product_tag?post=214728"}],"curies":[{"name":"wp","href":"https:\/\/api.w.org\/{rel}","templated":true}]}}