{"id":214710,"date":"2025-12-26T20:05:29","date_gmt":"2025-12-26T17:05:29","guid":{"rendered":"https:\/\/baldumarket.lt\/?post_type=product&#038;p=214710"},"modified":"2026-02-03T23:14:51","modified_gmt":"2026-02-03T20:14:51","slug":"lozko-kontynentalne-asti-200x200-tapicerowane-materac-topper-pojemnik","status":"publish","type":"product","link":"https:\/\/baldumarket.lt\/lt\/product\/lozko-kontynentalne-asti-200x200-tapicerowane-materac-topper-pojemnik\/","title":{"rendered":"Asti kontinentin\u0117 lova 200\u00d7200, apmu\u0161ta, \u010diu\u017einys, \u010diu\u017einuko u\u017etiesalas, konteineris"},"content":{"rendered":"<p>\u201eAsti\u201c kontinentin\u0117 lova, kurios matmenys \u2013 200 \u00d7 200 cm, si\u016blo auk\u0161\u010diausi\u0105 miego komforto standart\u0105, patenkindama net ir reikliausi\u0173 vartotoj\u0173 l\u016bkes\u010dius. Jei ie\u0161kote i\u0161skirtin\u0117s dvigul\u0117s lovos, kuri i\u0161siskiria ne tik presti\u017einiu dizainu, bet ir puikiu atramos lygiu, \u0161is garsaus prek\u0117s \u017eenklo \u201eGruszka Meble\u201c modelis yra investicija \u012f sveik\u0105 ir atkuriam\u0105j\u012f mieg\u0105.<\/p>","protected":false},"excerpt":{"rendered":"<p>Plotis: 200 cm<br \/>\nIlgis: 213 cm<br \/>\nAuk\u0161tis: 130 cm<br \/>\nMiegamasis plotas: 200 \u00d7 200 cm<br \/>\nMiegojimo auk\u0161tis: 72 cm<\/p>","protected":false},"featured_media":214810,"comment_status":"open","ping_status":"closed","template":"","meta":[],"product_brand":[],"product_cat":[505,9143,514,7271],"product_tag":[],"class_list":{"0":"post-214710","1":"product","2":"type-product","3":"status-publish","4":"has-post-thumbnail","6":"product_cat-bedroom-beds","7":"product_cat-beds-200x200","8":"product_cat-continental-beds","9":"product_cat-meble-gruszka","11":"first","12":"instock","13":"shipping-taxable","14":"purchasable","15":"product-type-variable","16":"wvs-archive-product-wrapper"},"_links":{"self":[{"href":"https:\/\/baldumarket.lt\/lt\/wp-json\/wp\/v2\/product\/214710","targetHints":{"allow":["GET"]}}],"collection":[{"href":"https:\/\/baldumarket.lt\/lt\/wp-json\/wp\/v2\/product"}],"about":[{"href":"https:\/\/baldumarket.lt\/lt\/wp-json\/wp\/v2\/types\/product"}],"replies":[{"embeddable":true,"href":"https:\/\/baldumarket.lt\/lt\/wp-json\/wp\/v2\/comments?post=214710"}],"wp:featuredmedia":[{"embeddable":true,"href":"https:\/\/baldumarket.lt\/lt\/wp-json\/wp\/v2\/media\/214810"}],"wp:attachment":[{"href":"https:\/\/baldumarket.lt\/lt\/wp-json\/wp\/v2\/media?parent=214710"}],"wp:term":[{"taxonomy":"product_brand","embeddable":true,"href":"https:\/\/baldumarket.lt\/lt\/wp-json\/wp\/v2\/product_brand?post=214710"},{"taxonomy":"product_cat","embeddable":true,"href":"https:\/\/baldumarket.lt\/lt\/wp-json\/wp\/v2\/product_cat?post=214710"},{"taxonomy":"product_tag","embeddable":true,"href":"https:\/\/baldumarket.lt\/lt\/wp-json\/wp\/v2\/product_tag?post=214710"}],"curies":[{"name":"wp","href":"https:\/\/api.w.org\/{rel}","templated":true}]}}