{"id":214682,"date":"2025-12-26T20:03:58","date_gmt":"2025-12-26T17:03:58","guid":{"rendered":"https:\/\/baldumarket.lt\/?post_type=product&#038;p=214682"},"modified":"2026-02-03T23:14:52","modified_gmt":"2026-02-03T20:14:52","slug":"lozko-kontynentalne-avanti-160x200-tapicerowane-materac-topper-pojemnik","status":"publish","type":"product","link":"https:\/\/baldumarket.lt\/lt\/product\/lozko-kontynentalne-avanti-160x200-tapicerowane-materac-topper-pojemnik\/","title":{"rendered":"Avanti kontinentin\u0117 lova 160\u00d7200, apmu\u0161ta, \u010diu\u017einys, \u010diu\u017einuko u\u017etiesalas, konteineris"},"content":{"rendered":"<p>\u0160i 160\u00d7200 cm kontinentin\u0117 lova \u2013 puikus sprendimas ie\u0161kantiems patogios ir prakti\u0161kos lovos savo miegamajam. Du \u0161oniniai atsidarantys patalyn\u0117s skyriai suteikia daug papildomos vietos antklod\u0117ms, pagalv\u0117ms ir kitiems daiktams laikyti. Skyriai apr\u016bpinti spyruokliniais mechanizmais, kurie palengvina j\u0173 atidarym\u0105 ir u\u017edarym\u0105, suteikiant patogi\u0105 ir greit\u0105 prieig\u0105 prie laikom\u0173 daikt\u0173. \u0160is sprendimas padeda palaikyti tvark\u0105 ir maksimaliai i\u0161naudoti erdv\u0119 kambaryje.<\/p>","protected":false},"excerpt":{"rendered":"<p>Plotis: 164 cm<br \/>\nIlgis: 208 cm<br \/>\nAuk\u0161tis: 115 cm<br \/>\nMiegamoji erdv\u0117: 160 \u00d7 200 cm<br \/>\nMiegojimo auk\u0161tis: 63 cm<\/p>","protected":false},"featured_media":214788,"comment_status":"open","ping_status":"closed","template":"","meta":[],"product_brand":[],"product_cat":[505,1971,514,7271],"product_tag":[],"class_list":{"0":"post-214682","1":"product","2":"type-product","3":"status-publish","4":"has-post-thumbnail","6":"product_cat-bedroom-beds","7":"product_cat-beds-160x200","8":"product_cat-continental-beds","9":"product_cat-meble-gruszka","11":"first","12":"instock","13":"shipping-taxable","14":"purchasable","15":"product-type-variable","16":"wvs-archive-product-wrapper"},"_links":{"self":[{"href":"https:\/\/baldumarket.lt\/lt\/wp-json\/wp\/v2\/product\/214682","targetHints":{"allow":["GET"]}}],"collection":[{"href":"https:\/\/baldumarket.lt\/lt\/wp-json\/wp\/v2\/product"}],"about":[{"href":"https:\/\/baldumarket.lt\/lt\/wp-json\/wp\/v2\/types\/product"}],"replies":[{"embeddable":true,"href":"https:\/\/baldumarket.lt\/lt\/wp-json\/wp\/v2\/comments?post=214682"}],"wp:featuredmedia":[{"embeddable":true,"href":"https:\/\/baldumarket.lt\/lt\/wp-json\/wp\/v2\/media\/214788"}],"wp:attachment":[{"href":"https:\/\/baldumarket.lt\/lt\/wp-json\/wp\/v2\/media?parent=214682"}],"wp:term":[{"taxonomy":"product_brand","embeddable":true,"href":"https:\/\/baldumarket.lt\/lt\/wp-json\/wp\/v2\/product_brand?post=214682"},{"taxonomy":"product_cat","embeddable":true,"href":"https:\/\/baldumarket.lt\/lt\/wp-json\/wp\/v2\/product_cat?post=214682"},{"taxonomy":"product_tag","embeddable":true,"href":"https:\/\/baldumarket.lt\/lt\/wp-json\/wp\/v2\/product_tag?post=214682"}],"curies":[{"name":"wp","href":"https:\/\/api.w.org\/{rel}","templated":true}]}}