{"id":214669,"date":"2025-12-26T20:03:22","date_gmt":"2025-12-26T17:03:22","guid":{"rendered":"https:\/\/baldumarket.lt\/?post_type=product&#038;p=214669"},"modified":"2026-02-03T23:14:52","modified_gmt":"2026-02-03T20:14:52","slug":"lozko-kontynentalne-avanti-200x200-tapicerowane-materac-topper-pojemnik","status":"publish","type":"product","link":"https:\/\/baldumarket.lt\/lt\/product\/lozko-kontynentalne-avanti-200x200-tapicerowane-materac-topper-pojemnik\/","title":{"rendered":"Avanti kontinentin\u0117 lova 200\u00d7200, apmu\u0161ta, \u010diu\u017einys, \u010diu\u017einuko u\u017etiesalas, konteineris"},"content":{"rendered":"<p>\u0160i 200 \u00d7 200 cm kontinentin\u0117 lova \u2013 puikus sprendimas ie\u0161kantiems patogios ir erdvios miegamojo lovos. Du \u0161oniniai atsidarantys patalyn\u0117s skyriai suteikia daug vietos antklod\u0117ms, pagalv\u0117ms ir kitiems aksesuarams laikyti. Skyriai su spyruokliniais mechanizmais atsidaro greitai ir lengvai, u\u017etikrindami patogi\u0105 prieig\u0105 ir pad\u0117dami palaikyti tvark\u0105 miegamajame. \u0160is prakti\u0161kas sprendimas maksimaliai i\u0161naudoja turim\u0105 erdv\u0119, i\u0161laikant esteti\u0161k\u0105 interjero i\u0161vaizd\u0105.<\/p>","protected":false},"excerpt":{"rendered":"<p>Plotis: 204 cm<br \/>\nIlgis: 208 cm<br \/>\nAuk\u0161tis: 115 cm<br \/>\nMiegamasis plotas: 200 \u00d7 200 cm<br \/>\nMiegojimo auk\u0161tis: 63 cm<\/p>","protected":false},"featured_media":214772,"comment_status":"open","ping_status":"closed","template":"","meta":[],"product_brand":[],"product_cat":[505,9143,514,7271],"product_tag":[],"class_list":{"0":"post-214669","1":"product","2":"type-product","3":"status-publish","4":"has-post-thumbnail","6":"product_cat-bedroom-beds","7":"product_cat-beds-200x200","8":"product_cat-continental-beds","9":"product_cat-meble-gruszka","11":"first","12":"instock","13":"shipping-taxable","14":"purchasable","15":"product-type-variable","16":"wvs-archive-product-wrapper"},"_links":{"self":[{"href":"https:\/\/baldumarket.lt\/lt\/wp-json\/wp\/v2\/product\/214669","targetHints":{"allow":["GET"]}}],"collection":[{"href":"https:\/\/baldumarket.lt\/lt\/wp-json\/wp\/v2\/product"}],"about":[{"href":"https:\/\/baldumarket.lt\/lt\/wp-json\/wp\/v2\/types\/product"}],"replies":[{"embeddable":true,"href":"https:\/\/baldumarket.lt\/lt\/wp-json\/wp\/v2\/comments?post=214669"}],"wp:featuredmedia":[{"embeddable":true,"href":"https:\/\/baldumarket.lt\/lt\/wp-json\/wp\/v2\/media\/214772"}],"wp:attachment":[{"href":"https:\/\/baldumarket.lt\/lt\/wp-json\/wp\/v2\/media?parent=214669"}],"wp:term":[{"taxonomy":"product_brand","embeddable":true,"href":"https:\/\/baldumarket.lt\/lt\/wp-json\/wp\/v2\/product_brand?post=214669"},{"taxonomy":"product_cat","embeddable":true,"href":"https:\/\/baldumarket.lt\/lt\/wp-json\/wp\/v2\/product_cat?post=214669"},{"taxonomy":"product_tag","embeddable":true,"href":"https:\/\/baldumarket.lt\/lt\/wp-json\/wp\/v2\/product_tag?post=214669"}],"curies":[{"name":"wp","href":"https:\/\/api.w.org\/{rel}","templated":true}]}}