{"id":214667,"date":"2025-12-26T20:03:19","date_gmt":"2025-12-26T17:03:19","guid":{"rendered":"https:\/\/baldumarket.lt\/?post_type=product&#038;p=214667"},"modified":"2026-02-03T23:14:52","modified_gmt":"2026-02-03T20:14:52","slug":"lozko-kontynentalne-bakarat-120x200-tapicerowane-materac-topper-pojemnik","status":"publish","type":"product","link":"https:\/\/baldumarket.lt\/lt\/product\/lozko-kontynentalne-bakarat-120x200-tapicerowane-materac-topper-pojemnik\/","title":{"rendered":"Bakarat kontinentin\u0117 lova 120&#215;200, apmu\u0161ta, \u010diu\u017einys, \u010diu\u017einuko u\u017etiesalas, konteineris"},"content":{"rendered":"<p>\u201eBakarat\u201c 120\u00d7200 cm kontinentin\u0117 lova \u2013 tai unikalus garsaus gamintojo \u201eGruszka Meble\u201c pasi\u016blymas, apjungiantis ne tik patog\u0173 mieg\u0105, bet ir unikal\u0173 stili\u0173. \u0160is modelis pasi\u017eymi unikaliu, dygsniuotu galv\u016bgaliu su apmu\u0161al\u0173 sagomis, suteikian\u010diu baldui elegancijos ir rafinuotumo, o i\u0161skirtiniai galv\u016bgalio \u0161onai, primenantys klasikinius USZAK fotelius, pabr\u0117\u017eia i\u0161skirtin\u012f, nesenstant\u012f dizain\u0105.<\/p>","protected":false},"excerpt":{"rendered":"<p>Plotis: 154 cm<br \/>\nIlgis: 212 cm<br \/>\nAuk\u0161tis: 120 cm<br \/>\nMiegamasis plotas: 120 \u00d7 200 cm<br \/>\nMiegamosios dalies auk\u0161tis: 59 cm<\/p>","protected":false},"featured_media":214763,"comment_status":"open","ping_status":"closed","template":"","meta":[],"product_brand":[],"product_cat":[505,1969,514,7271],"product_tag":[],"class_list":{"0":"post-214667","1":"product","2":"type-product","3":"status-publish","4":"has-post-thumbnail","6":"product_cat-bedroom-beds","7":"product_cat-beds-120x200","8":"product_cat-continental-beds","9":"product_cat-meble-gruszka","11":"first","12":"instock","13":"shipping-taxable","14":"purchasable","15":"product-type-variable","16":"wvs-archive-product-wrapper"},"_links":{"self":[{"href":"https:\/\/baldumarket.lt\/lt\/wp-json\/wp\/v2\/product\/214667","targetHints":{"allow":["GET"]}}],"collection":[{"href":"https:\/\/baldumarket.lt\/lt\/wp-json\/wp\/v2\/product"}],"about":[{"href":"https:\/\/baldumarket.lt\/lt\/wp-json\/wp\/v2\/types\/product"}],"replies":[{"embeddable":true,"href":"https:\/\/baldumarket.lt\/lt\/wp-json\/wp\/v2\/comments?post=214667"}],"wp:featuredmedia":[{"embeddable":true,"href":"https:\/\/baldumarket.lt\/lt\/wp-json\/wp\/v2\/media\/214763"}],"wp:attachment":[{"href":"https:\/\/baldumarket.lt\/lt\/wp-json\/wp\/v2\/media?parent=214667"}],"wp:term":[{"taxonomy":"product_brand","embeddable":true,"href":"https:\/\/baldumarket.lt\/lt\/wp-json\/wp\/v2\/product_brand?post=214667"},{"taxonomy":"product_cat","embeddable":true,"href":"https:\/\/baldumarket.lt\/lt\/wp-json\/wp\/v2\/product_cat?post=214667"},{"taxonomy":"product_tag","embeddable":true,"href":"https:\/\/baldumarket.lt\/lt\/wp-json\/wp\/v2\/product_tag?post=214667"}],"curies":[{"name":"wp","href":"https:\/\/api.w.org\/{rel}","templated":true}]}}