{"id":214653,"date":"2025-12-26T20:02:50","date_gmt":"2025-12-26T17:02:50","guid":{"rendered":"https:\/\/baldumarket.lt\/?post_type=product&#038;p=214653"},"modified":"2026-02-03T23:14:52","modified_gmt":"2026-02-03T20:14:52","slug":"lozko-kontynentalne-bakarat-140x200-tapicerowane-materac-topper-pojemnik","status":"publish","type":"product","link":"https:\/\/baldumarket.lt\/lt\/product\/lozko-kontynentalne-bakarat-140x200-tapicerowane-materac-topper-pojemnik\/","title":{"rendered":"Bakarat kontinentin\u0117 lova 140&#215;200, apmu\u0161ta, \u010diu\u017einys, \u010diu\u017einuko u\u017etiesalas, konteineris"},"content":{"rendered":"<p>\u201eBakarat\u201c 140\u00d7200 cm kontinentin\u0117 lova \u2013 unikalus pasirinkimas tiems, kurie vertina auk\u0161\u010diausi\u0105 miego komfort\u0105 ir unikal\u0173 dizain\u0105. \u0160is \u201eGruszka Meble\u201c modelis pasi\u017eymi i\u0161skirtiniu, dygsniuotu galv\u016bgaliu su apmu\u0161al\u0173 sagomis ir unikaliais galv\u016bgalio pagalv\u0117l\u0117mis, \u012fkv\u0117ptomis klasikinio USZAK foteli\u0173 stiliaus. \u0160is derinys suteikia jaukumo ir elegancijos bet kokiam interjerui.<\/p>","protected":false},"excerpt":{"rendered":"<p>Plotis: 174 cm<br \/>\nIlgis: 212 cm<br \/>\nAuk\u0161tis: 120 cm<br \/>\nMiegamasis plotas: 140 \u00d7 200 cm<br \/>\nMiegamosios dalies auk\u0161tis: 59 cm<\/p>","protected":false},"featured_media":214758,"comment_status":"open","ping_status":"closed","template":"","meta":[],"product_brand":[],"product_cat":[505,1970,514,7271],"product_tag":[],"class_list":{"0":"post-214653","1":"product","2":"type-product","3":"status-publish","4":"has-post-thumbnail","6":"product_cat-bedroom-beds","7":"product_cat-beds-140x200","8":"product_cat-continental-beds","9":"product_cat-meble-gruszka","11":"first","12":"instock","13":"shipping-taxable","14":"purchasable","15":"product-type-variable","16":"wvs-archive-product-wrapper"},"_links":{"self":[{"href":"https:\/\/baldumarket.lt\/lt\/wp-json\/wp\/v2\/product\/214653","targetHints":{"allow":["GET"]}}],"collection":[{"href":"https:\/\/baldumarket.lt\/lt\/wp-json\/wp\/v2\/product"}],"about":[{"href":"https:\/\/baldumarket.lt\/lt\/wp-json\/wp\/v2\/types\/product"}],"replies":[{"embeddable":true,"href":"https:\/\/baldumarket.lt\/lt\/wp-json\/wp\/v2\/comments?post=214653"}],"wp:featuredmedia":[{"embeddable":true,"href":"https:\/\/baldumarket.lt\/lt\/wp-json\/wp\/v2\/media\/214758"}],"wp:attachment":[{"href":"https:\/\/baldumarket.lt\/lt\/wp-json\/wp\/v2\/media?parent=214653"}],"wp:term":[{"taxonomy":"product_brand","embeddable":true,"href":"https:\/\/baldumarket.lt\/lt\/wp-json\/wp\/v2\/product_brand?post=214653"},{"taxonomy":"product_cat","embeddable":true,"href":"https:\/\/baldumarket.lt\/lt\/wp-json\/wp\/v2\/product_cat?post=214653"},{"taxonomy":"product_tag","embeddable":true,"href":"https:\/\/baldumarket.lt\/lt\/wp-json\/wp\/v2\/product_tag?post=214653"}],"curies":[{"name":"wp","href":"https:\/\/api.w.org\/{rel}","templated":true}]}}