{"id":214644,"date":"2025-12-26T20:02:24","date_gmt":"2025-12-26T17:02:24","guid":{"rendered":"https:\/\/baldumarket.lt\/?post_type=product&#038;p=214644"},"modified":"2026-02-03T23:14:52","modified_gmt":"2026-02-03T20:14:52","slug":"lozko-kontynentalne-bakarat-160x200-tapicerowane-materac-topper-pojemnik","status":"publish","type":"product","link":"https:\/\/baldumarket.lt\/lt\/product\/lozko-kontynentalne-bakarat-160x200-tapicerowane-materac-topper-pojemnik\/","title":{"rendered":"Bakarat kontinentin\u0117 lova 160&#215;200, apmu\u0161ta, \u010diu\u017einys, \u010diu\u017einuko u\u017etiesalas, konteineris"},"content":{"rendered":"<p>Ie\u0161kote eleganti\u0161kos ir patogios lovos savo miegamajam? Garsaus \u201eGruszka Meble\u201c prek\u0117s \u017eenklo \u201eBakarat\u201c 160 \u00d7 200 cm kontinentin\u0117 lova derina modernius sprendimus su klasikine estetika. Unikalus lovos galv\u016bgalis su dekoratyviniais dygsniais ir apmu\u0161al\u0173 sagomis, taip pat i\u0161skirtin\u0117s \u0161onin\u0117s panel\u0117s USZAK fotelio stiliumi, \u0161is baldas suteikia unikali\u0105 atmosfer\u0105 bet kokiam interjerui.<\/p>","protected":false},"excerpt":{"rendered":"<p>Plotis: 194 cm<br \/>\nIlgis: 212 cm<br \/>\nAuk\u0161tis: 120 cm<br \/>\nMiegamoji erdv\u0117: 160 \u00d7 200 cm<br \/>\nMiegamosios dalies auk\u0161tis: 59 cm<\/p>","protected":false},"featured_media":214749,"comment_status":"open","ping_status":"closed","template":"","meta":[],"product_brand":[],"product_cat":[505,1971,514,7271],"product_tag":[],"class_list":{"0":"post-214644","1":"product","2":"type-product","3":"status-publish","4":"has-post-thumbnail","6":"product_cat-bedroom-beds","7":"product_cat-beds-160x200","8":"product_cat-continental-beds","9":"product_cat-meble-gruszka","11":"first","12":"instock","13":"shipping-taxable","14":"purchasable","15":"product-type-variable","16":"wvs-archive-product-wrapper"},"_links":{"self":[{"href":"https:\/\/baldumarket.lt\/lt\/wp-json\/wp\/v2\/product\/214644","targetHints":{"allow":["GET"]}}],"collection":[{"href":"https:\/\/baldumarket.lt\/lt\/wp-json\/wp\/v2\/product"}],"about":[{"href":"https:\/\/baldumarket.lt\/lt\/wp-json\/wp\/v2\/types\/product"}],"replies":[{"embeddable":true,"href":"https:\/\/baldumarket.lt\/lt\/wp-json\/wp\/v2\/comments?post=214644"}],"wp:featuredmedia":[{"embeddable":true,"href":"https:\/\/baldumarket.lt\/lt\/wp-json\/wp\/v2\/media\/214749"}],"wp:attachment":[{"href":"https:\/\/baldumarket.lt\/lt\/wp-json\/wp\/v2\/media?parent=214644"}],"wp:term":[{"taxonomy":"product_brand","embeddable":true,"href":"https:\/\/baldumarket.lt\/lt\/wp-json\/wp\/v2\/product_brand?post=214644"},{"taxonomy":"product_cat","embeddable":true,"href":"https:\/\/baldumarket.lt\/lt\/wp-json\/wp\/v2\/product_cat?post=214644"},{"taxonomy":"product_tag","embeddable":true,"href":"https:\/\/baldumarket.lt\/lt\/wp-json\/wp\/v2\/product_tag?post=214644"}],"curies":[{"name":"wp","href":"https:\/\/api.w.org\/{rel}","templated":true}]}}