{"id":214642,"date":"2025-12-26T20:02:21","date_gmt":"2025-12-26T17:02:21","guid":{"rendered":"https:\/\/baldumarket.lt\/?post_type=product&#038;p=214642"},"modified":"2026-02-03T23:14:52","modified_gmt":"2026-02-03T20:14:52","slug":"lozko-kontynentalne-bakarat-180x200-tapicerowane-materac-topper-pojemnik","status":"publish","type":"product","link":"https:\/\/baldumarket.lt\/lt\/product\/lozko-kontynentalne-bakarat-180x200-tapicerowane-materac-topper-pojemnik\/","title":{"rendered":"Bakarat kontinentin\u0117 lova 180&#215;200, apmu\u0161ta, \u010diu\u017einys, \u010diu\u017einuko u\u017etiesalas, konteineris"},"content":{"rendered":"<p>\u201eGruszka Meble\u201c kontinentin\u0117 lova \u201eBakarat\u201c 180\u00d7200 cm \u2013 puikus pasirinkimas ie\u0161kantiems prabangios i\u0161vaizdos ir auk\u0161\u010diausio lygio komforto. \u012esp\u016bdingas dygsniuotas galv\u016bgalis su apmu\u0161al\u0173 sagomis, auk\u0161ti \u0161onai, primenantys klasikin\u012f fotel\u012f su atlo\u0161u, ir tvirta konstrukcija paver\u010dia \u0161\u012f model\u012f unikaliu bet kurio miegamojo akcentu. \u0160i stilinga 180\u00d7200 cm lova pasi\u017eymi rafinuotomis detal\u0117mis ir didinga i\u0161vaizda, kuri dera tiek prie eleganti\u0161ko, tiek prie modernaus interjero. \u201eBakarat\u201c yra ne tik \u012fsp\u016bdingas baldas, bet ir svarbiausia \u2013 kokyb\u0117s bei patogaus miego garantija ateinantiems metams.<\/p>","protected":false},"excerpt":{"rendered":"<p>Plotis: 214 cm<br \/>\nIlgis: 212 cm<br \/>\nAuk\u0161tis: 120 cm<br \/>\nMiegamoji erdv\u0117: 180 \u00d7 200 cm<br \/>\nMiegojimo auk\u0161tis: 59 cm<\/p>","protected":false},"featured_media":214744,"comment_status":"open","ping_status":"closed","template":"","meta":[],"product_brand":[],"product_cat":[505,1972,514,7271],"product_tag":[],"class_list":{"0":"post-214642","1":"product","2":"type-product","3":"status-publish","4":"has-post-thumbnail","6":"product_cat-bedroom-beds","7":"product_cat-beds-180x200","8":"product_cat-continental-beds","9":"product_cat-meble-gruszka","11":"first","12":"instock","13":"shipping-taxable","14":"purchasable","15":"product-type-variable","16":"wvs-archive-product-wrapper"},"_links":{"self":[{"href":"https:\/\/baldumarket.lt\/lt\/wp-json\/wp\/v2\/product\/214642","targetHints":{"allow":["GET"]}}],"collection":[{"href":"https:\/\/baldumarket.lt\/lt\/wp-json\/wp\/v2\/product"}],"about":[{"href":"https:\/\/baldumarket.lt\/lt\/wp-json\/wp\/v2\/types\/product"}],"replies":[{"embeddable":true,"href":"https:\/\/baldumarket.lt\/lt\/wp-json\/wp\/v2\/comments?post=214642"}],"wp:featuredmedia":[{"embeddable":true,"href":"https:\/\/baldumarket.lt\/lt\/wp-json\/wp\/v2\/media\/214744"}],"wp:attachment":[{"href":"https:\/\/baldumarket.lt\/lt\/wp-json\/wp\/v2\/media?parent=214642"}],"wp:term":[{"taxonomy":"product_brand","embeddable":true,"href":"https:\/\/baldumarket.lt\/lt\/wp-json\/wp\/v2\/product_brand?post=214642"},{"taxonomy":"product_cat","embeddable":true,"href":"https:\/\/baldumarket.lt\/lt\/wp-json\/wp\/v2\/product_cat?post=214642"},{"taxonomy":"product_tag","embeddable":true,"href":"https:\/\/baldumarket.lt\/lt\/wp-json\/wp\/v2\/product_tag?post=214642"}],"curies":[{"name":"wp","href":"https:\/\/api.w.org\/{rel}","templated":true}]}}