{"id":214626,"date":"2025-12-26T20:01:35","date_gmt":"2025-12-26T17:01:35","guid":{"rendered":"https:\/\/baldumarket.lt\/?post_type=product&#038;p=214626"},"modified":"2026-02-03T23:14:53","modified_gmt":"2026-02-03T20:14:53","slug":"lozko-kontynentalne-bakarat-200x200-tapicerowane-materac-topper-pojemnik","status":"publish","type":"product","link":"https:\/\/baldumarket.lt\/lt\/product\/lozko-kontynentalne-bakarat-200x200-tapicerowane-materac-topper-pojemnik\/","title":{"rendered":"Bakarat kontinentin\u0117 lova 200&#215;200, apmu\u0161ta, \u010diu\u017einys, \u010diu\u017einuko u\u017etiesalas, konteineris"},"content":{"rendered":"<p>Jei svajojate apie maksimali\u0105 poilsio erdv\u0119 ir \u012fsp\u016bding\u0105 miegamojo dizain\u0105, \u201eBakarat\u201c 200 \u00d7 200 cm kontinentin\u0117 lova yra puikus pasirinkimas. Tai did\u017eiausia kontinentin\u0117 lova, kuri\u0105 si\u016blo garsus Lenkijos prek\u0117s \u017eenklas \u201eGruszka Meble\u201c, kuris specializuojasi auk\u0161\u010diausios kokyb\u0117s mink\u0161t\u0173 bald\u0173 gamyboje. \u201eBakarat\u201c modelis apjungia eleganti\u0161k\u0105 stili\u0173, \u012fsp\u016bding\u0105 lovos galv\u016bgal\u012f su atlo\u0161ais, prakti\u0161kas dizaino ypatybes ir komfort\u0105, kuris pakeis j\u016bs\u0173 miego kokyb\u0119. Tai tobula lova dideliam miegamajam, sukurta atsi\u017evelgiant \u012f reikliausius vartotojus.<\/p>","protected":false},"excerpt":{"rendered":"<p>Plotis: 234 cm<br \/>\nIlgis: 212 cm<br \/>\nAuk\u0161tis: 120 cm<br \/>\nMiegamasis plotas: 200 \u00d7 200 cm<br \/>\nMiegojimo auk\u0161tis: 59 cm<\/p>","protected":false},"featured_media":214735,"comment_status":"open","ping_status":"closed","template":"","meta":[],"product_brand":[],"product_cat":[505,9143,514,7271],"product_tag":[],"class_list":{"0":"post-214626","1":"product","2":"type-product","3":"status-publish","4":"has-post-thumbnail","6":"product_cat-bedroom-beds","7":"product_cat-beds-200x200","8":"product_cat-continental-beds","9":"product_cat-meble-gruszka","11":"first","12":"instock","13":"shipping-taxable","14":"purchasable","15":"product-type-variable","16":"wvs-archive-product-wrapper"},"_links":{"self":[{"href":"https:\/\/baldumarket.lt\/lt\/wp-json\/wp\/v2\/product\/214626","targetHints":{"allow":["GET"]}}],"collection":[{"href":"https:\/\/baldumarket.lt\/lt\/wp-json\/wp\/v2\/product"}],"about":[{"href":"https:\/\/baldumarket.lt\/lt\/wp-json\/wp\/v2\/types\/product"}],"replies":[{"embeddable":true,"href":"https:\/\/baldumarket.lt\/lt\/wp-json\/wp\/v2\/comments?post=214626"}],"wp:featuredmedia":[{"embeddable":true,"href":"https:\/\/baldumarket.lt\/lt\/wp-json\/wp\/v2\/media\/214735"}],"wp:attachment":[{"href":"https:\/\/baldumarket.lt\/lt\/wp-json\/wp\/v2\/media?parent=214626"}],"wp:term":[{"taxonomy":"product_brand","embeddable":true,"href":"https:\/\/baldumarket.lt\/lt\/wp-json\/wp\/v2\/product_brand?post=214626"},{"taxonomy":"product_cat","embeddable":true,"href":"https:\/\/baldumarket.lt\/lt\/wp-json\/wp\/v2\/product_cat?post=214626"},{"taxonomy":"product_tag","embeddable":true,"href":"https:\/\/baldumarket.lt\/lt\/wp-json\/wp\/v2\/product_tag?post=214626"}],"curies":[{"name":"wp","href":"https:\/\/api.w.org\/{rel}","templated":true}]}}