{"id":214608,"date":"2025-12-26T20:00:56","date_gmt":"2025-12-26T17:00:56","guid":{"rendered":"https:\/\/baldumarket.lt\/?post_type=product&#038;p=214608"},"modified":"2026-02-03T23:14:53","modified_gmt":"2026-02-03T20:14:53","slug":"lozko-kontynentalne-bari-140x200-tapicerowane-materac-topper-pojemnik","status":"publish","type":"product","link":"https:\/\/baldumarket.lt\/lt\/product\/lozko-kontynentalne-bari-140x200-tapicerowane-materac-topper-pojemnik\/","title":{"rendered":"Bari kontinentin\u0117 lova 140\u00d7200, apmu\u0161ta, \u010diu\u017einys, \u010diu\u017einuko u\u017etiesalas, konteineris"},"content":{"rendered":"<p>\u201eBari\u201c 140 \u00d7 200 cm kontinentin\u0117 lova \u2013 puikus sprendimas ie\u0161kantiems lovos, kurioje b\u016bt\u0173 patogus miegas ir funkcionali daikt\u0173 laikymo vieta. Du \u0161oniniai patalyn\u0117s skyriai u\u017etikrina patog\u0173 antklod\u017ei\u0173, pagalvi\u0173, apklot\u0173 ir kit\u0173 tekstil\u0117s gamini\u0173 laikym\u0105. D\u0117l automatinio spyruoklinio mechanizmo skyrius atidaryti ir u\u017edaryti lengva ir saugu \u2013 net ir kasdien naudojant.<\/p>","protected":false},"excerpt":{"rendered":"<p>Plotis: 144 cm<br \/>\nIlgis: 208 cm<br \/>\nAuk\u0161tis: 115 cm<br \/>\nMiegamasis plotas: 140 \u00d7 200 cm<br \/>\nMiegojimo auk\u0161tis: 63 cm<\/p>","protected":false},"featured_media":214719,"comment_status":"open","ping_status":"closed","template":"","meta":[],"product_brand":[],"product_cat":[505,1970,514,7271],"product_tag":[],"class_list":{"0":"post-214608","1":"product","2":"type-product","3":"status-publish","4":"has-post-thumbnail","6":"product_cat-bedroom-beds","7":"product_cat-beds-140x200","8":"product_cat-continental-beds","9":"product_cat-meble-gruszka","11":"first","12":"instock","13":"shipping-taxable","14":"purchasable","15":"product-type-variable","16":"wvs-archive-product-wrapper"},"_links":{"self":[{"href":"https:\/\/baldumarket.lt\/lt\/wp-json\/wp\/v2\/product\/214608","targetHints":{"allow":["GET"]}}],"collection":[{"href":"https:\/\/baldumarket.lt\/lt\/wp-json\/wp\/v2\/product"}],"about":[{"href":"https:\/\/baldumarket.lt\/lt\/wp-json\/wp\/v2\/types\/product"}],"replies":[{"embeddable":true,"href":"https:\/\/baldumarket.lt\/lt\/wp-json\/wp\/v2\/comments?post=214608"}],"wp:featuredmedia":[{"embeddable":true,"href":"https:\/\/baldumarket.lt\/lt\/wp-json\/wp\/v2\/media\/214719"}],"wp:attachment":[{"href":"https:\/\/baldumarket.lt\/lt\/wp-json\/wp\/v2\/media?parent=214608"}],"wp:term":[{"taxonomy":"product_brand","embeddable":true,"href":"https:\/\/baldumarket.lt\/lt\/wp-json\/wp\/v2\/product_brand?post=214608"},{"taxonomy":"product_cat","embeddable":true,"href":"https:\/\/baldumarket.lt\/lt\/wp-json\/wp\/v2\/product_cat?post=214608"},{"taxonomy":"product_tag","embeddable":true,"href":"https:\/\/baldumarket.lt\/lt\/wp-json\/wp\/v2\/product_tag?post=214608"}],"curies":[{"name":"wp","href":"https:\/\/api.w.org\/{rel}","templated":true}]}}