{"id":21459,"date":"2025-11-14T13:18:46","date_gmt":"2025-11-14T10:18:46","guid":{"rendered":"https:\/\/baldumarket.lt\/product\/milo\/"},"modified":"2026-03-24T16:56:27","modified_gmt":"2026-03-24T13:56:27","slug":"milo","status":"publish","type":"product","link":"https:\/\/baldumarket.lt\/lt\/product\/milo\/","title":{"rendered":"Nikosas"},"content":{"rendered":"<p>\u201eMilo\u201c \u2013 tobulas klasikos ir modernumo derinys, kurios matmenys \u2013 213 x 95 x 90 cm. \u0160i sofa tikrai gali b\u016bti pritaikyta bet kokiam interjerui. Paprastas dizainas, patikrinta, tvirta konstrukcija ir d\u0117mesys detal\u0117ms \u2013 b\u016btent tai ir yra m\u016bs\u0173 \u201eMilo\u201c poilsio baldai. Jie ne tik puikiai tinka naudoti dien\u0105, bet ir puikiai tinka kaip lova nakt\u012f. \u0160ios sofos matmenys \u2013 200 x 140 cm. M\u016bs\u0173 sofa taip pat turi erdv\u0173 patalyn\u0117s skyri\u0173 d\u0117\u017e\u0117je. Jos funkcionalumas taip pat padidina komfort\u0105 \u2013 s\u0117dyn\u0117 pagaminta i\u0161 patvari\u0173 \u201eBonnell\u201c spyruokli\u0173 ir lanks\u010di\u0173 T25 put\u0173 derinio. Papildomi \u0161io modelio privalumai: erdvios pagalv\u0117l\u0117s, dviej\u0173 lygi\u0173 s\u0117dyn\u0117, blizgios chromuotos kojel\u0117s, porankiai, kurie atlieka ir galvos atramos funkcij\u0105, ir tai, kad j\u012f galima \u012fsigyti \u012fvairi\u0173 spalv\u0173. \u201eMilo\u201c tikrai yra geras pasirinkimas, d\u017eiuginantis savo paprastumu ir minimalizmu.<\/p>","protected":false},"excerpt":{"rendered":"<p>\u201eMilo\u201c \u2013 tai tobulas klasikos ir modernumo derinys, jos matmenys \u2013 213 x 95 x 90 cm. \u0160i sofa tikrai tinka bet kokiam interjerui. Paprastas dizainas, patikrinta, tvirta konstrukcija ir d\u0117mesys detal\u0117ms \u2013 b\u016btent tai ir yra m\u016bs\u0173 \u201eMilo\u201c poilsio baldai. Jie ne tik puikiai tinka naudoti dien\u0105, bet ir [\u2026]<\/p>","protected":false},"featured_media":21460,"comment_status":"open","ping_status":"open","template":"","meta":[],"product_brand":[],"product_cat":[2012,9170,560],"product_tag":[],"class_list":{"0":"post-21459","1":"product","2":"type-product","3":"status-publish","4":"has-post-thumbnail","6":"product_cat-eltap","7":"product_cat-sofy-i-kanapy-eltap","8":"product_cat-sofas-and-couches","10":"first","11":"instock","12":"purchasable","13":"product-type-variable","14":"wvs-archive-product-wrapper"},"_links":{"self":[{"href":"https:\/\/baldumarket.lt\/lt\/wp-json\/wp\/v2\/product\/21459","targetHints":{"allow":["GET"]}}],"collection":[{"href":"https:\/\/baldumarket.lt\/lt\/wp-json\/wp\/v2\/product"}],"about":[{"href":"https:\/\/baldumarket.lt\/lt\/wp-json\/wp\/v2\/types\/product"}],"replies":[{"embeddable":true,"href":"https:\/\/baldumarket.lt\/lt\/wp-json\/wp\/v2\/comments?post=21459"}],"wp:featuredmedia":[{"embeddable":true,"href":"https:\/\/baldumarket.lt\/lt\/wp-json\/wp\/v2\/media\/21460"}],"wp:attachment":[{"href":"https:\/\/baldumarket.lt\/lt\/wp-json\/wp\/v2\/media?parent=21459"}],"wp:term":[{"taxonomy":"product_brand","embeddable":true,"href":"https:\/\/baldumarket.lt\/lt\/wp-json\/wp\/v2\/product_brand?post=21459"},{"taxonomy":"product_cat","embeddable":true,"href":"https:\/\/baldumarket.lt\/lt\/wp-json\/wp\/v2\/product_cat?post=21459"},{"taxonomy":"product_tag","embeddable":true,"href":"https:\/\/baldumarket.lt\/lt\/wp-json\/wp\/v2\/product_tag?post=21459"}],"curies":[{"name":"wp","href":"https:\/\/api.w.org\/{rel}","templated":true}]}}