{"id":214579,"date":"2025-12-26T19:59:32","date_gmt":"2025-12-26T16:59:32","guid":{"rendered":"https:\/\/baldumarket.lt\/?post_type=product&#038;p=214579"},"modified":"2026-02-03T23:14:54","modified_gmt":"2026-02-03T20:14:54","slug":"lozko-kontynentalne-basic-120x200-tapicerowane-materac-topper-pojemnik","status":"publish","type":"product","link":"https:\/\/baldumarket.lt\/lt\/product\/lozko-kontynentalne-basic-120x200-tapicerowane-materac-topper-pojemnik\/","title":{"rendered":"Paprasta kontinentin\u0117 lova 120\u00d7200, apmu\u0161ta, \u010diu\u017einys, \u010diu\u017einuko u\u017etiesalas, konteineris"},"content":{"rendered":"<p>Jei ie\u0161kote modernios ir paprastos kontinentin\u0117s lovos, turime jums puik\u0173 variant\u0105! \u201eBasic\u201c lova! Ji pasi\u017eymi auk\u0161tu, mink\u0161tu galv\u016bgaliu, ypa\u010d patogiu \u017ei\u016brint film\u0105 ar skaitant knyg\u0105 vakare, kai nugarai reikia mink\u0161to poilsio. Lovoje taip pat yra patalyn\u0117s laikymo skyriai apa\u010dioje. Juos dengia pagrindinis vidutinio kietumo ki\u0161enini\u0173 spyruokli\u0173 \u010diu\u017einys, pakeliamas spyruokli\u0173 pavaromis. Jis yra padalintas \u012f dvi dalis, kad \u0161alia miegan\u010dio asmens judesiai nepersiduot\u0173 ant gretimo \u010diu\u017einio. Visa lova padengta ma\u017edaug 5 cm storio putplas\u010dio \u010diu\u017einio u\u017etiesalu.<\/p>","protected":false},"excerpt":{"rendered":"<p>Plotis: 120 cm<br \/>\nIlgis: 213 cm<br \/>\nAuk\u0161tis: 120 cm<br \/>\nMiegamasis plotas: 120 \u00d7 200 cm<br \/>\nMiegamosios dalies auk\u0161tis: 64 cm<\/p>","protected":false},"featured_media":214690,"comment_status":"open","ping_status":"closed","template":"","meta":[],"product_brand":[],"product_cat":[505,1969,514,7271],"product_tag":[],"class_list":{"0":"post-214579","1":"product","2":"type-product","3":"status-publish","4":"has-post-thumbnail","6":"product_cat-bedroom-beds","7":"product_cat-beds-120x200","8":"product_cat-continental-beds","9":"product_cat-meble-gruszka","11":"first","12":"instock","13":"shipping-taxable","14":"purchasable","15":"product-type-variable","16":"wvs-archive-product-wrapper"},"_links":{"self":[{"href":"https:\/\/baldumarket.lt\/lt\/wp-json\/wp\/v2\/product\/214579","targetHints":{"allow":["GET"]}}],"collection":[{"href":"https:\/\/baldumarket.lt\/lt\/wp-json\/wp\/v2\/product"}],"about":[{"href":"https:\/\/baldumarket.lt\/lt\/wp-json\/wp\/v2\/types\/product"}],"replies":[{"embeddable":true,"href":"https:\/\/baldumarket.lt\/lt\/wp-json\/wp\/v2\/comments?post=214579"}],"wp:featuredmedia":[{"embeddable":true,"href":"https:\/\/baldumarket.lt\/lt\/wp-json\/wp\/v2\/media\/214690"}],"wp:attachment":[{"href":"https:\/\/baldumarket.lt\/lt\/wp-json\/wp\/v2\/media?parent=214579"}],"wp:term":[{"taxonomy":"product_brand","embeddable":true,"href":"https:\/\/baldumarket.lt\/lt\/wp-json\/wp\/v2\/product_brand?post=214579"},{"taxonomy":"product_cat","embeddable":true,"href":"https:\/\/baldumarket.lt\/lt\/wp-json\/wp\/v2\/product_cat?post=214579"},{"taxonomy":"product_tag","embeddable":true,"href":"https:\/\/baldumarket.lt\/lt\/wp-json\/wp\/v2\/product_tag?post=214579"}],"curies":[{"name":"wp","href":"https:\/\/api.w.org\/{rel}","templated":true}]}}