{"id":214564,"date":"2025-12-26T19:58:43","date_gmt":"2025-12-26T16:58:43","guid":{"rendered":"https:\/\/baldumarket.lt\/?post_type=product&#038;p=214564"},"modified":"2026-02-03T23:14:54","modified_gmt":"2026-02-03T20:14:54","slug":"lozko-kontynentalne-basic-140x200-tapicerowane-materac-topper-pojemnik","status":"publish","type":"product","link":"https:\/\/baldumarket.lt\/lt\/product\/lozko-kontynentalne-basic-140x200-tapicerowane-materac-topper-pojemnik\/","title":{"rendered":"Paprasta kontinentin\u0117 lova 140\u00d7200, apmu\u0161ta, su \u010diu\u017einiu, \u010diu\u017einio u\u017etiesalu, konteineriu"},"content":{"rendered":"<p>\u201eBasic\u201c 140\u00d7200 cm kontinentin\u0117 lova \u2013 puikus pasirinkimas ie\u0161kantiems patogios, mink\u0161tos lovos, pasi\u017eymin\u010dios universaliu dizainu ir prakti\u0161ku funkcionalumu. Lenk\u0173 gamintojo \u201eGruszka Meble\u201c sukurta lova \u017eavi paprastu dizainu, tvirta konstrukcija ir trij\u0173 sluoksni\u0173 \u010diu\u017eini\u0173 sistema, u\u017etikrinan\u010dia auk\u0161\u010diausi\u0105 miego komfort\u0105 kiekvien\u0105 nakt\u012f. Minimalistinio stiliaus ir kompakti\u0161ko dyd\u017eio \u201eBasic\u201c lova, kurios miegamojo plotas yra 140\u00d7200 cm, puikiai tinka \u0161iuolaiki\u0161kiems, ma\u017eiems miegamiesiems, taip pat paauglio kambariui. Joje yra patogus, septyni\u0173 zon\u0173 ki\u0161enini\u0173 spyruokli\u0173 \u010diu\u017einys ir 5 cm storio putplas\u010dio \u010diu\u017einys. Apatin\u0117je lovos dalyje yra erdv\u016bs ir prakti\u0161ki patalyn\u0117s skyriai, kurie lengvai atsidaro spyruokliniais mechanizmais.<\/p>","protected":false},"excerpt":{"rendered":"<p>Plotis: 140 cm<br \/>\nIlgis: 213 cm<br \/>\nAuk\u0161tis: 120 cm<br \/>\nMiegamasis plotas: 140 \u00d7 200 cm<br \/>\nMiegamosios dalies auk\u0161tis: 64 cm<\/p>","protected":false},"featured_media":214683,"comment_status":"open","ping_status":"closed","template":"","meta":[],"product_brand":[],"product_cat":[505,1970,514,7271],"product_tag":[],"class_list":{"0":"post-214564","1":"product","2":"type-product","3":"status-publish","4":"has-post-thumbnail","6":"product_cat-bedroom-beds","7":"product_cat-beds-140x200","8":"product_cat-continental-beds","9":"product_cat-meble-gruszka","11":"first","12":"instock","13":"shipping-taxable","14":"purchasable","15":"product-type-variable","16":"wvs-archive-product-wrapper"},"_links":{"self":[{"href":"https:\/\/baldumarket.lt\/lt\/wp-json\/wp\/v2\/product\/214564","targetHints":{"allow":["GET"]}}],"collection":[{"href":"https:\/\/baldumarket.lt\/lt\/wp-json\/wp\/v2\/product"}],"about":[{"href":"https:\/\/baldumarket.lt\/lt\/wp-json\/wp\/v2\/types\/product"}],"replies":[{"embeddable":true,"href":"https:\/\/baldumarket.lt\/lt\/wp-json\/wp\/v2\/comments?post=214564"}],"wp:featuredmedia":[{"embeddable":true,"href":"https:\/\/baldumarket.lt\/lt\/wp-json\/wp\/v2\/media\/214683"}],"wp:attachment":[{"href":"https:\/\/baldumarket.lt\/lt\/wp-json\/wp\/v2\/media?parent=214564"}],"wp:term":[{"taxonomy":"product_brand","embeddable":true,"href":"https:\/\/baldumarket.lt\/lt\/wp-json\/wp\/v2\/product_brand?post=214564"},{"taxonomy":"product_cat","embeddable":true,"href":"https:\/\/baldumarket.lt\/lt\/wp-json\/wp\/v2\/product_cat?post=214564"},{"taxonomy":"product_tag","embeddable":true,"href":"https:\/\/baldumarket.lt\/lt\/wp-json\/wp\/v2\/product_tag?post=214564"}],"curies":[{"name":"wp","href":"https:\/\/api.w.org\/{rel}","templated":true}]}}