{"id":214562,"date":"2025-12-26T19:58:40","date_gmt":"2025-12-26T16:58:40","guid":{"rendered":"https:\/\/baldumarket.lt\/?post_type=product&#038;p=214562"},"modified":"2026-02-03T23:14:54","modified_gmt":"2026-02-03T20:14:54","slug":"lozko-kontynentalne-basic-160x200-tapicerowane-materac-topper-pojemnik","status":"publish","type":"product","link":"https:\/\/baldumarket.lt\/lt\/product\/lozko-kontynentalne-basic-160x200-tapicerowane-materac-topper-pojemnik\/","title":{"rendered":"Paprasta kontinentin\u0117 lova 160\u00d7200, apmu\u0161ta, su \u010diu\u017einiu, \u010diu\u017einio u\u017etiesalu, konteineriu"},"content":{"rendered":"<p>Ie\u0161kote patogios ir tvirtos konstrukcijos lovos, kuri u\u017etikrint\u0173 ger\u0105 mieg\u0105 ir stiling\u0105 interjero dizain\u0105? \u201eGruszka Meble\u201c \u201eBasic\u201c 160 \u00d7 200 cm kontinentin\u0117 lova yra idealus pasirinkimas poroms ir tiems, kurie vertina erdv\u0119 ir komfort\u0105 atsipalaidav\u0119. Universalus dizainas, auk\u0161tos kokyb\u0117s apdaila ir funkcionalios savyb\u0117s leid\u017eia jai puikiai tinka bet kokiam miegamajam \u2013 moderniam, klasikiniam ar skandinavi\u0161kam.<\/p>","protected":false},"excerpt":{"rendered":"<p>Plotis: 160 cm<br \/>\nIlgis: 213 cm<br \/>\nAuk\u0161tis: 120 cm<br \/>\nMiegamoji erdv\u0117: 160 \u00d7 200 cm<br \/>\nMiegamosios dalies auk\u0161tis: 64 cm<\/p>","protected":false},"featured_media":214675,"comment_status":"open","ping_status":"closed","template":"","meta":[],"product_brand":[],"product_cat":[505,1971,514,7271],"product_tag":[],"class_list":{"0":"post-214562","1":"product","2":"type-product","3":"status-publish","4":"has-post-thumbnail","6":"product_cat-bedroom-beds","7":"product_cat-beds-160x200","8":"product_cat-continental-beds","9":"product_cat-meble-gruszka","11":"first","12":"instock","13":"shipping-taxable","14":"purchasable","15":"product-type-variable","16":"wvs-archive-product-wrapper"},"_links":{"self":[{"href":"https:\/\/baldumarket.lt\/lt\/wp-json\/wp\/v2\/product\/214562","targetHints":{"allow":["GET"]}}],"collection":[{"href":"https:\/\/baldumarket.lt\/lt\/wp-json\/wp\/v2\/product"}],"about":[{"href":"https:\/\/baldumarket.lt\/lt\/wp-json\/wp\/v2\/types\/product"}],"replies":[{"embeddable":true,"href":"https:\/\/baldumarket.lt\/lt\/wp-json\/wp\/v2\/comments?post=214562"}],"wp:featuredmedia":[{"embeddable":true,"href":"https:\/\/baldumarket.lt\/lt\/wp-json\/wp\/v2\/media\/214675"}],"wp:attachment":[{"href":"https:\/\/baldumarket.lt\/lt\/wp-json\/wp\/v2\/media?parent=214562"}],"wp:term":[{"taxonomy":"product_brand","embeddable":true,"href":"https:\/\/baldumarket.lt\/lt\/wp-json\/wp\/v2\/product_brand?post=214562"},{"taxonomy":"product_cat","embeddable":true,"href":"https:\/\/baldumarket.lt\/lt\/wp-json\/wp\/v2\/product_cat?post=214562"},{"taxonomy":"product_tag","embeddable":true,"href":"https:\/\/baldumarket.lt\/lt\/wp-json\/wp\/v2\/product_tag?post=214562"}],"curies":[{"name":"wp","href":"https:\/\/api.w.org\/{rel}","templated":true}]}}