{"id":214546,"date":"2025-12-26T19:58:04","date_gmt":"2025-12-26T16:58:04","guid":{"rendered":"https:\/\/baldumarket.lt\/?post_type=product&#038;p=214546"},"modified":"2026-02-03T23:14:55","modified_gmt":"2026-02-03T20:14:55","slug":"lozko-kontynentalne-basic-200x200-tapicerowane-materac-topper-pojemnik","status":"publish","type":"product","link":"https:\/\/baldumarket.lt\/lt\/product\/lozko-kontynentalne-basic-200x200-tapicerowane-materac-topper-pojemnik\/","title":{"rendered":"Paprasta kontinentin\u0117 lova 200\u00d7200, apmu\u0161ta, \u010diu\u017einys, \u010diu\u017einuko u\u017etiesalas, konteineris"},"content":{"rendered":"<p>Ie\u0161kote patogios ir erdvios 200\u00d7200 cm kontinentin\u0117s lovos, kuri u\u017etikrint\u0173 maksimal\u0173 komfort\u0105 ir puik\u0173 dizain\u0105? \u201eGruszka Meble\u201c \u201eBasic\u201c modelis skirtas reikliausiems vartotojams, kurie vertina didel\u0119 miegamojo lov\u0105 su modernia apdaila ir prakti\u0161komis savyb\u0117mis. Erdvi ir minimalistin\u0117s formos \u201eBasic\u201c lova su miegamuoju pavir\u0161iumi i\u0161siskiria universaliu stiliumi. Joje yra du erdv\u016bs patalyn\u0117s skyriai su \u0161oniniu atidarymu. Balduose yra septyni\u0173 zon\u0173 ki\u0161enini\u0173 spyruokli\u0173 \u010diu\u017einys ir 5 cm auk\u0161\u010dio putplas\u010dio \u010diu\u017einys.<\/p>","protected":false},"excerpt":{"rendered":"<p>Plotis: 200 cm<br \/>\nIlgis: 213 cm<br \/>\nAuk\u0161tis: 120 cm<br \/>\nMiegamasis plotas: 200 \u00d7 200 cm<br \/>\nMiegojimo auk\u0161tis: 64 cm<\/p>","protected":false},"featured_media":214662,"comment_status":"open","ping_status":"closed","template":"","meta":[],"product_brand":[],"product_cat":[505,9143,514,7271],"product_tag":[],"class_list":{"0":"post-214546","1":"product","2":"type-product","3":"status-publish","4":"has-post-thumbnail","6":"product_cat-bedroom-beds","7":"product_cat-beds-200x200","8":"product_cat-continental-beds","9":"product_cat-meble-gruszka","11":"first","12":"instock","13":"shipping-taxable","14":"purchasable","15":"product-type-variable","16":"wvs-archive-product-wrapper"},"_links":{"self":[{"href":"https:\/\/baldumarket.lt\/lt\/wp-json\/wp\/v2\/product\/214546","targetHints":{"allow":["GET"]}}],"collection":[{"href":"https:\/\/baldumarket.lt\/lt\/wp-json\/wp\/v2\/product"}],"about":[{"href":"https:\/\/baldumarket.lt\/lt\/wp-json\/wp\/v2\/types\/product"}],"replies":[{"embeddable":true,"href":"https:\/\/baldumarket.lt\/lt\/wp-json\/wp\/v2\/comments?post=214546"}],"wp:featuredmedia":[{"embeddable":true,"href":"https:\/\/baldumarket.lt\/lt\/wp-json\/wp\/v2\/media\/214662"}],"wp:attachment":[{"href":"https:\/\/baldumarket.lt\/lt\/wp-json\/wp\/v2\/media?parent=214546"}],"wp:term":[{"taxonomy":"product_brand","embeddable":true,"href":"https:\/\/baldumarket.lt\/lt\/wp-json\/wp\/v2\/product_brand?post=214546"},{"taxonomy":"product_cat","embeddable":true,"href":"https:\/\/baldumarket.lt\/lt\/wp-json\/wp\/v2\/product_cat?post=214546"},{"taxonomy":"product_tag","embeddable":true,"href":"https:\/\/baldumarket.lt\/lt\/wp-json\/wp\/v2\/product_tag?post=214546"}],"curies":[{"name":"wp","href":"https:\/\/api.w.org\/{rel}","templated":true}]}}