{"id":214531,"date":"2025-12-26T19:57:32","date_gmt":"2025-12-26T16:57:32","guid":{"rendered":"https:\/\/baldumarket.lt\/?post_type=product&#038;p=214531"},"modified":"2026-02-03T23:14:55","modified_gmt":"2026-02-03T20:14:55","slug":"lozko-kontynentalne-bedran-120x200-tapicerowane-materac-topper-pojemnik","status":"publish","type":"product","link":"https:\/\/baldumarket.lt\/lt\/product\/lozko-kontynentalne-bedran-120x200-tapicerowane-materac-topper-pojemnik\/","title":{"rendered":"Bedran kontinentin\u0117 lova 120\u00d7200, apmu\u0161ta, \u010diu\u017einys, \u010diu\u017einuko u\u017etiesalas, konteineris"},"content":{"rendered":"<p>Klasikin\u0117 \u201eBedran\u201c lova, kurios miegamojo plotas yra 120 \u00d7 200 cm, \u017eavi stilizuotu galv\u016bgaliu, subtiliai dygsniuotu apmu\u0161al\u0173 sagomis. Dvi metalini\u0173 blizgu\u010di\u0173 eil\u0117s, \u012fr\u0117minan\u010dios galv\u016bgal\u012f, pabr\u0117\u017eia lovos charakter\u012f. Lovoje yra septyni\u0173 zon\u0173 ki\u0161enini\u0173 spyruokli\u0173 \u010diu\u017einys ir papildomas 5 cm storio putplas\u010dio vir\u0161utinis sluoksnis. Apatin\u0117je dalyje yra du patalyn\u0117s skyriai, kurie atsidaro i\u0161 kair\u0117s ir de\u0161in\u0117s pusi\u0173. \u010ciu\u017eini\u0173 pak\u0117limas atliekamas automatiniais spyruokliniais mechanizmais, tod\u0117l tai padaryti paprasta. Visas komplektas stovi ant subtili\u0173 kojeli\u0173, kurios suteikia lengvumo. Lova pagaminta i\u0161 \u012fvairi\u0173 apmu\u0161al\u0173 med\u017eiag\u0173, kurios yra \u012ftrauktos \u012f gaminio k\u016br\u0117jo rinkin\u012f. Ji pristatoma su minimaliu surinkimu.<\/p>","protected":false},"excerpt":{"rendered":"<p>Plotis: 120 cm<br \/>\nIlgis: 208 cm<br \/>\nAuk\u0161tis: 130 cm<br \/>\nMiegamasis plotas: 120 \u00d7 200 cm<br \/>\nMiegojimo auk\u0161tis: 59 cm<\/p>","protected":false},"featured_media":214655,"comment_status":"open","ping_status":"closed","template":"","meta":[],"product_brand":[],"product_cat":[505,1969,514,7271],"product_tag":[],"class_list":{"0":"post-214531","1":"product","2":"type-product","3":"status-publish","4":"has-post-thumbnail","6":"product_cat-bedroom-beds","7":"product_cat-beds-120x200","8":"product_cat-continental-beds","9":"product_cat-meble-gruszka","11":"first","12":"instock","13":"shipping-taxable","14":"purchasable","15":"product-type-variable","16":"wvs-archive-product-wrapper"},"_links":{"self":[{"href":"https:\/\/baldumarket.lt\/lt\/wp-json\/wp\/v2\/product\/214531","targetHints":{"allow":["GET"]}}],"collection":[{"href":"https:\/\/baldumarket.lt\/lt\/wp-json\/wp\/v2\/product"}],"about":[{"href":"https:\/\/baldumarket.lt\/lt\/wp-json\/wp\/v2\/types\/product"}],"replies":[{"embeddable":true,"href":"https:\/\/baldumarket.lt\/lt\/wp-json\/wp\/v2\/comments?post=214531"}],"wp:featuredmedia":[{"embeddable":true,"href":"https:\/\/baldumarket.lt\/lt\/wp-json\/wp\/v2\/media\/214655"}],"wp:attachment":[{"href":"https:\/\/baldumarket.lt\/lt\/wp-json\/wp\/v2\/media?parent=214531"}],"wp:term":[{"taxonomy":"product_brand","embeddable":true,"href":"https:\/\/baldumarket.lt\/lt\/wp-json\/wp\/v2\/product_brand?post=214531"},{"taxonomy":"product_cat","embeddable":true,"href":"https:\/\/baldumarket.lt\/lt\/wp-json\/wp\/v2\/product_cat?post=214531"},{"taxonomy":"product_tag","embeddable":true,"href":"https:\/\/baldumarket.lt\/lt\/wp-json\/wp\/v2\/product_tag?post=214531"}],"curies":[{"name":"wp","href":"https:\/\/api.w.org\/{rel}","templated":true}]}}