{"id":214511,"date":"2025-12-26T19:56:51","date_gmt":"2025-12-26T16:56:51","guid":{"rendered":"https:\/\/baldumarket.lt\/?post_type=product&#038;p=214511"},"modified":"2026-02-03T23:14:55","modified_gmt":"2026-02-03T20:14:55","slug":"lozko-kontynentalne-bedran-180x200-tapicerowane-materac-topper-pojemnik","status":"publish","type":"product","link":"https:\/\/baldumarket.lt\/lt\/product\/lozko-kontynentalne-bedran-180x200-tapicerowane-materac-topper-pojemnik\/","title":{"rendered":"Bedran kontinentin\u0117 lova 180\u00d7200, apmu\u0161ta, \u010diu\u017einys, \u010diu\u017einuko u\u017etiesalas, konteineris"},"content":{"rendered":"<p>Didel\u0117 ir patogi \u201eBedran\u201c kontinentin\u0117 lova, kurios miegamojo plotas yra 180 \u00d7 200 cm, apr\u016bpinta septyni\u0173 zon\u0173 ki\u0161enini\u0173 spyruokli\u0173 \u010diu\u017einiu ir 5 cm storio putplas\u010dio \u010diu\u017einiu. Klasikin\u012f charakter\u012f pabr\u0117\u017eia stilizuotas, mink\u0161tas galv\u016bgalis, papuo\u0161tas dviem metalini\u0173 smeigi\u0173 eil\u0117mis ir prisi\u016btas apmu\u0161al\u0173 sagomis. Apatin\u0117je lovos dalyje yra du patalyn\u0117s skyriai, kurie atsidaro i\u0161 abiej\u0173 pusi\u0173 ir yra paremti automatiniais spyruokliniais mechanizmais. Visas komplektas stovi ant atlasini\u0173 kojeli\u0173, suteikian\u010di\u0173 elegancijos. Lova tiekiama su minimaliu surinkimu ir gali b\u016bti si\u016bloma su pla\u010diu apmu\u0161al\u0173 audini\u0173 asortimentu, kur\u012f si\u016blo \u201eProduct Creator\u201c.<\/p>","protected":false},"excerpt":{"rendered":"<p>Plotis: 180 cm<br \/>\nIlgis: 208 cm<br \/>\nAuk\u0161tis: 130 cm<br \/>\nMiegamoji erdv\u0117: 180 \u00d7 200 cm<br \/>\nMiegojimo auk\u0161tis: 59 cm<\/p>","protected":false},"featured_media":214627,"comment_status":"open","ping_status":"closed","template":"","meta":[],"product_brand":[],"product_cat":[505,1972,514,7271],"product_tag":[],"class_list":{"0":"post-214511","1":"product","2":"type-product","3":"status-publish","4":"has-post-thumbnail","6":"product_cat-bedroom-beds","7":"product_cat-beds-180x200","8":"product_cat-continental-beds","9":"product_cat-meble-gruszka","11":"first","12":"instock","13":"shipping-taxable","14":"purchasable","15":"product-type-variable","16":"wvs-archive-product-wrapper"},"_links":{"self":[{"href":"https:\/\/baldumarket.lt\/lt\/wp-json\/wp\/v2\/product\/214511","targetHints":{"allow":["GET"]}}],"collection":[{"href":"https:\/\/baldumarket.lt\/lt\/wp-json\/wp\/v2\/product"}],"about":[{"href":"https:\/\/baldumarket.lt\/lt\/wp-json\/wp\/v2\/types\/product"}],"replies":[{"embeddable":true,"href":"https:\/\/baldumarket.lt\/lt\/wp-json\/wp\/v2\/comments?post=214511"}],"wp:featuredmedia":[{"embeddable":true,"href":"https:\/\/baldumarket.lt\/lt\/wp-json\/wp\/v2\/media\/214627"}],"wp:attachment":[{"href":"https:\/\/baldumarket.lt\/lt\/wp-json\/wp\/v2\/media?parent=214511"}],"wp:term":[{"taxonomy":"product_brand","embeddable":true,"href":"https:\/\/baldumarket.lt\/lt\/wp-json\/wp\/v2\/product_brand?post=214511"},{"taxonomy":"product_cat","embeddable":true,"href":"https:\/\/baldumarket.lt\/lt\/wp-json\/wp\/v2\/product_cat?post=214511"},{"taxonomy":"product_tag","embeddable":true,"href":"https:\/\/baldumarket.lt\/lt\/wp-json\/wp\/v2\/product_tag?post=214511"}],"curies":[{"name":"wp","href":"https:\/\/api.w.org\/{rel}","templated":true}]}}