{"id":214493,"date":"2025-12-26T19:56:06","date_gmt":"2025-12-26T16:56:06","guid":{"rendered":"https:\/\/baldumarket.lt\/?post_type=product&#038;p=214493"},"modified":"2026-02-03T23:14:55","modified_gmt":"2026-02-03T20:14:55","slug":"lozko-kontynentalne-bedran-lux-120x200-tapicerowane-materac-topper-pojemnik","status":"publish","type":"product","link":"https:\/\/baldumarket.lt\/lt\/product\/lozko-kontynentalne-bedran-lux-120x200-tapicerowane-materac-topper-pojemnik\/","title":{"rendered":"Bedran Lux kontinentin\u0117 lova 120\u00d7200, apmu\u0161ta, \u010diu\u017einys, \u010diu\u017einuko u\u017etiesalas, konteineris"},"content":{"rendered":"<p>\u201eBedran Lux\u201c kontinentin\u0117 lova, kurios miegamojo plotas yra 120 \u00d7 200 cm, idealiai tinka jaunimo kambariui arba ma\u017eam miegamajam. Joje yra du stilizuoti galv\u016bgaliai, papuo\u0161ti metalin\u0117mis knied\u0117mis. Auk\u0161tesnis galv\u016bgalis papildomai dygsniuotas didel\u0117mis apmu\u0161al\u0173 sagomis. Lovoje yra septyni\u0173 zon\u0173 ki\u0161enini\u0173 spyruokli\u0173 \u010diu\u017einys ir 5 cm storio putplas\u010dio \u010diu\u017einys. Apatin\u0117je dalyje yra du patalyn\u0117s skyriai, kurie atsidaro i\u0161 abiej\u0173 pusi\u0173 automatiniais spyruokliniais mechanizmais. Lova pristatoma supakuota, tod\u0117l j\u0105 surinkti reikia minimaliai. Apmu\u0161al\u0173 audini\u0173 pavyzd\u012f galite rasti gamini\u0173 vedlyje.<\/p>","protected":false},"excerpt":{"rendered":"<p>Plotis: 130 cm<br \/>\nIlgis: 214 cm<br \/>\nAuk\u0161tis: 130 cm<br \/>\nMiegamasis plotas: 120 \u00d7 200 cm<br \/>\nMiegojimo auk\u0161tis: 59 cm<\/p>","protected":false},"featured_media":214609,"comment_status":"open","ping_status":"closed","template":"","meta":[],"product_brand":[],"product_cat":[505,1969,514,7271],"product_tag":[],"class_list":{"0":"post-214493","1":"product","2":"type-product","3":"status-publish","4":"has-post-thumbnail","6":"product_cat-bedroom-beds","7":"product_cat-beds-120x200","8":"product_cat-continental-beds","9":"product_cat-meble-gruszka","11":"first","12":"instock","13":"shipping-taxable","14":"purchasable","15":"product-type-variable","16":"wvs-archive-product-wrapper"},"_links":{"self":[{"href":"https:\/\/baldumarket.lt\/lt\/wp-json\/wp\/v2\/product\/214493","targetHints":{"allow":["GET"]}}],"collection":[{"href":"https:\/\/baldumarket.lt\/lt\/wp-json\/wp\/v2\/product"}],"about":[{"href":"https:\/\/baldumarket.lt\/lt\/wp-json\/wp\/v2\/types\/product"}],"replies":[{"embeddable":true,"href":"https:\/\/baldumarket.lt\/lt\/wp-json\/wp\/v2\/comments?post=214493"}],"wp:featuredmedia":[{"embeddable":true,"href":"https:\/\/baldumarket.lt\/lt\/wp-json\/wp\/v2\/media\/214609"}],"wp:attachment":[{"href":"https:\/\/baldumarket.lt\/lt\/wp-json\/wp\/v2\/media?parent=214493"}],"wp:term":[{"taxonomy":"product_brand","embeddable":true,"href":"https:\/\/baldumarket.lt\/lt\/wp-json\/wp\/v2\/product_brand?post=214493"},{"taxonomy":"product_cat","embeddable":true,"href":"https:\/\/baldumarket.lt\/lt\/wp-json\/wp\/v2\/product_cat?post=214493"},{"taxonomy":"product_tag","embeddable":true,"href":"https:\/\/baldumarket.lt\/lt\/wp-json\/wp\/v2\/product_tag?post=214493"}],"curies":[{"name":"wp","href":"https:\/\/api.w.org\/{rel}","templated":true}]}}