{"id":214477,"date":"2025-12-26T19:55:20","date_gmt":"2025-12-26T16:55:20","guid":{"rendered":"https:\/\/baldumarket.lt\/?post_type=product&#038;p=214477"},"modified":"2026-02-03T23:14:56","modified_gmt":"2026-02-03T20:14:56","slug":"lozko-kontynentalne-bedran-lux-140x200-tapicerowane-materac-topper-pojemnik","status":"publish","type":"product","link":"https:\/\/baldumarket.lt\/lt\/product\/lozko-kontynentalne-bedran-lux-140x200-tapicerowane-materac-topper-pojemnik\/","title":{"rendered":"Bedran Lux kontinentin\u0117 lova 140\u00d7200, apmu\u0161ta, \u010diu\u017einys, \u010diu\u017einuko u\u017etiesalas, konteineris"},"content":{"rendered":"<p>\u201eBedran Lux 140\u00d7200\u201c kontinentin\u0117 lova \u2013 puikus pasirinkimas klasikiniam, ma\u017eam miegamajam arba stilingam paauglio kambariui. Lova turi du galv\u016bgalius, inkrustuotus metalin\u0117mis knied\u0117mis, o vir\u0161utin\u0117 papildomai dygsniuota apmu\u0161al\u0173 sagomis. Apatin\u0117je lovos dalyje yra du patalyn\u0117s skyriai, kuriuose taip pat galima pasid\u0117ti papildom\u0105 antklod\u0119 ar u\u017etiesal\u0105. Skyri\u0173 atidarym\u0105 palengvina automatiniai spyruokliniai mechanizmai, tod\u0117l tai padaryti paprasta. Vir\u0161utin\u0117je lovos dalyje yra septyni\u0173 zon\u0173 ki\u0161enini\u0173 spyruokli\u0173 \u010diu\u017einys su 5 cm storio putplas\u010dio u\u017etiesalu. Audini\u0173 pavyzd\u017eius apmu\u0161alams galite rasti \u201eProduct Creator\u201c svetain\u0117je.<\/p>","protected":false},"excerpt":{"rendered":"<p>Plotis: 150 cm<br \/>\nIlgis: 214 cm<br \/>\nAuk\u0161tis: 130 cm<br \/>\nMiegamasis plotas: 140 \u00d7 200 cm<br \/>\nMiegojimo auk\u0161tis: 59 cm<\/p>","protected":false},"featured_media":214599,"comment_status":"open","ping_status":"closed","template":"","meta":[],"product_brand":[],"product_cat":[505,1970,514,7271],"product_tag":[],"class_list":{"0":"post-214477","1":"product","2":"type-product","3":"status-publish","4":"has-post-thumbnail","6":"product_cat-bedroom-beds","7":"product_cat-beds-140x200","8":"product_cat-continental-beds","9":"product_cat-meble-gruszka","11":"first","12":"instock","13":"shipping-taxable","14":"purchasable","15":"product-type-variable","16":"wvs-archive-product-wrapper"},"_links":{"self":[{"href":"https:\/\/baldumarket.lt\/lt\/wp-json\/wp\/v2\/product\/214477","targetHints":{"allow":["GET"]}}],"collection":[{"href":"https:\/\/baldumarket.lt\/lt\/wp-json\/wp\/v2\/product"}],"about":[{"href":"https:\/\/baldumarket.lt\/lt\/wp-json\/wp\/v2\/types\/product"}],"replies":[{"embeddable":true,"href":"https:\/\/baldumarket.lt\/lt\/wp-json\/wp\/v2\/comments?post=214477"}],"wp:featuredmedia":[{"embeddable":true,"href":"https:\/\/baldumarket.lt\/lt\/wp-json\/wp\/v2\/media\/214599"}],"wp:attachment":[{"href":"https:\/\/baldumarket.lt\/lt\/wp-json\/wp\/v2\/media?parent=214477"}],"wp:term":[{"taxonomy":"product_brand","embeddable":true,"href":"https:\/\/baldumarket.lt\/lt\/wp-json\/wp\/v2\/product_brand?post=214477"},{"taxonomy":"product_cat","embeddable":true,"href":"https:\/\/baldumarket.lt\/lt\/wp-json\/wp\/v2\/product_cat?post=214477"},{"taxonomy":"product_tag","embeddable":true,"href":"https:\/\/baldumarket.lt\/lt\/wp-json\/wp\/v2\/product_tag?post=214477"}],"curies":[{"name":"wp","href":"https:\/\/api.w.org\/{rel}","templated":true}]}}