{"id":214468,"date":"2025-12-26T19:54:53","date_gmt":"2025-12-26T16:54:53","guid":{"rendered":"https:\/\/baldumarket.lt\/?post_type=product&#038;p=214468"},"modified":"2026-02-03T23:14:56","modified_gmt":"2026-02-03T20:14:56","slug":"lozko-kontynentalne-bedran-lux-160x200-tapicerowane-materac-topper-pojemnik","status":"publish","type":"product","link":"https:\/\/baldumarket.lt\/lt\/product\/lozko-kontynentalne-bedran-lux-160x200-tapicerowane-materac-topper-pojemnik\/","title":{"rendered":"Bedran Lux kontinentin\u0117 lova 160\u00d7200, apmu\u0161ta, \u010diu\u017einys, \u010diu\u017einuko u\u017etiesalas, konteineris"},"content":{"rendered":"<p>Jei ie\u0161kote klasikin\u0117s ir kokybi\u0161kos kontinentin\u0117s lovos, \u201eBedran Lux\u201c lova yra puikus pasirinkimas! Ji pasi\u017eymi gra\u017eiu, stilizuotu galv\u016bgaliu, papuo\u0161tu metalin\u0117mis knied\u0117mis, ir mink\u0161tu, sagomis dygsniuotu galv\u016bgaliu, kuris taip pat gali b\u016bti puiki atrama skaitant vakare. Ji taip pat turi \u017eem\u0105, mink\u0161t\u0105 galv\u016bgal\u012f prie\u0161ingoje lovos pus\u0117je. Lova apr\u016bpinta patogiu ki\u0161enini\u0173 spyruokli\u0173 \u010diu\u017einiu, u\u017etikrinan\u010diu saug\u0173 mieg\u0105. Vir\u0161utin\u0117je lovos dalyje yra 5 cm storio putplas\u010dio \u010diu\u017einys. Apatin\u0117je lovos dalyje yra du patalyn\u0117s skyriai, kiekvienas atidaromas spyruokliniais mechanizmais. Komplekt\u0105 galima u\u017esisakyti i\u0161 plataus audini\u0173 rinkinio.<\/p>","protected":false},"excerpt":{"rendered":"<p>Plotis: 170 cm<br \/>\nIlgis: 214 cm<br \/>\nAuk\u0161tis: 130 cm<br \/>\nMiegamoji erdv\u0117: 160 \u00d7 200 cm<br \/>\nMiegojimo auk\u0161tis: 59 cm<\/p>","protected":false},"featured_media":214592,"comment_status":"open","ping_status":"closed","template":"","meta":[],"product_brand":[],"product_cat":[505,1971,514,7271],"product_tag":[],"class_list":{"0":"post-214468","1":"product","2":"type-product","3":"status-publish","4":"has-post-thumbnail","6":"product_cat-bedroom-beds","7":"product_cat-beds-160x200","8":"product_cat-continental-beds","9":"product_cat-meble-gruszka","11":"first","12":"instock","13":"shipping-taxable","14":"purchasable","15":"product-type-variable","16":"wvs-archive-product-wrapper"},"_links":{"self":[{"href":"https:\/\/baldumarket.lt\/lt\/wp-json\/wp\/v2\/product\/214468","targetHints":{"allow":["GET"]}}],"collection":[{"href":"https:\/\/baldumarket.lt\/lt\/wp-json\/wp\/v2\/product"}],"about":[{"href":"https:\/\/baldumarket.lt\/lt\/wp-json\/wp\/v2\/types\/product"}],"replies":[{"embeddable":true,"href":"https:\/\/baldumarket.lt\/lt\/wp-json\/wp\/v2\/comments?post=214468"}],"wp:featuredmedia":[{"embeddable":true,"href":"https:\/\/baldumarket.lt\/lt\/wp-json\/wp\/v2\/media\/214592"}],"wp:attachment":[{"href":"https:\/\/baldumarket.lt\/lt\/wp-json\/wp\/v2\/media?parent=214468"}],"wp:term":[{"taxonomy":"product_brand","embeddable":true,"href":"https:\/\/baldumarket.lt\/lt\/wp-json\/wp\/v2\/product_brand?post=214468"},{"taxonomy":"product_cat","embeddable":true,"href":"https:\/\/baldumarket.lt\/lt\/wp-json\/wp\/v2\/product_cat?post=214468"},{"taxonomy":"product_tag","embeddable":true,"href":"https:\/\/baldumarket.lt\/lt\/wp-json\/wp\/v2\/product_tag?post=214468"}],"curies":[{"name":"wp","href":"https:\/\/api.w.org\/{rel}","templated":true}]}}