{"id":214459,"date":"2025-12-26T19:54:22","date_gmt":"2025-12-26T16:54:22","guid":{"rendered":"https:\/\/baldumarket.lt\/?post_type=product&#038;p=214459"},"modified":"2026-02-03T23:14:56","modified_gmt":"2026-02-03T20:14:56","slug":"lozko-kontynentalne-bedran-lux-180x200-tapicerowane-materac-topper-pojemnik","status":"publish","type":"product","link":"https:\/\/baldumarket.lt\/lt\/product\/lozko-kontynentalne-bedran-lux-180x200-tapicerowane-materac-topper-pojemnik\/","title":{"rendered":"Bedran Lux kontinentin\u0117 lova 180\u00d7200, apmu\u0161ta, \u010diu\u017einys, \u010diu\u017einuko u\u017etiesalas, konteineris"},"content":{"rendered":"<p>Jei ie\u0161kote didel\u0117s, klasikin\u0117s ir patogios lovos, turime jums puik\u0173 pasirinkim\u0105: \u201eBedran Lux\u201c 180 \u00d7 200 cm. \u0160is baldas pasi\u017eymi stilizuotu galv\u016bgaliu, kuris, kaip ir koj\u016bgalis, dekoruotas dviem metalini\u0173 smeigi\u0173 linijomis. Didel\u0117s apmu\u0161al\u0173 sagos centre pabr\u0117\u017eia klasikin\u012f lovos charakter\u012f. Lovoje yra du patalyn\u0117s skyriai, kiekvienas su dvipusiu atidarymo mechanizmu, padedamu automatini\u0173 spyruokli\u0173 mechanizm\u0173. Lovos vir\u0161uje yra septyni\u0173 zon\u0173 ki\u0161enini\u0173 spyruokli\u0173 \u010diu\u017einys su putplas\u010dio u\u017etiesalu. Visas baldas stovi ant stabili\u0173, atlasini\u0173 kojeli\u0173. Platus apmu\u0161al\u0173 audini\u0173 pasirinkimas pateikiamas gamini\u0173 vedlyje. Lovai surinkti reikia minimalaus surinkimo.<\/p>","protected":false},"excerpt":{"rendered":"<p>Plotis: 190 cm<br \/>\nIlgis: 214 cm<br \/>\nAuk\u0161tis: 130 cm<br \/>\nMiegamoji erdv\u0117: 180 \u00d7 200 cm<br \/>\nMiegojimo auk\u0161tis: 59 cm<\/p>","protected":false},"featured_media":214582,"comment_status":"open","ping_status":"closed","template":"","meta":[],"product_brand":[],"product_cat":[505,1972,514,7271],"product_tag":[],"class_list":{"0":"post-214459","1":"product","2":"type-product","3":"status-publish","4":"has-post-thumbnail","6":"product_cat-bedroom-beds","7":"product_cat-beds-180x200","8":"product_cat-continental-beds","9":"product_cat-meble-gruszka","11":"first","12":"instock","13":"shipping-taxable","14":"purchasable","15":"product-type-variable","16":"wvs-archive-product-wrapper"},"_links":{"self":[{"href":"https:\/\/baldumarket.lt\/lt\/wp-json\/wp\/v2\/product\/214459","targetHints":{"allow":["GET"]}}],"collection":[{"href":"https:\/\/baldumarket.lt\/lt\/wp-json\/wp\/v2\/product"}],"about":[{"href":"https:\/\/baldumarket.lt\/lt\/wp-json\/wp\/v2\/types\/product"}],"replies":[{"embeddable":true,"href":"https:\/\/baldumarket.lt\/lt\/wp-json\/wp\/v2\/comments?post=214459"}],"wp:featuredmedia":[{"embeddable":true,"href":"https:\/\/baldumarket.lt\/lt\/wp-json\/wp\/v2\/media\/214582"}],"wp:attachment":[{"href":"https:\/\/baldumarket.lt\/lt\/wp-json\/wp\/v2\/media?parent=214459"}],"wp:term":[{"taxonomy":"product_brand","embeddable":true,"href":"https:\/\/baldumarket.lt\/lt\/wp-json\/wp\/v2\/product_brand?post=214459"},{"taxonomy":"product_cat","embeddable":true,"href":"https:\/\/baldumarket.lt\/lt\/wp-json\/wp\/v2\/product_cat?post=214459"},{"taxonomy":"product_tag","embeddable":true,"href":"https:\/\/baldumarket.lt\/lt\/wp-json\/wp\/v2\/product_tag?post=214459"}],"curies":[{"name":"wp","href":"https:\/\/api.w.org\/{rel}","templated":true}]}}