{"id":214450,"date":"2025-12-26T19:53:53","date_gmt":"2025-12-26T16:53:53","guid":{"rendered":"https:\/\/baldumarket.lt\/?post_type=product&#038;p=214450"},"modified":"2026-02-03T23:14:57","modified_gmt":"2026-02-03T20:14:57","slug":"lozko-kontynentalne-bedran-lux-200x200-tapicerowane-materac-topper-pojemnik","status":"publish","type":"product","link":"https:\/\/baldumarket.lt\/lt\/product\/lozko-kontynentalne-bedran-lux-200x200-tapicerowane-materac-topper-pojemnik\/","title":{"rendered":"Bedran Lux kontinentin\u0117 lova 200\u00d7200, apmu\u0161ta, \u010diu\u017einys, \u010diu\u017einuko u\u017etiesalas, konteineris"},"content":{"rendered":"<p>\u201eBedran Lux\u201c mink\u0161ta kontinentin\u0117 lova, kurios miegojimo plotas yra 200 \u00d7 200 cm, si\u016blo itin komforti\u0161k\u0105 lov\u0105 tiek dien\u0105, tiek nakt\u012f. Klasikin\u012f charakter\u012f pabr\u0117\u017eia metaliniai galv\u016bgaliai ir koj\u016bgaliai. Lova apr\u016bpinta 5 cm storio putplas\u010dio \u010diu\u017einio u\u017etiesalu. Po juo \u2013 septyni\u0173 zon\u0173 ki\u0161enini\u0173 spyruokli\u0173 \u010diu\u017einys. Apatin\u0117je lovos dalyje yra dvi erdvios patalyn\u0117s d\u0117\u017e\u0117s, kiekviena su dvipusiu atidarymo mechanizmu, kur\u012f palaiko spyruoklin\u0117s pavaros. Visa lova stovi ant tvirt\u0173, atlasini\u0173 kojeli\u0173. Platus apmu\u0161al\u0173 audini\u0173 pasirinkimas pateikiamas gamini\u0173 vedlyje. Komplekt\u0105 reikia surinkti minimaliai.<\/p>","protected":false},"excerpt":{"rendered":"<p>Plotis: 210 cm<br \/>\nIlgis: 214 cm<br \/>\nAuk\u0161tis: 130 cm<br \/>\nMiegamasis plotas: 200 \u00d7 200 cm<br \/>\nMiegojimo auk\u0161tis: 59 cm<\/p>","protected":false},"featured_media":214571,"comment_status":"open","ping_status":"closed","template":"","meta":[],"product_brand":[],"product_cat":[505,9143,514,7271],"product_tag":[],"class_list":{"0":"post-214450","1":"product","2":"type-product","3":"status-publish","4":"has-post-thumbnail","6":"product_cat-bedroom-beds","7":"product_cat-beds-200x200","8":"product_cat-continental-beds","9":"product_cat-meble-gruszka","11":"first","12":"instock","13":"shipping-taxable","14":"purchasable","15":"product-type-variable","16":"wvs-archive-product-wrapper"},"_links":{"self":[{"href":"https:\/\/baldumarket.lt\/lt\/wp-json\/wp\/v2\/product\/214450","targetHints":{"allow":["GET"]}}],"collection":[{"href":"https:\/\/baldumarket.lt\/lt\/wp-json\/wp\/v2\/product"}],"about":[{"href":"https:\/\/baldumarket.lt\/lt\/wp-json\/wp\/v2\/types\/product"}],"replies":[{"embeddable":true,"href":"https:\/\/baldumarket.lt\/lt\/wp-json\/wp\/v2\/comments?post=214450"}],"wp:featuredmedia":[{"embeddable":true,"href":"https:\/\/baldumarket.lt\/lt\/wp-json\/wp\/v2\/media\/214571"}],"wp:attachment":[{"href":"https:\/\/baldumarket.lt\/lt\/wp-json\/wp\/v2\/media?parent=214450"}],"wp:term":[{"taxonomy":"product_brand","embeddable":true,"href":"https:\/\/baldumarket.lt\/lt\/wp-json\/wp\/v2\/product_brand?post=214450"},{"taxonomy":"product_cat","embeddable":true,"href":"https:\/\/baldumarket.lt\/lt\/wp-json\/wp\/v2\/product_cat?post=214450"},{"taxonomy":"product_tag","embeddable":true,"href":"https:\/\/baldumarket.lt\/lt\/wp-json\/wp\/v2\/product_tag?post=214450"}],"curies":[{"name":"wp","href":"https:\/\/api.w.org\/{rel}","templated":true}]}}