{"id":214441,"date":"2025-12-26T19:53:27","date_gmt":"2025-12-26T16:53:27","guid":{"rendered":"https:\/\/baldumarket.lt\/?post_type=product&#038;p=214441"},"modified":"2026-02-03T23:14:57","modified_gmt":"2026-02-03T20:14:57","slug":"lozko-kontynentalne-bella-140x200-tapicerowane-materac-topper-pojemnik","status":"publish","type":"product","link":"https:\/\/baldumarket.lt\/lt\/product\/lozko-kontynentalne-bella-140x200-tapicerowane-materac-topper-pojemnik\/","title":{"rendered":"Bella kontinentin\u0117 lova 140\u00d7200, apmu\u0161ta, \u010diu\u017einys, \u010diu\u017einuko u\u017etiesalas, konteineris"},"content":{"rendered":"<p>Mink\u0161ta, kontinentinio stiliaus \u201eBella\u201c lova, kurios miegamojo plotas yra 140 \u00d7 200 cm, puikiai tinka \u0161iuolaiki\u0161kam ma\u017eam miegamajam ar paauglio kambariui. Eleganti\u0161k\u0105 dizain\u0105 pabr\u0117\u017eia gra\u017eus, dygsniuotas, modernus galv\u016bgalis. Lovoje yra du patalyn\u0117s skyriai, atsidarantys i\u0161 abiej\u0173 lovos pusi\u0173. \u0160\u012f veikim\u0105 palaiko automatiniai spyruokliniai mechanizmai, reikalaujantys minimali\u0173 pastang\u0173. Vir\u0161utin\u0117je lovos dalyje yra putplas\u010dio \u010diu\u017einys ir septyni\u0173 zon\u0173 ki\u0161enini\u0173 spyruokli\u0173 pagrindinis \u010diu\u017einys. Lova si\u016bloma su pla\u010diu audini\u0173 pasirinkimu, kur\u012f rasite \u201eProduct Creator\u201c svetain\u0117je. Baldams reikia minimalaus surinkimo.<\/p>","protected":false},"excerpt":{"rendered":"<p>Plotis: 140 cm<br \/>\nIlgis: 213 cm<br \/>\nAuk\u0161tis: 130 cm<br \/>\nMiegamasis plotas: 140 \u00d7 200 cm<br \/>\nMiegojimo auk\u0161tis: 72 cm<\/p>","protected":false},"featured_media":214565,"comment_status":"open","ping_status":"closed","template":"","meta":[],"product_brand":[],"product_cat":[505,1970,514,7271],"product_tag":[],"class_list":{"0":"post-214441","1":"product","2":"type-product","3":"status-publish","4":"has-post-thumbnail","6":"product_cat-bedroom-beds","7":"product_cat-beds-140x200","8":"product_cat-continental-beds","9":"product_cat-meble-gruszka","11":"first","12":"instock","13":"shipping-taxable","14":"purchasable","15":"product-type-variable","16":"wvs-archive-product-wrapper"},"_links":{"self":[{"href":"https:\/\/baldumarket.lt\/lt\/wp-json\/wp\/v2\/product\/214441","targetHints":{"allow":["GET"]}}],"collection":[{"href":"https:\/\/baldumarket.lt\/lt\/wp-json\/wp\/v2\/product"}],"about":[{"href":"https:\/\/baldumarket.lt\/lt\/wp-json\/wp\/v2\/types\/product"}],"replies":[{"embeddable":true,"href":"https:\/\/baldumarket.lt\/lt\/wp-json\/wp\/v2\/comments?post=214441"}],"wp:featuredmedia":[{"embeddable":true,"href":"https:\/\/baldumarket.lt\/lt\/wp-json\/wp\/v2\/media\/214565"}],"wp:attachment":[{"href":"https:\/\/baldumarket.lt\/lt\/wp-json\/wp\/v2\/media?parent=214441"}],"wp:term":[{"taxonomy":"product_brand","embeddable":true,"href":"https:\/\/baldumarket.lt\/lt\/wp-json\/wp\/v2\/product_brand?post=214441"},{"taxonomy":"product_cat","embeddable":true,"href":"https:\/\/baldumarket.lt\/lt\/wp-json\/wp\/v2\/product_cat?post=214441"},{"taxonomy":"product_tag","embeddable":true,"href":"https:\/\/baldumarket.lt\/lt\/wp-json\/wp\/v2\/product_tag?post=214441"}],"curies":[{"name":"wp","href":"https:\/\/api.w.org\/{rel}","templated":true}]}}