{"id":21444,"date":"2025-11-14T13:18:27","date_gmt":"2025-11-14T10:18:27","guid":{"rendered":"https:\/\/baldumarket.lt\/product\/verona-czarny\/"},"modified":"2026-03-24T18:26:10","modified_gmt":"2026-03-24T15:26:10","slug":"verona-czarny","status":"publish","type":"product","link":"https:\/\/baldumarket.lt\/lt\/product\/verona-czarny\/","title":{"rendered":"Veronos juoda"},"content":{"rendered":"<p>Laisvai pastatomas, viso \u016bgio \u201eVerona\u201c veidrodis puikiai tinka minimalistiniam interjerui d\u0117l siauro r\u0117mo \u2013 dviej\u0173 spalv\u0173: baltos ir juodos \u2013 ir papildom\u0173 papuo\u0161im\u0173 nebuvimo. Jo plonas, lygus r\u0117mas pasi\u017eymi klasikine apdaila. \u201eVerona\u201c veidrodis yra ilgas ir pakankamai didelis: 50 x 170 centimetr\u0173, kad b\u016bt\u0173 galima matyti vis\u0105 k\u016bn\u0105 \u2013 nuo galvos iki koj\u0173. Dar vienas \u201eVerona\u201c veidrod\u017eio privalumas \u2013 jo pritaikomumas prie esam\u0173 poreiki\u0173. Jei reikia laisvai pastatomo veidrod\u017eio, jis turi atram\u0105 ir gali lengvai stov\u0117ti ant grind\u0173. Nor\u0117dami pakabinti veidrod\u012f, tiesiog nuimkite atram\u0105 ir pakabinkite j\u012f ant sienos \u2013 naudodami pridedamus sieninius kai\u0161\u010dius. Be to, dekoratyvinis \u201eVerona\u201c veidrodis si\u016blo skland\u0173 veidrod\u017eio pakreipimo kampo reguliavim\u0105 stovint, tod\u0117l j\u012f patogiau naudoti. D\u0117l saugumo ir veidrod\u017eio estetikos i\u0161saugojimo veidrodis yra su gumin\u0117mis pagalv\u0117l\u0117mis, kurios apsaugo grindis nuo \u012fbr\u0117\u017eim\u0173.<\/p>","protected":false},"excerpt":{"rendered":"<p>Laisvai pastatomas, viso \u016bgio \u201eVerona\u201c veidrodis puikiai tinka minimalistiniam interjerui d\u0117l siauro r\u0117mo \u2013 dviej\u0173 spalv\u0173: baltos ir juodos \u2013 ir papildom\u0173 puo\u0161men\u0173 nebuvimo. Jo plonas, lygus r\u0117mas pasi\u017eymi klasikine apdaila. \u201eVerona\u201c veidrodis yra ilgas ir pakankamai didelis: 50 x 170 centimetr\u0173, kad tilpt\u0173 visas [\u2026]<\/p>","protected":false},"featured_media":21445,"comment_status":"open","ping_status":"open","template":"","meta":[],"product_brand":[],"product_cat":[2012,9165,1108],"product_tag":[],"class_list":{"0":"post-21444","1":"product","2":"type-product","3":"status-publish","4":"has-post-thumbnail","6":"product_cat-eltap","7":"product_cat-lustra-eltap","8":"product_cat-mirrors","10":"first","11":"instock","12":"purchasable","13":"product-type-simple"},"_links":{"self":[{"href":"https:\/\/baldumarket.lt\/lt\/wp-json\/wp\/v2\/product\/21444","targetHints":{"allow":["GET"]}}],"collection":[{"href":"https:\/\/baldumarket.lt\/lt\/wp-json\/wp\/v2\/product"}],"about":[{"href":"https:\/\/baldumarket.lt\/lt\/wp-json\/wp\/v2\/types\/product"}],"replies":[{"embeddable":true,"href":"https:\/\/baldumarket.lt\/lt\/wp-json\/wp\/v2\/comments?post=21444"}],"wp:featuredmedia":[{"embeddable":true,"href":"https:\/\/baldumarket.lt\/lt\/wp-json\/wp\/v2\/media\/21445"}],"wp:attachment":[{"href":"https:\/\/baldumarket.lt\/lt\/wp-json\/wp\/v2\/media?parent=21444"}],"wp:term":[{"taxonomy":"product_brand","embeddable":true,"href":"https:\/\/baldumarket.lt\/lt\/wp-json\/wp\/v2\/product_brand?post=21444"},{"taxonomy":"product_cat","embeddable":true,"href":"https:\/\/baldumarket.lt\/lt\/wp-json\/wp\/v2\/product_cat?post=21444"},{"taxonomy":"product_tag","embeddable":true,"href":"https:\/\/baldumarket.lt\/lt\/wp-json\/wp\/v2\/product_tag?post=21444"}],"curies":[{"name":"wp","href":"https:\/\/api.w.org\/{rel}","templated":true}]}}