{"id":214432,"date":"2025-12-26T19:53:02","date_gmt":"2025-12-26T16:53:02","guid":{"rendered":"https:\/\/baldumarket.lt\/?post_type=product&#038;p=214432"},"modified":"2026-02-03T23:14:57","modified_gmt":"2026-02-03T20:14:57","slug":"lozko-kontynentalne-bella-160x200-tapicerowane-materac-topper-pojemnik","status":"publish","type":"product","link":"https:\/\/baldumarket.lt\/lt\/product\/lozko-kontynentalne-bella-160x200-tapicerowane-materac-topper-pojemnik\/","title":{"rendered":"Bella kontinentin\u0117 lova 160\u00d7200, apmu\u0161ta, \u010diu\u017einys, \u010diu\u017einuko u\u017etiesalas, konteineris"},"content":{"rendered":"<p>Patrauklus \u201eBella\u201c lovos galv\u016bgalis, i\u0161siskiriantis sodriomis si\u016bl\u0117mis, \u017eavi savo stiliumi. Dygsniuotas galv\u016bgalis ne tik suteikia baldui stiling\u0105 akcent\u0105, bet ir suteikia ger\u0105 nugaros atram\u0105 skaitant knyg\u0105 ar \u017ei\u016brint televizori\u0173. Pagamintas i\u0161 auk\u0161tos kokyb\u0117s med\u017eiag\u0173, \u0161is baldas garantuoja ilgaam\u017ei\u0161kum\u0105. Apa\u010dioje, abiejose lovos pus\u0117se, yra du patalyn\u0117s skyriai. Vir\u0161 j\u0173 yra patog\u016bs ki\u0161enini\u0173 spyruokli\u0173 \u010diu\u017einiai, kuriuos pakelia lovos r\u0117me \u012fmontuotas spyruoklinis mechanizmas. Visas baldas padengtas putplas\u010dio \u010diu\u017einio u\u017etiesalu ir stovi ant chromuot\u0173 kojeli\u0173. Bald\u0105 galima u\u017esisakyti naudojant plat\u0173 audini\u0173 pavyzd\u017ei\u0173 rinkin\u012f, kur\u012f galite rasti \u201eProduct Creator\u201c svetain\u0117je.<\/p>","protected":false},"excerpt":{"rendered":"<p>Plotis: 160 cm<br \/>\nIlgis: 213 cm<br \/>\nAuk\u0161tis: 130 cm<br \/>\nMiegamoji erdv\u0117: 160 \u00d7 200 cm<br \/>\nMiegojimo auk\u0161tis: 72 cm<\/p>","protected":false},"featured_media":214555,"comment_status":"open","ping_status":"closed","template":"","meta":[],"product_brand":[],"product_cat":[505,1971,514,7271],"product_tag":[],"class_list":{"0":"post-214432","1":"product","2":"type-product","3":"status-publish","4":"has-post-thumbnail","6":"product_cat-bedroom-beds","7":"product_cat-beds-160x200","8":"product_cat-continental-beds","9":"product_cat-meble-gruszka","11":"first","12":"instock","13":"shipping-taxable","14":"purchasable","15":"product-type-variable","16":"wvs-archive-product-wrapper"},"_links":{"self":[{"href":"https:\/\/baldumarket.lt\/lt\/wp-json\/wp\/v2\/product\/214432","targetHints":{"allow":["GET"]}}],"collection":[{"href":"https:\/\/baldumarket.lt\/lt\/wp-json\/wp\/v2\/product"}],"about":[{"href":"https:\/\/baldumarket.lt\/lt\/wp-json\/wp\/v2\/types\/product"}],"replies":[{"embeddable":true,"href":"https:\/\/baldumarket.lt\/lt\/wp-json\/wp\/v2\/comments?post=214432"}],"wp:featuredmedia":[{"embeddable":true,"href":"https:\/\/baldumarket.lt\/lt\/wp-json\/wp\/v2\/media\/214555"}],"wp:attachment":[{"href":"https:\/\/baldumarket.lt\/lt\/wp-json\/wp\/v2\/media?parent=214432"}],"wp:term":[{"taxonomy":"product_brand","embeddable":true,"href":"https:\/\/baldumarket.lt\/lt\/wp-json\/wp\/v2\/product_brand?post=214432"},{"taxonomy":"product_cat","embeddable":true,"href":"https:\/\/baldumarket.lt\/lt\/wp-json\/wp\/v2\/product_cat?post=214432"},{"taxonomy":"product_tag","embeddable":true,"href":"https:\/\/baldumarket.lt\/lt\/wp-json\/wp\/v2\/product_tag?post=214432"}],"curies":[{"name":"wp","href":"https:\/\/api.w.org\/{rel}","templated":true}]}}