{"id":214430,"date":"2025-12-26T19:52:59","date_gmt":"2025-12-26T16:52:59","guid":{"rendered":"https:\/\/baldumarket.lt\/?post_type=product&#038;p=214430"},"modified":"2026-02-03T23:14:57","modified_gmt":"2026-02-03T20:14:57","slug":"lozko-kontynentalne-bella-180x200-tapicerowane-materac-topper-pojemnik","status":"publish","type":"product","link":"https:\/\/baldumarket.lt\/lt\/product\/lozko-kontynentalne-bella-180x200-tapicerowane-materac-topper-pojemnik\/","title":{"rendered":"Bella kontinentin\u0117 lova 180\u00d7200, apmu\u0161ta, \u010diu\u017einys, \u010diu\u017einuko u\u017etiesalas, konteineris"},"content":{"rendered":"<p>Eleganti\u0161ka ir patogi \u201eBella\u201c mink\u0161ta kontinentin\u0117 lova su 180 \u00d7 200 cm miegojimo plotu yra b\u016btent tai. Jos paprastas, \u0161varus dizainas ir gausiai dygsniuotas galv\u016bgalis traukia d\u0117mes\u012f. Apatin\u0117je lovos dalyje yra dvi prakti\u0161kos ir erdvios patalyn\u0117s d\u0117\u017e\u0117s, kuriose taip pat galima susid\u0117ti papildomus daiktus, anks\u010diau laikytus spintoje ar komodoje. Patalyn\u0117s d\u0117\u017e\u0117s atsidaro i\u0161 abiej\u0173 pusi\u0173 ir yra paremtos automatiniais spyruokliniais mechanizmais. Lova apr\u016bpinta septyni\u0173 zon\u0173 ki\u0161enini\u0173 spyruokli\u0173 \u010diu\u017einiu ir putplas\u010dio \u010diu\u017einiu su nuimamu u\u017evalkalu. Komplektas stovi ant stabili\u0173, atlasini\u0173 kojeli\u0173, suteikian\u010di\u0173 lengvumo. Lova si\u016bloma su pla\u010diu apmu\u0161al\u0173 audini\u0173 asortimentu, kuris yra \u012ftrauktas \u012f gaminio k\u016br\u0117jo rinkin\u012f. Reikalingas minimalus surinkimas.<\/p>","protected":false},"excerpt":{"rendered":"<p>Plotis: 180 cm<br \/>\nIlgis: 213 cm<br \/>\nAuk\u0161tis: 130 cm<br \/>\nMiegamoji erdv\u0117: 180 \u00d7 200 cm<br \/>\nMiegojimo auk\u0161tis: 72 cm<\/p>","protected":false},"featured_media":214549,"comment_status":"open","ping_status":"closed","template":"","meta":[],"product_brand":[],"product_cat":[505,1972,514,7271],"product_tag":[],"class_list":{"0":"post-214430","1":"product","2":"type-product","3":"status-publish","4":"has-post-thumbnail","6":"product_cat-bedroom-beds","7":"product_cat-beds-180x200","8":"product_cat-continental-beds","9":"product_cat-meble-gruszka","11":"first","12":"instock","13":"shipping-taxable","14":"purchasable","15":"product-type-variable","16":"wvs-archive-product-wrapper"},"_links":{"self":[{"href":"https:\/\/baldumarket.lt\/lt\/wp-json\/wp\/v2\/product\/214430","targetHints":{"allow":["GET"]}}],"collection":[{"href":"https:\/\/baldumarket.lt\/lt\/wp-json\/wp\/v2\/product"}],"about":[{"href":"https:\/\/baldumarket.lt\/lt\/wp-json\/wp\/v2\/types\/product"}],"replies":[{"embeddable":true,"href":"https:\/\/baldumarket.lt\/lt\/wp-json\/wp\/v2\/comments?post=214430"}],"wp:featuredmedia":[{"embeddable":true,"href":"https:\/\/baldumarket.lt\/lt\/wp-json\/wp\/v2\/media\/214549"}],"wp:attachment":[{"href":"https:\/\/baldumarket.lt\/lt\/wp-json\/wp\/v2\/media?parent=214430"}],"wp:term":[{"taxonomy":"product_brand","embeddable":true,"href":"https:\/\/baldumarket.lt\/lt\/wp-json\/wp\/v2\/product_brand?post=214430"},{"taxonomy":"product_cat","embeddable":true,"href":"https:\/\/baldumarket.lt\/lt\/wp-json\/wp\/v2\/product_cat?post=214430"},{"taxonomy":"product_tag","embeddable":true,"href":"https:\/\/baldumarket.lt\/lt\/wp-json\/wp\/v2\/product_tag?post=214430"}],"curies":[{"name":"wp","href":"https:\/\/api.w.org\/{rel}","templated":true}]}}