{"id":214414,"date":"2025-12-26T19:52:10","date_gmt":"2025-12-26T16:52:10","guid":{"rendered":"https:\/\/baldumarket.lt\/?post_type=product&#038;p=214414"},"modified":"2026-02-03T23:14:57","modified_gmt":"2026-02-03T20:14:57","slug":"lozko-kontynentalne-bella-200x200-tapicerowane-materac-topper-pojemnik","status":"publish","type":"product","link":"https:\/\/baldumarket.lt\/lt\/product\/lozko-kontynentalne-bella-200x200-tapicerowane-materac-topper-pojemnik\/","title":{"rendered":"Bella kontinentin\u0117 lova 200\u00d7200, apmu\u0161ta, \u010diu\u017einys, \u010diu\u017einuko u\u017etiesalas, konteineris"},"content":{"rendered":"<p>Didel\u0117 ir moderni \u201eBella\u201c lova, kurios miegamojo plotas yra 200 \u00d7 200 cm, pasi\u017eymi auk\u0161tu galv\u016bgaliu, papuo\u0161tu gausiu dygsniavimu. Lova apr\u016bpinta 5 cm storio putplas\u010dio \u010diu\u017einiu. Po juo guli pagrindinis, septyni\u0173 zon\u0173, ki\u0161enini\u0173 spyruokli\u0173 \u010diu\u017einys. Apatin\u0117je lovos dalyje yra dvi erdvios patalyn\u0117s d\u0117\u017e\u0117s, kiekviena su dvipusiu atidarymo mechanizmu ir automatiniais spyruokliniais mechanizmais. D\u0117l plataus audini\u0173 pavyzd\u017ei\u0173 pasirinkimo, kur\u012f galite rasti \u201eProduct Creator\u201c svetain\u0117je, galite visi\u0161kai pritaikyti lov\u0105 sau. Lova pristatoma paruo\u0161ta surinkti, tod\u0117l surinkimas reikalauja minimalaus darbo.<\/p>","protected":false},"excerpt":{"rendered":"<p>Plotis: 200 cm<br \/>\nIlgis: 213 cm<br \/>\nAuk\u0161tis: 130 cm<br \/>\nMiegamasis plotas: 200 \u00d7 200 cm<br \/>\nMiegojimo auk\u0161tis: 72 cm<\/p>","protected":false},"featured_media":214539,"comment_status":"open","ping_status":"closed","template":"","meta":[],"product_brand":[],"product_cat":[505,9143,514,7271],"product_tag":[],"class_list":{"0":"post-214414","1":"product","2":"type-product","3":"status-publish","4":"has-post-thumbnail","6":"product_cat-bedroom-beds","7":"product_cat-beds-200x200","8":"product_cat-continental-beds","9":"product_cat-meble-gruszka","11":"first","12":"instock","13":"shipping-taxable","14":"purchasable","15":"product-type-variable","16":"wvs-archive-product-wrapper"},"_links":{"self":[{"href":"https:\/\/baldumarket.lt\/lt\/wp-json\/wp\/v2\/product\/214414","targetHints":{"allow":["GET"]}}],"collection":[{"href":"https:\/\/baldumarket.lt\/lt\/wp-json\/wp\/v2\/product"}],"about":[{"href":"https:\/\/baldumarket.lt\/lt\/wp-json\/wp\/v2\/types\/product"}],"replies":[{"embeddable":true,"href":"https:\/\/baldumarket.lt\/lt\/wp-json\/wp\/v2\/comments?post=214414"}],"wp:featuredmedia":[{"embeddable":true,"href":"https:\/\/baldumarket.lt\/lt\/wp-json\/wp\/v2\/media\/214539"}],"wp:attachment":[{"href":"https:\/\/baldumarket.lt\/lt\/wp-json\/wp\/v2\/media?parent=214414"}],"wp:term":[{"taxonomy":"product_brand","embeddable":true,"href":"https:\/\/baldumarket.lt\/lt\/wp-json\/wp\/v2\/product_brand?post=214414"},{"taxonomy":"product_cat","embeddable":true,"href":"https:\/\/baldumarket.lt\/lt\/wp-json\/wp\/v2\/product_cat?post=214414"},{"taxonomy":"product_tag","embeddable":true,"href":"https:\/\/baldumarket.lt\/lt\/wp-json\/wp\/v2\/product_tag?post=214414"}],"curies":[{"name":"wp","href":"https:\/\/api.w.org\/{rel}","templated":true}]}}