{"id":21440,"date":"2025-11-14T13:18:21","date_gmt":"2025-11-14T10:18:21","guid":{"rendered":"https:\/\/baldumarket.lt\/product\/vasto-czarny\/"},"modified":"2026-03-24T18:26:10","modified_gmt":"2026-03-24T15:26:10","slug":"vasto-czarny","status":"publish","type":"product","link":"https:\/\/baldumarket.lt\/lt\/product\/vasto-czarny\/","title":{"rendered":"Vasto juoda"},"content":{"rendered":"<p>\u201eVasto\u201c veidrodis yra modernus, \u012fr\u0117mintas veidrodis, kuris \u012fsp\u016bdingai papuo\u0161 bet kur\u012f miegam\u0105j\u012f, persirengimo kambar\u012f, prie\u0161kambar\u012f, vonios kambar\u012f ar svetain\u0119. \u201eVasto\u201c sieninis veidrodis sukuria harmoning\u0105 modernaus paprastumo ir klasikin\u0117s juodos spalvos derin\u012f. Medinis r\u0117mas yra \u0161varaus dizaino, o juoda apdaila \u0161onuose papildo esam\u0105 dekor\u0105. Pakabinus \u201eVasto\u201c veidrod\u012f vertikaliai, kurio matmenys yra 60 x 140 centimetr\u0173, galite matyti save nuo vir\u0161aus iki apa\u010dios bet kuriuo paros metu. Dekoratyvin\u012f \u201eVasto\u201c veidrod\u012f galite pakabinti vertikaliai arba horizontaliai \u2013 priklausomai nuo to, kas geriausiai tinka j\u016bs\u0173 erdvei. Pridedami sieniniai tvirtinimo inkarai, tod\u0117l sutaupysite laiko kelion\u0117ms \u012f technikos parduotuv\u0119. Visa tai daroma siekiant kuo lengviau surinkti veidrod\u012f.<\/p>","protected":false},"excerpt":{"rendered":"<p>\u201eVasto\u201c veidrodis yra modernus, \u012fr\u0117mintas veidrodis, kuris \u012fsp\u016bdingai papuo\u0161 bet kur\u012f miegam\u0105j\u012f, persirengimo kambar\u012f, prie\u0161kambar\u012f, vonios kambar\u012f ar svetain\u0119. \u201eVasto\u201c sieninis veidrodis sukuria harmoning\u0105 modernaus paprastumo ir klasikin\u0117s juodos spalvos derin\u012f. Medinis r\u0117mas yra \u0161varaus dizaino, o juoda apdaila \u0161onuose papildo esam\u0105 dekor\u0105. Pakabinamas [\u2026]<\/p>","protected":false},"featured_media":21441,"comment_status":"open","ping_status":"open","template":"","meta":[],"product_brand":[],"product_cat":[2012,9165,1108],"product_tag":[],"class_list":{"0":"post-21440","1":"product","2":"type-product","3":"status-publish","4":"has-post-thumbnail","6":"product_cat-eltap","7":"product_cat-lustra-eltap","8":"product_cat-mirrors","10":"first","11":"instock","12":"purchasable","13":"product-type-simple"},"_links":{"self":[{"href":"https:\/\/baldumarket.lt\/lt\/wp-json\/wp\/v2\/product\/21440","targetHints":{"allow":["GET"]}}],"collection":[{"href":"https:\/\/baldumarket.lt\/lt\/wp-json\/wp\/v2\/product"}],"about":[{"href":"https:\/\/baldumarket.lt\/lt\/wp-json\/wp\/v2\/types\/product"}],"replies":[{"embeddable":true,"href":"https:\/\/baldumarket.lt\/lt\/wp-json\/wp\/v2\/comments?post=21440"}],"wp:featuredmedia":[{"embeddable":true,"href":"https:\/\/baldumarket.lt\/lt\/wp-json\/wp\/v2\/media\/21441"}],"wp:attachment":[{"href":"https:\/\/baldumarket.lt\/lt\/wp-json\/wp\/v2\/media?parent=21440"}],"wp:term":[{"taxonomy":"product_brand","embeddable":true,"href":"https:\/\/baldumarket.lt\/lt\/wp-json\/wp\/v2\/product_brand?post=21440"},{"taxonomy":"product_cat","embeddable":true,"href":"https:\/\/baldumarket.lt\/lt\/wp-json\/wp\/v2\/product_cat?post=21440"},{"taxonomy":"product_tag","embeddable":true,"href":"https:\/\/baldumarket.lt\/lt\/wp-json\/wp\/v2\/product_tag?post=21440"}],"curies":[{"name":"wp","href":"https:\/\/api.w.org\/{rel}","templated":true}]}}