{"id":214378,"date":"2025-12-26T19:50:33","date_gmt":"2025-12-26T16:50:33","guid":{"rendered":"https:\/\/baldumarket.lt\/?post_type=product&#038;p=214378"},"modified":"2026-02-03T23:14:58","modified_gmt":"2026-02-03T20:14:58","slug":"lozko-kontynentalne-beno-180x200-tapicerowane-materace-topper-pojemnik","status":"publish","type":"product","link":"https:\/\/baldumarket.lt\/lt\/product\/lozko-kontynentalne-beno-180x200-tapicerowane-materace-topper-pojemnik\/","title":{"rendered":"Beno kontinentin\u0117 lova 180\u00d7200, apmu\u0161ta, \u010diu\u017einiai, \u010diu\u017einys ant\u010diu\u017einiui, konteineris"},"content":{"rendered":"<p>\u201eBeno\u201c 180\u00d7200 cm lova apjungia modern\u0173 stili\u0173, komfort\u0105 ir prakti\u0161kus sprendimus, skirta dideliems miegamiesiems ir tiems, kurie vertina maksimal\u0173 miego komfort\u0105. Garsaus Lenkijos gamintojo \u201eGruszka Meble\u201c si\u016bloma lova i\u0161siskiria tvirta konstrukcija ir eleganti\u0161ka i\u0161vaizda.<\/p>","protected":false},"excerpt":{"rendered":"<p>Plotis: 184 cm<br \/>\nIlgis: 208 cm<br \/>\nAuk\u0161tis: 115 cm<br \/>\nMiegamoji erdv\u0117: 180 \u00d7 200 cm<br \/>\nMiegojimo auk\u0161tis: 62 cm<\/p>","protected":false},"featured_media":214503,"comment_status":"open","ping_status":"closed","template":"","meta":[],"product_brand":[],"product_cat":[505,1972,514,7271],"product_tag":[],"class_list":{"0":"post-214378","1":"product","2":"type-product","3":"status-publish","4":"has-post-thumbnail","6":"product_cat-bedroom-beds","7":"product_cat-beds-180x200","8":"product_cat-continental-beds","9":"product_cat-meble-gruszka","11":"first","12":"instock","13":"shipping-taxable","14":"purchasable","15":"product-type-variable","16":"wvs-archive-product-wrapper"},"_links":{"self":[{"href":"https:\/\/baldumarket.lt\/lt\/wp-json\/wp\/v2\/product\/214378","targetHints":{"allow":["GET"]}}],"collection":[{"href":"https:\/\/baldumarket.lt\/lt\/wp-json\/wp\/v2\/product"}],"about":[{"href":"https:\/\/baldumarket.lt\/lt\/wp-json\/wp\/v2\/types\/product"}],"replies":[{"embeddable":true,"href":"https:\/\/baldumarket.lt\/lt\/wp-json\/wp\/v2\/comments?post=214378"}],"wp:featuredmedia":[{"embeddable":true,"href":"https:\/\/baldumarket.lt\/lt\/wp-json\/wp\/v2\/media\/214503"}],"wp:attachment":[{"href":"https:\/\/baldumarket.lt\/lt\/wp-json\/wp\/v2\/media?parent=214378"}],"wp:term":[{"taxonomy":"product_brand","embeddable":true,"href":"https:\/\/baldumarket.lt\/lt\/wp-json\/wp\/v2\/product_brand?post=214378"},{"taxonomy":"product_cat","embeddable":true,"href":"https:\/\/baldumarket.lt\/lt\/wp-json\/wp\/v2\/product_cat?post=214378"},{"taxonomy":"product_tag","embeddable":true,"href":"https:\/\/baldumarket.lt\/lt\/wp-json\/wp\/v2\/product_tag?post=214378"}],"curies":[{"name":"wp","href":"https:\/\/api.w.org\/{rel}","templated":true}]}}