{"id":214340,"date":"2025-12-26T19:49:04","date_gmt":"2025-12-26T16:49:04","guid":{"rendered":"https:\/\/baldumarket.lt\/?post_type=product&#038;p=214340"},"modified":"2026-02-03T23:14:58","modified_gmt":"2026-02-03T20:14:58","slug":"lozko-kontynentalne-beno-plus-180x200-tapicerowane-materace-topper-pojemnik","status":"publish","type":"product","link":"https:\/\/baldumarket.lt\/lt\/product\/lozko-kontynentalne-beno-plus-180x200-tapicerowane-materace-topper-pojemnik\/","title":{"rendered":"Beno Plus kontinentin\u0117 lova 180&#215;200, apmu\u0161ta, \u010diu\u017einiai, \u010diu\u017einys ant\u010diu\u017einys, konteineris"},"content":{"rendered":"<p>\u201eBeno Plus\u201c 180\u00d7200 cm lova puikiai tinka tiems, kurie vertina patog\u0173 mieg\u0105, auk\u0161t\u0105 gamybos kokyb\u0119 ir modern\u0173 dizain\u0105. \u0160is baldas i\u0161siskiria ne tik prakti\u0161komis funkcijomis, bet ir \u012fsp\u016bdinga i\u0161vaizda, puikiai papildan\u010dia bet kurio modernaus miegamojo stili\u0173.<\/p>","protected":false},"excerpt":{"rendered":"<p>Plotis: 186 cm<br \/>\nIlgis: 215 cm<br \/>\nAuk\u0161tis: 115 cm<br \/>\nMiegamoji erdv\u0117: 180 \u00d7 200 cm<br \/>\nMiegojimo auk\u0161tis: 62 cm<\/p>","protected":false},"featured_media":214460,"comment_status":"open","ping_status":"closed","template":"","meta":[],"product_brand":[],"product_cat":[505,1972,514,7271],"product_tag":[],"class_list":{"0":"post-214340","1":"product","2":"type-product","3":"status-publish","4":"has-post-thumbnail","6":"product_cat-bedroom-beds","7":"product_cat-beds-180x200","8":"product_cat-continental-beds","9":"product_cat-meble-gruszka","11":"first","12":"instock","13":"shipping-taxable","14":"purchasable","15":"product-type-variable","16":"wvs-archive-product-wrapper"},"_links":{"self":[{"href":"https:\/\/baldumarket.lt\/lt\/wp-json\/wp\/v2\/product\/214340","targetHints":{"allow":["GET"]}}],"collection":[{"href":"https:\/\/baldumarket.lt\/lt\/wp-json\/wp\/v2\/product"}],"about":[{"href":"https:\/\/baldumarket.lt\/lt\/wp-json\/wp\/v2\/types\/product"}],"replies":[{"embeddable":true,"href":"https:\/\/baldumarket.lt\/lt\/wp-json\/wp\/v2\/comments?post=214340"}],"wp:featuredmedia":[{"embeddable":true,"href":"https:\/\/baldumarket.lt\/lt\/wp-json\/wp\/v2\/media\/214460"}],"wp:attachment":[{"href":"https:\/\/baldumarket.lt\/lt\/wp-json\/wp\/v2\/media?parent=214340"}],"wp:term":[{"taxonomy":"product_brand","embeddable":true,"href":"https:\/\/baldumarket.lt\/lt\/wp-json\/wp\/v2\/product_brand?post=214340"},{"taxonomy":"product_cat","embeddable":true,"href":"https:\/\/baldumarket.lt\/lt\/wp-json\/wp\/v2\/product_cat?post=214340"},{"taxonomy":"product_tag","embeddable":true,"href":"https:\/\/baldumarket.lt\/lt\/wp-json\/wp\/v2\/product_tag?post=214340"}],"curies":[{"name":"wp","href":"https:\/\/api.w.org\/{rel}","templated":true}]}}