{"id":214324,"date":"2025-12-26T19:48:27","date_gmt":"2025-12-26T16:48:27","guid":{"rendered":"https:\/\/baldumarket.lt\/?post_type=product&#038;p=214324"},"modified":"2026-02-03T23:14:58","modified_gmt":"2026-02-03T20:14:58","slug":"lozko-kontynentalne-beno-plus-200x200-tapicerowane-materace-topper-pojemnik","status":"publish","type":"product","link":"https:\/\/baldumarket.lt\/lt\/product\/lozko-kontynentalne-beno-plus-200x200-tapicerowane-materace-topper-pojemnik\/","title":{"rendered":"Beno Plus kontinentin\u0117 lova 200&#215;200, apmu\u0161ta, \u010diu\u017einiai, \u010diu\u017einys ant\u010diu\u017einiui, konteineris"},"content":{"rendered":"<p>Ie\u0161kote didel\u0117s lovos savo miegamajam, kurioje der\u0117t\u0173 patogumas, funkcionalumas ir modernus vaizdas? Garsaus gamintojo \u201eGruszka Meble\u201c \u201eBeno Plus\u201c 200 \u00d7 200 cm modelis yra puikus pasirinkimas tiems, kurie nori savo miegam\u0105j\u012f suprojektuoti stilingai ir su auk\u0161\u010diausiu komforto lygiu.<\/p>","protected":false},"excerpt":{"rendered":"<p>Plotis: 206 cm<br \/>\nIlgis: 215 cm<br \/>\nAuk\u0161tis: 115 cm<br \/>\nMiegamasis plotas: 200 \u00d7 200 cm<br \/>\nMiegojimo auk\u0161tis: 62 cm<\/p>","protected":false},"featured_media":214451,"comment_status":"open","ping_status":"closed","template":"","meta":[],"product_brand":[],"product_cat":[505,9143,514,7271],"product_tag":[],"class_list":{"0":"post-214324","1":"product","2":"type-product","3":"status-publish","4":"has-post-thumbnail","6":"product_cat-bedroom-beds","7":"product_cat-beds-200x200","8":"product_cat-continental-beds","9":"product_cat-meble-gruszka","11":"first","12":"instock","13":"shipping-taxable","14":"purchasable","15":"product-type-variable","16":"wvs-archive-product-wrapper"},"_links":{"self":[{"href":"https:\/\/baldumarket.lt\/lt\/wp-json\/wp\/v2\/product\/214324","targetHints":{"allow":["GET"]}}],"collection":[{"href":"https:\/\/baldumarket.lt\/lt\/wp-json\/wp\/v2\/product"}],"about":[{"href":"https:\/\/baldumarket.lt\/lt\/wp-json\/wp\/v2\/types\/product"}],"replies":[{"embeddable":true,"href":"https:\/\/baldumarket.lt\/lt\/wp-json\/wp\/v2\/comments?post=214324"}],"wp:featuredmedia":[{"embeddable":true,"href":"https:\/\/baldumarket.lt\/lt\/wp-json\/wp\/v2\/media\/214451"}],"wp:attachment":[{"href":"https:\/\/baldumarket.lt\/lt\/wp-json\/wp\/v2\/media?parent=214324"}],"wp:term":[{"taxonomy":"product_brand","embeddable":true,"href":"https:\/\/baldumarket.lt\/lt\/wp-json\/wp\/v2\/product_brand?post=214324"},{"taxonomy":"product_cat","embeddable":true,"href":"https:\/\/baldumarket.lt\/lt\/wp-json\/wp\/v2\/product_cat?post=214324"},{"taxonomy":"product_tag","embeddable":true,"href":"https:\/\/baldumarket.lt\/lt\/wp-json\/wp\/v2\/product_tag?post=214324"}],"curies":[{"name":"wp","href":"https:\/\/api.w.org\/{rel}","templated":true}]}}