{"id":214322,"date":"2025-12-26T19:48:25","date_gmt":"2025-12-26T16:48:25","guid":{"rendered":"https:\/\/baldumarket.lt\/?post_type=product&#038;p=214322"},"modified":"2026-02-03T23:14:59","modified_gmt":"2026-02-03T20:14:59","slug":"lozko-kontynentalne-bergamo-120x200-tapicerowane-materace-topper-pojemnik","status":"publish","type":"product","link":"https:\/\/baldumarket.lt\/lt\/product\/lozko-kontynentalne-bergamo-120x200-tapicerowane-materace-topper-pojemnik\/","title":{"rendered":"Bergamo kontinentin\u0117 lova 120\u00d7200, apmu\u0161ta, \u010diu\u017einiai, \u010diu\u017einys su u\u017etiesalu, konteineris"},"content":{"rendered":"<p>\u201eBergamo\u201c 120 \u00d7 200 cm lova derina elegancij\u0105, komfort\u0105 ir funkcionalum\u0105 kasdieniam naudojimui. Lenk\u0173 gamintojo \u201eGruszka Meble\u201c, gars\u0117jan\u010dio auk\u0161tos kokyb\u0117s meistri\u0161kumu ir stilingu dizainu, sukurta lova puikiai tinka ma\u017eesniems miegamiesiems, jaunimo kambariams ar studijos tipo apartamentams.<\/p>","protected":false},"excerpt":{"rendered":"<p>Plotis: 124 cm<br \/>\nIlgis: 203 cm<br \/>\n\u016agis: 133 cm<br \/>\nMiegamasis plotas: 120 \u00d7 200 cm<br \/>\nMiegojimo auk\u0161tis: 48 cm<\/p>","protected":false},"featured_media":214442,"comment_status":"open","ping_status":"closed","template":"","meta":[],"product_brand":[],"product_cat":[505,1969,514,7271],"product_tag":[],"class_list":{"0":"post-214322","1":"product","2":"type-product","3":"status-publish","4":"has-post-thumbnail","6":"product_cat-bedroom-beds","7":"product_cat-beds-120x200","8":"product_cat-continental-beds","9":"product_cat-meble-gruszka","11":"first","12":"instock","13":"shipping-taxable","14":"purchasable","15":"product-type-variable","16":"wvs-archive-product-wrapper"},"_links":{"self":[{"href":"https:\/\/baldumarket.lt\/lt\/wp-json\/wp\/v2\/product\/214322","targetHints":{"allow":["GET"]}}],"collection":[{"href":"https:\/\/baldumarket.lt\/lt\/wp-json\/wp\/v2\/product"}],"about":[{"href":"https:\/\/baldumarket.lt\/lt\/wp-json\/wp\/v2\/types\/product"}],"replies":[{"embeddable":true,"href":"https:\/\/baldumarket.lt\/lt\/wp-json\/wp\/v2\/comments?post=214322"}],"wp:featuredmedia":[{"embeddable":true,"href":"https:\/\/baldumarket.lt\/lt\/wp-json\/wp\/v2\/media\/214442"}],"wp:attachment":[{"href":"https:\/\/baldumarket.lt\/lt\/wp-json\/wp\/v2\/media?parent=214322"}],"wp:term":[{"taxonomy":"product_brand","embeddable":true,"href":"https:\/\/baldumarket.lt\/lt\/wp-json\/wp\/v2\/product_brand?post=214322"},{"taxonomy":"product_cat","embeddable":true,"href":"https:\/\/baldumarket.lt\/lt\/wp-json\/wp\/v2\/product_cat?post=214322"},{"taxonomy":"product_tag","embeddable":true,"href":"https:\/\/baldumarket.lt\/lt\/wp-json\/wp\/v2\/product_tag?post=214322"}],"curies":[{"name":"wp","href":"https:\/\/api.w.org\/{rel}","templated":true}]}}