{"id":21432,"date":"2025-11-14T13:18:11","date_gmt":"2025-11-14T10:18:11","guid":{"rendered":"https:\/\/baldumarket.lt\/product\/medina-czarny\/"},"modified":"2026-03-24T18:26:10","modified_gmt":"2026-03-24T15:26:10","slug":"medina-czarny","status":"publish","type":"product","link":"https:\/\/baldumarket.lt\/lt\/product\/medina-czarny\/","title":{"rendered":"Medina juoda"},"content":{"rendered":"<p>Dekoratyvinis \u201eMedina\u201c veidrodis puikiai tinka vonios kambariui, miegamajam, prie\u0161kambariui, svetainei, sve\u010di\u0173 kambariui ir kt. Sukurtas papildyti bet koki\u0105 nam\u0173 ar biuro erdv\u0119, jo dekoratyviniai akcentai papildo funkcional\u0173, ta\u010diau minimalistin\u012f ir modern\u0173 dizain\u0105 su tvirtu mediniu r\u0117mu, pasi\u017eymin\u010diu \u012fsp\u016bdinga apdaila. Viso \u016bgio dizainas ir matmenys: 60 x 160 centimetr\u0173 (24 x 63 coli\u0173) suteikia kelias perspektyvas ir leid\u017eia \u017ei\u016br\u0117ti i\u0161 viso k\u016bno. Kita \u012fdomi savyb\u0117 \u2013 galimyb\u0117 veidrod\u012f kabinti tiek vertikaliai, tiek horizontaliai. Subtilus dekoratyvinio veidrod\u017eio r\u0117mas yra siauras, tod\u0117l ma\u017eesn\u0117je erdv\u0117je yra daugiau veidrod\u017eio erdv\u0117s. Galima rinktis i\u0161 dviej\u0173 r\u0117mo spalv\u0173: baltos ir juodos. Montavim\u0105 dar labiau supaprastina pridedami sieniniai kabliukai. \u201eMedina\u201c veidrodis yra eleganti\u0161kas, modernus ir \u0161iuolaiki\u0161kas sieninis baldas.<\/p>","protected":false},"excerpt":{"rendered":"<p>Dekoratyvinis \u201eMedina\u201c veidrodis puikiai tinka vonios kambariui, miegamajam, prie\u0161kambariui, svetainei, sve\u010di\u0173 kambariui ir kt. Sukurtas papildyti bet koki\u0105 nam\u0173 ar biuro erdv\u0119, jo dekoratyviniai akcentai papildo funkcional\u0173, ta\u010diau minimalistin\u012f ir modern\u0173 dizain\u0105 su tvirtu mediniu r\u0117mu ir \u012fsp\u016bdinga apdaila. Jo viso ilgio dizainas ir matmenys: 60 [\u2026]<\/p>","protected":false},"featured_media":21433,"comment_status":"open","ping_status":"open","template":"","meta":[],"product_brand":[],"product_cat":[2012,9165,1108],"product_tag":[],"class_list":{"0":"post-21432","1":"product","2":"type-product","3":"status-publish","4":"has-post-thumbnail","6":"product_cat-eltap","7":"product_cat-lustra-eltap","8":"product_cat-mirrors","9":"pa_frame-material-undefined","10":"pa_frame-material-type-undefined","11":"pa_leg-color-undefined","12":"pa_leg-material-undefined","13":"pa_linen-box-undefined","14":"pa_main-color-black","15":"pa_price-group-basic","16":"pa_seat-depth-undefined","17":"pa_seat-width-undefined","18":"pa_sleep-function-undefined","19":"pa_sleeping-area-length-undefined","20":"pa_sleeping-area-width-undefined","21":"pa_style-undefined","22":"pa_textile-lustro","23":"pa_upholstery-material-undefined","25":"first","26":"instock","27":"purchasable","28":"product-type-simple"},"_links":{"self":[{"href":"https:\/\/baldumarket.lt\/lt\/wp-json\/wp\/v2\/product\/21432","targetHints":{"allow":["GET"]}}],"collection":[{"href":"https:\/\/baldumarket.lt\/lt\/wp-json\/wp\/v2\/product"}],"about":[{"href":"https:\/\/baldumarket.lt\/lt\/wp-json\/wp\/v2\/types\/product"}],"replies":[{"embeddable":true,"href":"https:\/\/baldumarket.lt\/lt\/wp-json\/wp\/v2\/comments?post=21432"}],"wp:featuredmedia":[{"embeddable":true,"href":"https:\/\/baldumarket.lt\/lt\/wp-json\/wp\/v2\/media\/21433"}],"wp:attachment":[{"href":"https:\/\/baldumarket.lt\/lt\/wp-json\/wp\/v2\/media?parent=21432"}],"wp:term":[{"taxonomy":"product_brand","embeddable":true,"href":"https:\/\/baldumarket.lt\/lt\/wp-json\/wp\/v2\/product_brand?post=21432"},{"taxonomy":"product_cat","embeddable":true,"href":"https:\/\/baldumarket.lt\/lt\/wp-json\/wp\/v2\/product_cat?post=21432"},{"taxonomy":"product_tag","embeddable":true,"href":"https:\/\/baldumarket.lt\/lt\/wp-json\/wp\/v2\/product_tag?post=21432"}],"curies":[{"name":"wp","href":"https:\/\/api.w.org\/{rel}","templated":true}]}}