{"id":214305,"date":"2025-12-26T19:47:43","date_gmt":"2025-12-26T16:47:43","guid":{"rendered":"https:\/\/baldumarket.lt\/?post_type=product&#038;p=214305"},"modified":"2026-02-03T23:14:59","modified_gmt":"2026-02-03T20:14:59","slug":"lozko-kontynentalne-bergamo-160x200-tapicerowane-materace-topper-pojemnik","status":"publish","type":"product","link":"https:\/\/baldumarket.lt\/lt\/product\/lozko-kontynentalne-bergamo-160x200-tapicerowane-materace-topper-pojemnik\/","title":{"rendered":"Kontinentin\u0117 lova Bergamo 160\u00d7200, apmu\u0161ta, \u010diu\u017einiai, \u010diu\u017einys ant\u010diu\u017einys, konteineris"},"content":{"rendered":"<p>\u201eBergamo\u201c 160 \u00d7 200 cm mink\u0161ta lova \u2013 puikus pasirinkimas ie\u0161kantiems eleganti\u0161ko ir prakti\u0161ko miegamojo sprendimo. Lenk\u0173 gamintojo \u201eGruszka Meble\u201c lova derina tvirt\u0105 meistri\u0161kum\u0105, modern\u0173 dizain\u0105 ir auk\u0161tos kokyb\u0117s miego komfort\u0105.<\/p>","protected":false},"excerpt":{"rendered":"<p>Plotis: 164 cm<br \/>\nIlgis: 203 cm<br \/>\n\u016agis: 133 cm<br \/>\nMiegamoji erdv\u0117: 160 \u00d7 200 cm<br \/>\nMiegojimo auk\u0161tis: 48 cm<\/p>","protected":false},"featured_media":214422,"comment_status":"open","ping_status":"closed","template":"","meta":[],"product_brand":[],"product_cat":[505,1971,514,7271],"product_tag":[],"class_list":{"0":"post-214305","1":"product","2":"type-product","3":"status-publish","4":"has-post-thumbnail","6":"product_cat-bedroom-beds","7":"product_cat-beds-160x200","8":"product_cat-continental-beds","9":"product_cat-meble-gruszka","11":"first","12":"instock","13":"shipping-taxable","14":"purchasable","15":"product-type-variable","16":"wvs-archive-product-wrapper"},"_links":{"self":[{"href":"https:\/\/baldumarket.lt\/lt\/wp-json\/wp\/v2\/product\/214305","targetHints":{"allow":["GET"]}}],"collection":[{"href":"https:\/\/baldumarket.lt\/lt\/wp-json\/wp\/v2\/product"}],"about":[{"href":"https:\/\/baldumarket.lt\/lt\/wp-json\/wp\/v2\/types\/product"}],"replies":[{"embeddable":true,"href":"https:\/\/baldumarket.lt\/lt\/wp-json\/wp\/v2\/comments?post=214305"}],"wp:featuredmedia":[{"embeddable":true,"href":"https:\/\/baldumarket.lt\/lt\/wp-json\/wp\/v2\/media\/214422"}],"wp:attachment":[{"href":"https:\/\/baldumarket.lt\/lt\/wp-json\/wp\/v2\/media?parent=214305"}],"wp:term":[{"taxonomy":"product_brand","embeddable":true,"href":"https:\/\/baldumarket.lt\/lt\/wp-json\/wp\/v2\/product_brand?post=214305"},{"taxonomy":"product_cat","embeddable":true,"href":"https:\/\/baldumarket.lt\/lt\/wp-json\/wp\/v2\/product_cat?post=214305"},{"taxonomy":"product_tag","embeddable":true,"href":"https:\/\/baldumarket.lt\/lt\/wp-json\/wp\/v2\/product_tag?post=214305"}],"curies":[{"name":"wp","href":"https:\/\/api.w.org\/{rel}","templated":true}]}}