{"id":214194,"date":"2025-12-26T19:43:25","date_gmt":"2025-12-26T16:43:25","guid":{"rendered":"https:\/\/baldumarket.lt\/?post_type=product&#038;p=214194"},"modified":"2026-02-03T23:15:02","modified_gmt":"2026-02-03T20:15:02","slug":"lozko-kontynentalne-berlin-200x200-tapicerowane-materace-topper-pojemnik","status":"publish","type":"product","link":"https:\/\/baldumarket.lt\/lt\/product\/lozko-kontynentalne-berlin-200x200-tapicerowane-materace-topper-pojemnik\/","title":{"rendered":"Berlyno kontinentin\u0117 lova 200\u00d7200, apmu\u0161ta, \u010diu\u017einiai, \u010diu\u017einys su u\u017etiesalu, konteineris"},"content":{"rendered":"<p>\u201eBerlin 200\u00d7200\u201c spyruoklin\u0117 lova \u2013 puikus pasirinkimas tiems, kurie ie\u0161ko maksimalaus komforto ir eleganti\u0161kos i\u0161vaizdos savo miegamajame. \u0160is modelis, pagamintas garsaus lenk\u0173 prek\u0117s \u017eenklo \u201eGruszka Meble\u201c, apjungia modern\u0173 dizain\u0105, funkcionalum\u0105 ir auk\u0161\u010diausi\u0105 gamybos kokyb\u0119.<\/p>","protected":false},"excerpt":{"rendered":"<p>Plotis: 204 cm<br \/>\nIlgis: 214 cm<br \/>\nAuk\u0161tis: 103 cm<br \/>\nMiegamasis plotas: 200 \u00d7 200 cm<br \/>\nMiegojimo auk\u0161tis: 51 cm<\/p>","protected":false},"featured_media":214314,"comment_status":"open","ping_status":"closed","template":"","meta":[],"product_brand":[],"product_cat":[505,9143,514,7271],"product_tag":[],"class_list":{"0":"post-214194","1":"product","2":"type-product","3":"status-publish","4":"has-post-thumbnail","6":"product_cat-bedroom-beds","7":"product_cat-beds-200x200","8":"product_cat-continental-beds","9":"product_cat-meble-gruszka","11":"first","12":"instock","13":"shipping-taxable","14":"purchasable","15":"product-type-variable","16":"wvs-archive-product-wrapper"},"_links":{"self":[{"href":"https:\/\/baldumarket.lt\/lt\/wp-json\/wp\/v2\/product\/214194","targetHints":{"allow":["GET"]}}],"collection":[{"href":"https:\/\/baldumarket.lt\/lt\/wp-json\/wp\/v2\/product"}],"about":[{"href":"https:\/\/baldumarket.lt\/lt\/wp-json\/wp\/v2\/types\/product"}],"replies":[{"embeddable":true,"href":"https:\/\/baldumarket.lt\/lt\/wp-json\/wp\/v2\/comments?post=214194"}],"wp:featuredmedia":[{"embeddable":true,"href":"https:\/\/baldumarket.lt\/lt\/wp-json\/wp\/v2\/media\/214314"}],"wp:attachment":[{"href":"https:\/\/baldumarket.lt\/lt\/wp-json\/wp\/v2\/media?parent=214194"}],"wp:term":[{"taxonomy":"product_brand","embeddable":true,"href":"https:\/\/baldumarket.lt\/lt\/wp-json\/wp\/v2\/product_brand?post=214194"},{"taxonomy":"product_cat","embeddable":true,"href":"https:\/\/baldumarket.lt\/lt\/wp-json\/wp\/v2\/product_cat?post=214194"},{"taxonomy":"product_tag","embeddable":true,"href":"https:\/\/baldumarket.lt\/lt\/wp-json\/wp\/v2\/product_tag?post=214194"}],"curies":[{"name":"wp","href":"https:\/\/api.w.org\/{rel}","templated":true}]}}