{"id":214192,"date":"2025-12-26T19:43:20","date_gmt":"2025-12-26T16:43:20","guid":{"rendered":"https:\/\/baldumarket.lt\/?post_type=product&#038;p=214192"},"modified":"2026-02-03T23:15:02","modified_gmt":"2026-02-03T20:15:02","slug":"lozko-kontynentalne-bono-120x200-tapicerowane-materac-topper-pojemnik","status":"publish","type":"product","link":"https:\/\/baldumarket.lt\/lt\/product\/lozko-kontynentalne-bono-120x200-tapicerowane-materac-topper-pojemnik\/","title":{"rendered":"Bono kontinentin\u0117 lova 120\u00d7200, apmu\u0161ta, \u010diu\u017einys, \u010diu\u017einuko u\u017etiesalas, konteineris"},"content":{"rendered":"<p>D\u0117l kompakti\u0161ko dyd\u017eio \u201eBono 120\u00d7200 cm\u201c kontinentin\u0117 lova idealiai tinka jaunimo kambariams ir ma\u017eesniems miegamiesiems. Ji pasi\u017eymi vidutini\u0161kai moderniu dizainu, kur\u012f pabr\u0117\u017eia dygsniuotas, mink\u0161tas galv\u016bgalis. Pagrindinis \u010diu\u017einys yra septyni\u0173 zon\u0173 ki\u0161enini\u0173 spyruokli\u0173 \u010diu\u017einys, aptrauktas mink\u0161tu put\u0173 \u010diu\u017einiu. Apatin\u0117je dalyje yra du patalyn\u0117s skyriai, kurie atsidaro i\u0161 abiej\u0173 lovos pusi\u0173. Prieiga prie skyri\u0173 yra palengvinama spyruokliniais mechanizmais, tod\u0117l juos atidaryti lengva. Komplektas pagamintas i\u0161 plataus audinio pavyzd\u017eio, esan\u010dio \u201eProduct Creator\u201c rinkinyje. Baldams reikia minimalaus surinkimo.<\/p>","protected":false},"excerpt":{"rendered":"<p>Plotis: 120 cm<br \/>\nIlgis: 213 cm<br \/>\nAuk\u0161tis: 120 cm<br \/>\nMiegamasis plotas: 120 \u00d7 200 cm<br \/>\nMiegamosios dalies auk\u0161tis: 64 cm<\/p>","protected":false},"featured_media":214308,"comment_status":"open","ping_status":"closed","template":"","meta":[],"product_brand":[],"product_cat":[505,1969,514,7271],"product_tag":[],"class_list":{"0":"post-214192","1":"product","2":"type-product","3":"status-publish","4":"has-post-thumbnail","6":"product_cat-bedroom-beds","7":"product_cat-beds-120x200","8":"product_cat-continental-beds","9":"product_cat-meble-gruszka","11":"first","12":"instock","13":"shipping-taxable","14":"purchasable","15":"product-type-variable","16":"wvs-archive-product-wrapper"},"_links":{"self":[{"href":"https:\/\/baldumarket.lt\/lt\/wp-json\/wp\/v2\/product\/214192","targetHints":{"allow":["GET"]}}],"collection":[{"href":"https:\/\/baldumarket.lt\/lt\/wp-json\/wp\/v2\/product"}],"about":[{"href":"https:\/\/baldumarket.lt\/lt\/wp-json\/wp\/v2\/types\/product"}],"replies":[{"embeddable":true,"href":"https:\/\/baldumarket.lt\/lt\/wp-json\/wp\/v2\/comments?post=214192"}],"wp:featuredmedia":[{"embeddable":true,"href":"https:\/\/baldumarket.lt\/lt\/wp-json\/wp\/v2\/media\/214308"}],"wp:attachment":[{"href":"https:\/\/baldumarket.lt\/lt\/wp-json\/wp\/v2\/media?parent=214192"}],"wp:term":[{"taxonomy":"product_brand","embeddable":true,"href":"https:\/\/baldumarket.lt\/lt\/wp-json\/wp\/v2\/product_brand?post=214192"},{"taxonomy":"product_cat","embeddable":true,"href":"https:\/\/baldumarket.lt\/lt\/wp-json\/wp\/v2\/product_cat?post=214192"},{"taxonomy":"product_tag","embeddable":true,"href":"https:\/\/baldumarket.lt\/lt\/wp-json\/wp\/v2\/product_tag?post=214192"}],"curies":[{"name":"wp","href":"https:\/\/api.w.org\/{rel}","templated":true}]}}