{"id":214176,"date":"2025-12-26T19:42:46","date_gmt":"2025-12-26T16:42:46","guid":{"rendered":"https:\/\/baldumarket.lt\/?post_type=product&#038;p=214176"},"modified":"2026-02-03T23:15:02","modified_gmt":"2026-02-03T20:15:02","slug":"lozko-kontynentalne-bono-140x200-tapicerowane-materac-topper-pojemnik","status":"publish","type":"product","link":"https:\/\/baldumarket.lt\/lt\/product\/lozko-kontynentalne-bono-140x200-tapicerowane-materac-topper-pojemnik\/","title":{"rendered":"Bono kontinentin\u0117 lova 140\u00d7200, apmu\u0161ta, \u010diu\u017einys, \u010diu\u017einuko u\u017etiesalas, konteineris"},"content":{"rendered":"<p>Modernus ir minimalistinis dizainas \u2013 b\u016btent toks yra \u201eBono\u201c lova, kurios miegamojo plotas yra 140 \u00d7 200 cm. \u0160is baldas puikiai tinka ma\u017eiems, \u0161iuolaiki\u0161kiems miegamiesiems ir jaunimo kambariams. Subtiliai dygsniuotas, mink\u0161tas galv\u016bgalis pary\u0161kina baldo charakter\u012f ir stili\u0173. Lovoje yra du patalyn\u0117s skyriai, kurie atsidaro i\u0161 abiej\u0173 pusi\u0173 ir yra lengvai pasiekiami automatini\u0173 spyruokli\u0173 mechanizm\u0173 d\u0117ka. \u0160iuose skyriuose taip pat telpa papildomi daiktai, anks\u010diau laikyti spintoje. Ant vir\u0161aus u\u017ed\u0117tas septyni\u0173 zon\u0173 ki\u0161enini\u0173 spyruokli\u0173 \u010diu\u017einys. Ant miegamojo pavir\u0161iaus esantis 5 cm storio putplas\u010dio u\u017etiesalas u\u017ebaigia i\u0161vaizd\u0105. Komplektas pagamintas i\u0161 plataus audinio pavyzd\u017eio, \u012ftraukto \u012f \u201eProduct Creator\u201c rinkin\u012f. Bald\u0105 reikia minimaliai surinkti.<\/p>","protected":false},"excerpt":{"rendered":"<p>Plotis: 140 cm<br \/>\nIlgis: 213 cm<br \/>\nAuk\u0161tis: 120 cm<br \/>\nMiegamasis plotas: 140 \u00d7 200 cm<br \/>\nMiegamosios dalies auk\u0161tis: 64 cm<\/p>","protected":false},"featured_media":214298,"comment_status":"open","ping_status":"closed","template":"","meta":[],"product_brand":[],"product_cat":[505,1970,514,7271],"product_tag":[],"class_list":{"0":"post-214176","1":"product","2":"type-product","3":"status-publish","4":"has-post-thumbnail","6":"product_cat-bedroom-beds","7":"product_cat-beds-140x200","8":"product_cat-continental-beds","9":"product_cat-meble-gruszka","11":"first","12":"instock","13":"shipping-taxable","14":"purchasable","15":"product-type-variable","16":"wvs-archive-product-wrapper"},"_links":{"self":[{"href":"https:\/\/baldumarket.lt\/lt\/wp-json\/wp\/v2\/product\/214176","targetHints":{"allow":["GET"]}}],"collection":[{"href":"https:\/\/baldumarket.lt\/lt\/wp-json\/wp\/v2\/product"}],"about":[{"href":"https:\/\/baldumarket.lt\/lt\/wp-json\/wp\/v2\/types\/product"}],"replies":[{"embeddable":true,"href":"https:\/\/baldumarket.lt\/lt\/wp-json\/wp\/v2\/comments?post=214176"}],"wp:featuredmedia":[{"embeddable":true,"href":"https:\/\/baldumarket.lt\/lt\/wp-json\/wp\/v2\/media\/214298"}],"wp:attachment":[{"href":"https:\/\/baldumarket.lt\/lt\/wp-json\/wp\/v2\/media?parent=214176"}],"wp:term":[{"taxonomy":"product_brand","embeddable":true,"href":"https:\/\/baldumarket.lt\/lt\/wp-json\/wp\/v2\/product_brand?post=214176"},{"taxonomy":"product_cat","embeddable":true,"href":"https:\/\/baldumarket.lt\/lt\/wp-json\/wp\/v2\/product_cat?post=214176"},{"taxonomy":"product_tag","embeddable":true,"href":"https:\/\/baldumarket.lt\/lt\/wp-json\/wp\/v2\/product_tag?post=214176"}],"curies":[{"name":"wp","href":"https:\/\/api.w.org\/{rel}","templated":true}]}}