{"id":214167,"date":"2025-12-26T19:42:20","date_gmt":"2025-12-26T16:42:20","guid":{"rendered":"https:\/\/baldumarket.lt\/?post_type=product&#038;p=214167"},"modified":"2026-02-03T23:15:03","modified_gmt":"2026-02-03T20:15:03","slug":"lozko-kontynentalne-bono-160x200-tapicerowane-materac-topper-pojemnik","status":"publish","type":"product","link":"https:\/\/baldumarket.lt\/lt\/product\/lozko-kontynentalne-bono-160x200-tapicerowane-materac-topper-pojemnik\/","title":{"rendered":"Bono kontinentin\u0117 lova 160\u00d7200, apmu\u0161ta, \u010diu\u017einys, \u010diu\u017einuko u\u017etiesalas, konteineris"},"content":{"rendered":"<p>\u201eBono\u201c 160 \u00d7 200 cm mink\u0161ta kontinentin\u0117 lova su paprastu, eleganti\u0161ku galv\u016bgalio si\u016blu \u017eavi minimalistiniu dizainu. Pagaminta i\u0161 auk\u0161tos kokyb\u0117s med\u017eiag\u0173, ji garantuoja ilgamet\u012f naudojim\u0105 be r\u016bpes\u010di\u0173. Jei ie\u0161kote bald\u0173, kurie neprimeta savo stiliaus j\u016bs\u0173 miegamajam, o subtiliai j\u012f papildo, turime jums puik\u0173 pasirinkim\u0105! \u201eNappa\u201c lovoje apa\u010dioje yra patalyn\u0117s laikymo skyriai, lengvai pasiekiami d\u0117ka spyruoklini\u0173 mechanizm\u0173, kurie padeda atidaryti. Pagrindinis \u010diu\u017einys yra ki\u0161enini\u0173 spyruokli\u0173 \u010diu\u017einys, kurio kietumas yra vidutinis H3. Ant lovos vir\u0161aus dedamas \u010diu\u017einio u\u017etiesalas ir putplas\u010dio u\u017etiesalas. Baldus galima u\u017esisakyti naudojant plat\u0173 audini\u0173 pavyzd\u012f, kur\u012f galite rasti \u201eProduct Creator\u201c svetain\u0117je.<\/p>","protected":false},"excerpt":{"rendered":"<p>Plotis: 160 cm<br \/>\nIlgis: 213 cm<br \/>\nAuk\u0161tis: 120 cm<br \/>\nMiegamoji erdv\u0117: 160 \u00d7 200 cm<br \/>\nMiegamosios dalies auk\u0161tis: 64 cm<\/p>","protected":false},"featured_media":214292,"comment_status":"open","ping_status":"closed","template":"","meta":[],"product_brand":[],"product_cat":[505,1971,514,7271],"product_tag":[],"class_list":{"0":"post-214167","1":"product","2":"type-product","3":"status-publish","4":"has-post-thumbnail","6":"product_cat-bedroom-beds","7":"product_cat-beds-160x200","8":"product_cat-continental-beds","9":"product_cat-meble-gruszka","11":"first","12":"instock","13":"shipping-taxable","14":"purchasable","15":"product-type-variable","16":"wvs-archive-product-wrapper"},"_links":{"self":[{"href":"https:\/\/baldumarket.lt\/lt\/wp-json\/wp\/v2\/product\/214167","targetHints":{"allow":["GET"]}}],"collection":[{"href":"https:\/\/baldumarket.lt\/lt\/wp-json\/wp\/v2\/product"}],"about":[{"href":"https:\/\/baldumarket.lt\/lt\/wp-json\/wp\/v2\/types\/product"}],"replies":[{"embeddable":true,"href":"https:\/\/baldumarket.lt\/lt\/wp-json\/wp\/v2\/comments?post=214167"}],"wp:featuredmedia":[{"embeddable":true,"href":"https:\/\/baldumarket.lt\/lt\/wp-json\/wp\/v2\/media\/214292"}],"wp:attachment":[{"href":"https:\/\/baldumarket.lt\/lt\/wp-json\/wp\/v2\/media?parent=214167"}],"wp:term":[{"taxonomy":"product_brand","embeddable":true,"href":"https:\/\/baldumarket.lt\/lt\/wp-json\/wp\/v2\/product_brand?post=214167"},{"taxonomy":"product_cat","embeddable":true,"href":"https:\/\/baldumarket.lt\/lt\/wp-json\/wp\/v2\/product_cat?post=214167"},{"taxonomy":"product_tag","embeddable":true,"href":"https:\/\/baldumarket.lt\/lt\/wp-json\/wp\/v2\/product_tag?post=214167"}],"curies":[{"name":"wp","href":"https:\/\/api.w.org\/{rel}","templated":true}]}}